{"id":27414,"date":"2026-02-07T17:36:22","date_gmt":"2026-02-07T16:36:22","guid":{"rendered":"https:\/\/whitepowder.se\/?post_type=product&#038;p=27414"},"modified":"2026-02-23T13:48:51","modified_gmt":"2026-02-23T12:48:51","slug":"polaris-2207894-k-exhaust-valve-asm-850","status":"publish","type":"product","link":"https:\/\/whitepowder.se\/en\/polaris-2207894-k-exhaust-valve-asm-850\/","title":{"rendered":"Polaris 2207894 &#8211; K-EXHAUST VALVE ASM 850"},"content":{"rendered":"<p>Polaris 2207894 &#8211; K-EXHAUST VALVE ASM 850<\/p>\n<p>Assy avgasventil<br \/>\nk-exhaust valve asm 850 [incl. 1-4-6-11]<\/p>\n<p>OBS Partnumbret \u00e4r ett Assembely nummer och anv\u00e4nds fr\u00e4mst som s\u00f6kv\u00e4g och f\u00f6r Fitment, Kolla p\u00e5 bilderna f\u00f6r att se vad som ing\u00e5r.<\/p>\n<p>* Ok skick inga synliga skador, beh\u00f6vs reng\u00f6ras innan installation,.<\/p>","protected":false},"excerpt":{"rendered":"<p>Polaris 2207894 Sitter Original p\u00e5 :<\/p>\n<p>POLARIS 2019 850 AXYS PRO RMK 163 INTL SC SELECT S19EGK8R EGM8R ENGINE EXHAUST VALVE ASM S19EGK8R EGM8R ALL OPTIONS 600778 3<br \/>\npolaris 850 axys pro rmk 163 intl sc select s19egk8r egm8r -2019<br \/>\nPOLARIS 2019 850 AXYS PRO RMK INTL 174 3 SC SELECT S19EHM8R ENGINE EXHAUST VALVE ASM S19EHM8R ALL OPTIONS 600778 3<br \/>\npolaris 850 axys pro rmk intl 174 3 sc select s19ehm8r -2019<br \/>\nPOLARIS 2019 850 AXYS SKS 155 SC SELECT INTL R02 S19EFS8R ENGINE EXHAUST VALVE ASM S19EFS8R ALL OPTIONS 600778 3<br \/>\npolaris 850 axys sks 155 sc select intl r02 s19efs8r -2019<br \/>\nPOLARIS 2019 850 INDY SC 129 SC SELECT ALL OPTIONS S19EKP8RS REM ENGINE EXHAUST VALVE ASM S19EKP8RS REM ALL OPTIONS 600778 3<br \/>\npolaris 850 indy sc 129 sc select all options s19ekp8rs rem -2019<br \/>\nPOLARIS 2019 850 PRO RMK 155 INTL SC SELECT S19EFK8R EFM8R ENGINE EXHAUST VALVE ASM S19EFK8R EFM8R ALL OPTIONS 600778 3<br \/>\npolaris 850 pro rmk 155 intl sc select s19efk8r efm8r -2019<br \/>\nPOLARIS 2019 850 RUSH PRO S SC SELECT R02 S19DCH8RS ENGINE EXHAUST VALVE ASM S19DCH8RS ALL OPTIONS 600778 3<br \/>\npolaris 850 rush pro s sc select r02 s19dch8rs -2019<br \/>\nPOLARIS 2019 850 RUSH XCR SC SELECT ALL OPTIONS R02 S19DCL8RS 8REM ENGINE EXHAUST VALVE ASM S19DCL8RS 8REM ALL OPTIONS 600778 3<br \/>\npolaris 850 rush xcr sc select all options r02 s19dcl8rs 8rem -2019<br \/>\nPOLARIS 2019 850 SKS 146 ALL OPTIONS S19ELS8R ENGINE EXHAUST VALVE ASM S19ELS8R ALL OPTIONS 600778 3<br \/>\npolaris 850 sks 146 all options s19els8r -2019<br \/>\nPOLARIS 2019 850 SWITCHBACK ASSAULT SC SELECT R02 S19EEC8RS REM ENGINE EXHAUST VALVE ASM S19EEC8RS REM ALL OPTIONS 600778 3<br \/>\npolaris 850 switchback assault sc select r02 s19eec8rs rem -2019<br \/>\nPOLARIS 2019 850 SWITCHBACK PRO S SC SELECT ALL OPTIONS R02 S19DDH8RS ENGINE EXHAUST VALVE ASM S19DDH8RS ALL OPTIONS 600778 3<br \/>\npolaris 850 switchback pro s sc select all options r02 s19ddh8rs -2019<br \/>\nPOLARIS 2019 850 SWITCHBACK XCR INTL SC SELECT ALL OPTIONS R02 S19DDL8RS REM ENGINE EXHAUST VALVE ASM S19DDL8RS REM ALL OPTIONS 600778 3<br \/>\npolaris 850 switchback xcr intl sc select all options r02 s19ddl8rs rem -2019<br \/>\nPOLARIS 2020 AXYS PRO RMK 850 155 155 3 INTL R01 S20EFK8RS EFK8RE EFM8RS EFM8RE ENGINE EXHAUST VALVE ASM S20EFK8RS EFK8RE EFM8RS EFM8RE ALL OPTIONS 600778 3<br \/>\npolaris axys pro rmk 850 155 155 3 intl r01 s20efk8rs efk8re efm8rs efm8re -2020<br \/>\nPOLARIS 2020 AXYS PRO RMK 850 163 163 3 INTL SC SELECT R01 S20EGK8RS EGM8RS EGM8RE ENGINE EXHAUST VALVE ASM S20EGK8RS EGM8RS EGM8RE ALL OPTIONS 600778 3<br \/>\npolaris axys pro rmk 850 163 163 3 intl sc select r01 s20egk8rs egm8rs egm8re -2020<br \/>\nPOLARIS 2020 AXYS PRO RMK 850 174 3 SC SELECT R01 S20EHM8RS ENGINE EXHAUST VALVE ASM S20EHM8RS ALL OPTIONS 600778 3<br \/>\npolaris axys pro rmk 850 174 3 sc select r01 s20ehm8rs -2020<br \/>\nPOLARIS 2020 AXYS SKS 850 155 INTL SC SELECT R01 S20EFS8RS 8RE ENGINE EXHAUST VALVE ASM S20EFS8RS 8RE ALL OPTIONS 600778 3<br \/>\npolaris axys sks 850 155 intl sc select r01 s20efs8rs 8re -2020<br \/>\nPOLARIS 2020 INDY 850 129 XCR SC SELECT R02 S20EKL8RS ENGINE EXHAUST VALVE ASM S20EKL8RS ALL OPTIONS 600778 3<br \/>\npolaris indy 850 129 xcr sc select r02 s20ekl8rs -2020<br \/>\nPOLARIS 2020 INDY ADVENTURE 850 137 INTL SC SELECT ALL OPTIONS R01 S20EDE8RS 8REM ENGINE EXHAUST VALVE ASM S20EDE8RS 8REM ALL OPTIONS 600778 3<br \/>\npolaris indy adventure 850 137 intl sc select all options r01 s20ede8rs 8rem -2020<br \/>\nPOLARIS 2020 INDY XC 850 129 SC SELECT INTL S20EKP8RS 8RE ENGINE EXHAUST VALVE ASM S20EKP8RS 8RE ALL OPTIONS 600778 3<br \/>\npolaris indy xc 850 129 sc select intl s20ekp8rs 8re -2020<br \/>\nPOLARIS 2020 INDY XC 850 137 SC SELECT INTL R01 S20EDP8RS 8REM ENGINE EXHAUST VALVE ASM S20EDP8RS 8REM ALL OPTIONS 600778 3<br \/>\npolaris indy xc 850 137 sc select intl r01 s20edp8rs 8rem -2020<br \/>\nPOLARIS 2020 RMK KHAOS 850 155 155 3 INTL SC SELECT R02 S20EFT8R EFN8R ENGINE EXHAUST VALVE ASM S20EFT8R EFN8R ALL OPTIONS 600778 3<br \/>\npolaris rmk khaos 850 155 155 3 intl sc select r02 s20eft8r efn8r -2020<br \/>\nPOLARIS 2020 RUSH PRO S SC SELECT 850 R01 S20DCH8RS ENGINE EXHAUST VALVE ASM S20DCH8RS ALL OPTIONS 600778 3<br \/>\npolaris rush pro s sc select 850 r01 s20dch8rs -2020<br \/>\nPOLARIS 2020 SKS 850 146 INTL SC SELECT ALL OPTIONS R01 S20ELS8RS 8RE ENGINE EXHAUST VALVE ASM S20ELS8RS 8RE ALL OPTIONS 600778 3<br \/>\npolaris sks 850 146 intl sc select all options r01 s20els8rs 8re -2020<br \/>\nPOLARIS 2020 SWITCHBACK ASSAULT 850 144 INTL SC SELECT R01 S20EEC8RS 8RE ENGINE EXHAUST VALVE ASM S20EEC8RS 8RE ALL OPTIONS 600778 3<br \/>\npolaris switchback assault 850 144 intl sc select r01 s20eec8rs 8re -2020<br \/>\nPOLARIS 2020 SWITCHBACK PRO S SC SELECT 850 ALL OPTIONS R01 S20DDH8RS ENGINE EXHAUST VALVE ASM S20DDH8RS ALL OPTIONS 600778 3<br \/>\npolaris switchback pro s sc select 850 all options r01 s20ddh8rs -2020<br \/>\nPOLARIS 2020 SWITCHBACK XCR INTL SC SELECT 850 ALL OPTIONS R01 S20DDL8RS 8REM ENGINE EXHAUST VALVE ASM S20DDL8RS 8REM ALL OPTIONS 600778 3<br \/>\npolaris switchback xcr intl sc select 850 all options r01 s20ddl8rs 8rem -2020<br \/>\nPOLARIS 2021 850 AXYS INDY XC 129 ALL OPTIONS R01 S21EKP8RS ENGINE EXHAUST VALVE ASM S21EKP8RS ALL OPTIONS 600778 3<br \/>\npolaris 850 axys indy xc 129 all options r01 s21ekp8rs -2021<br \/>\nPOLARIS 2021 850 AXYS INDY XC 137 ALL OPTIONS R01 S21EDP8RS ENGINE EXHAUST VALVE ASM S21EDP8RS ALL OPTIONS 600778 3<br \/>\npolaris 850 axys indy xc 137 all options r01 s21edp8rs -2021<br \/>\nPOLARIS 2021 850 AXYS PRO RMK 155 155 3 INTL R01 S21EFK8R EFM8R ENGINE EXHAUST VALVE ASM S21ELS8RS 8RE ALL OPTIONS 600778 3<br \/>\npolaris 850 axys pro rmk 155 155 3 intl r01 s21efk8r efm8r -2021<br \/>\nPOLARIS 2021 850 AXYS PRO RMK 163 165 INTL ALL OPTIONS R01 S21EGK8R EGM8R ENGINE EXHAUST VALVE ASM S21ELS8RS 8RE ALL OPTIONS 600778 3<br \/>\npolaris 850 axys pro rmk 163 165 intl all options r01 s21egk8r egm8r -2021<br \/>\nPOLARIS 2021 850 AXYS SWITCHBACK ASSAULT 144 ALL OPTIONS R01 S21EEC8RS ENGINE EXHAUST VALVE ASM S21ELS8RS 8RE ALL OPTIONS 600778 3<br \/>\npolaris 850 axys switchback assault 144 all options r01 s21eec8rs -2021<br \/>\nPOLARIS 2021 850 INDY ADVENTURE 137 ALL OPTIONS R02 S21EDE8RS ENGINE EXHAUST VALVE ASM S21EDE8RS ALL OPTIONS 600778 3<br \/>\npolaris 850 indy adventure 137 all options r02 s21ede8rs -2021<br \/>\nPOLARIS 2021 850 INDY XCR 129 R01 S21EKL8RS ENGINE EXHAUST VALVE ASM S21EKL8RS ALL OPTIONS 600778 3<br \/>\npolaris 850 indy xcr 129 r01 s21ekl8rs -2021<br \/>\nPOLARIS 2021 850 RMK KHAOS 155 INTL R01 S21EFT8R EFN8R ENGINE EXHAUST VALVE ASM S21ELS8RS 8RE ALL OPTIONS 600778 3<br \/>\npolaris 850 rmk khaos 155 intl r01 s21eft8r efn8r -2021<br \/>\nPOLARIS 2021 850 SKS 146 INTL ALL OPTIONS R01 S21ELS8RS 8RE ENGINE EXHAUST VALVE ASM S21ELS8RS 8RE ALL OPTIONS 600778 3<br \/>\npolaris 850 sks 146 intl all options r01 s21els8rs 8re -2021<br \/>\nPOLARIS 2021 850 SKS 155 INTL ALL OPTIONS R01 S21EFS8RS 8RE ENGINE EXHAUST VALVE ASM S21ELS8RS 8RE ALL OPTIONS 600778 3<br \/>\npolaris 850 sks 155 intl all options r01 s21efs8rs 8re -2021<br \/>\nPOLARIS 2021 850 SWITCHBACK PRO S ALL OPTIONS R02 S21DDH8RS ENGINE EXHAUST VALVE ASM S21DDH8RS ALL OPTIONS 600778 3<br \/>\npolaris 850 switchback pro s all options r02 s21ddh8rs -2021<br \/>\nPOLARIS 2021 850 SWITCHBACK XCR ALL OPTIONS R01 S21DDL8RS ENGINE EXHAUST VALVE ASM S21DDL8RS ALL OPTIONS 600778 3<br \/>\npolaris 850 switchback xcr all options r01 s21ddl8rs -2021<br \/>\nPOLARIS 2021 S21EGT8R 850 RMK KHAOS 163 165 INTL ALL OPTIONS R01 S21EGT8RS ENGINE EXHAUST VALVE ASM S21ELS8RS 8RE ALL OPTIONS 600778 3<br \/>\npolaris s21egt8r 850 rmk khaos 163 165 intl all options r01 s21egt8rs -2021<br \/>\nPOLARIS 2021 S21EHK8RC EHKRL 850 AXYS PRO RMK 174 INTL ALL OPTIONS R01 S21EHK8RC EHK8RL ENGINE EXHAUST VALVE ASM S21ELS8RS 8RE ALL OPTIONS 600778 3<br \/>\npolaris s21ehk8rc ehkrl 850 axys pro rmk 174 intl all options r01 s21ehk8rc ehk8rl -2021<br \/>\nPOLARIS 2022 850 RMK KHAOS 155 INTL R01 S22EFD8RS EFE8RS ENGINE EXHAUST VALVE ASM S22EFD8RS EFE8RS ALL OPTIONS 600778 3<br \/>\npolaris 850 rmk khaos 155 intl r01 s22efd8rs efe8rs -2022<br \/>\nPOLARIS 2022 850 RMK KHAOS 163 165 ALL OPTIONS R01 S22EGE8RS D8RS ENGINE EXHAUST VALVE ASM S22EGE8RS D8RS ALL OPTIONS 600778 3<br \/>\npolaris 850 rmk khaos 163 165 all options r01 s22ege8rs d8rs -2022<br \/>\nPOLARIS 2022 850 RMK KHAOS MATRYX 155 INTL R01 S22TFD8RS 8RE ENGINE EXHAUST VALVE ASM S22TFD8RS 8RE ALL OPTIONS 600778 3<br \/>\npolaris 850 rmk khaos matryx 155 intl r01 s22tfd8rs 8re -2022<br \/>\nPOLARIS 2022 850 RMK KHAOS MATRYX SLASH 155 INTL R01 S22TFG8RS 8RE ENGINE EXHAUST VALVE ASM S22TFG8RS 8RE<br \/>\npolaris 850 rmk khaos matryx slash 155 intl r01 s22tfg8rs 8re -2022<br \/>\nPOLARIS 2022 850 RMK KHAOS MATRYX SLASH 165 163 R01 S22TGG8RS TGY8RS ENGINE EXHAUST VALVE ASM S22TGG8RS TGY8RS ALL OPTIONS 600778 3<br \/>\npolaris 850 rmk khaos matryx slash 165 163 r01 s22tgg8rs tgy8rs -2022<br \/>\nPOLARIS 2022 850 RMK KHAOS MATRYX SLASH 165 163 R02 S22TGG8RS TGY8RS ENGINE EXHAUST VALVE ASM S22TGG8RS TGY8RS ALL OPTIONS 600778 3<br \/>\npolaris 850 rmk khaos matryx slash 165 163 r02 s22tgg8rs tgy8rs -2022<br \/>\nPOLARIS 2022 850 RMK PRO 155 2 75 155 3 ALL OPTIONS R01 S22EFA8RS EFB8RS ENGINE EXHAUST VALVE ASM S22EFA8RS EFB8RS ALL OPTIONS 600778 3<br \/>\npolaris 850 rmk pro 155 2 75 155 3 all options r01 s22efa8rs efb8rs -2022<br \/>\nPOLARIS 2022 850 RMK PRO 163 165 ALL OPTIONS R01 S22EGB8RS EGA8RS ENGINE EXHAUST VALVE ASM S22EGB8RS EGA8RS ALL OPTIONS 600778 3<br \/>\npolaris 850 rmk pro 163 165 all options r01 s22egb8rs ega8rs -2022<br \/>\nPOLARIS 2022 850 RMK PRO MATRYX 155 INTL R01 S22TFK8RS 8RE ENGINE EXHAUST VALVE ASM S22TFK8RS 8RE ALL OPTIONS 600778 3<br \/>\npolaris 850 rmk pro matryx 155 intl r01 s22tfk8rs 8re -2022<br \/>\nPOLARIS 2022 850 RMK PRO MATRYX SLASH 155 INTL ALL OPTIONS R01 S22TFM8RS 8RE TFW8RS 8RE ENGINE EXHAUST VALVE ASM S22TFG8RS 8RE<br \/>\npolaris 850 rmk pro matryx slash 155 intl all options r01 s22tfm8rs 8re tfw8rs 8re -2022<br \/>\nPOLARIS 2022 PATRIOT BOOST RMK KHAOS MATRYX SLASH 155 INTL R02 S22TFG8MS 8ME ENGINE EXHAUST VALVE ASM S22TFG8MS 8ME ALL OPTIONS C602055<br \/>\npolaris patriot boost rmk khaos matryx slash 155 intl r02 s22tfg8ms 8me -2022<\/p>","protected":false},"featured_media":27320,"comment_status":"open","ping_status":"closed","template":"","meta":{"_acf_changed":false},"demonterat-fordon":[],"fordons-typ":[641],"make":[636],"parts-filter":[658,950],"prod-typ":[715],"tillverkare":[865],"product_brand":[],"product_cat":[69],"product_tag":[],"class_list":{"0":"post-27414","1":"product","2":"type-product","3":"status-publish","4":"has-post-thumbnail","6":"fordons-typ-sno","7":"make-polaris","8":"parts-filter-axys","9":"parts-filter-matryx","10":"prod-typ-beg","11":"tillverkare-polaris","12":"product_cat-avgasventiler","14":"first","15":"instock","16":"purchasable","17":"product-type-simple"},"acf":[],"_links":{"self":[{"href":"https:\/\/whitepowder.se\/en\/wp-json\/wp\/v2\/product\/27414","targetHints":{"allow":["GET"]}}],"collection":[{"href":"https:\/\/whitepowder.se\/en\/wp-json\/wp\/v2\/product"}],"about":[{"href":"https:\/\/whitepowder.se\/en\/wp-json\/wp\/v2\/types\/product"}],"replies":[{"embeddable":true,"href":"https:\/\/whitepowder.se\/en\/wp-json\/wp\/v2\/comments?post=27414"}],"wp:featuredmedia":[{"embeddable":true,"href":"https:\/\/whitepowder.se\/en\/wp-json\/wp\/v2\/media\/27320"}],"wp:attachment":[{"href":"https:\/\/whitepowder.se\/en\/wp-json\/wp\/v2\/media?parent=27414"}],"wp:term":[{"taxonomy":"demonterat-fordon","embeddable":true,"href":"https:\/\/whitepowder.se\/en\/wp-json\/wp\/v2\/demonterat-fordon?post=27414"},{"taxonomy":"fordons-typ","embeddable":true,"href":"https:\/\/whitepowder.se\/en\/wp-json\/wp\/v2\/fordons-typ?post=27414"},{"taxonomy":"make","embeddable":true,"href":"https:\/\/whitepowder.se\/en\/wp-json\/wp\/v2\/make?post=27414"},{"taxonomy":"parts-filter","embeddable":true,"href":"https:\/\/whitepowder.se\/en\/wp-json\/wp\/v2\/parts-filter?post=27414"},{"taxonomy":"prod-typ","embeddable":true,"href":"https:\/\/whitepowder.se\/en\/wp-json\/wp\/v2\/prod-typ?post=27414"},{"taxonomy":"tillverkare","embeddable":true,"href":"https:\/\/whitepowder.se\/en\/wp-json\/wp\/v2\/tillverkare?post=27414"},{"taxonomy":"product_brand","embeddable":true,"href":"https:\/\/whitepowder.se\/en\/wp-json\/wp\/v2\/product_brand?post=27414"},{"taxonomy":"product_cat","embeddable":true,"href":"https:\/\/whitepowder.se\/en\/wp-json\/wp\/v2\/product_cat?post=27414"},{"taxonomy":"product_tag","embeddable":true,"href":"https:\/\/whitepowder.se\/en\/wp-json\/wp\/v2\/product_tag?post=27414"}],"curies":[{"name":"wp","href":"https:\/\/api.w.org\/{rel}","templated":true}]}}