{"id":27429,"date":"2026-02-07T17:34:42","date_gmt":"2026-02-07T16:34:42","guid":{"rendered":"https:\/\/whitepowder.se\/?post_type=product&#038;p=27429"},"modified":"2026-02-23T13:50:31","modified_gmt":"2026-02-23T12:50:31","slug":"polaris-2637700-tank-knaplast","status":"publish","type":"product","link":"https:\/\/whitepowder.se\/en\/polaris-2637700-tank-knaplast\/","title":{"rendered":"Polaris 2637700 &#8211; Tank \/ Kn\u00e4plast"},"content":{"rendered":"<p>Polaris 2637700 &#8211; Tank \/ Kn\u00e4plast<\/p>\n<p>Asm-console<\/p>\n<p>OBS Partnumbret \u00e4r ett Assembely nummer och anv\u00e4nds fr\u00e4mst som s\u00f6kv\u00e4g och f\u00f6r Fitment, Kolla p\u00e5 bilderna f\u00f6r att se vad som ing\u00e5r.<\/p>","protected":false},"excerpt":{"rendered":"<p>Polaris 2637700 Sitter Original p\u00e5 :<\/p>\n<p>POLARIS 2021 650 MATRYX INDY VR1 129 INTL R01 S21TKV6RS 6RE BODY CONSOLE S21TKV6RS 6RE ALL OPTIONS C601601<br \/>\npolaris 650 matryx indy vr1 129 intl r01 s21tkv6rs 6re -2021<br \/>\nPOLARIS 2021 650 MATRYX INDY VR1 137 INTL R03 S21TDV6RS 6RE BODY CONSOLE S21TDV6RS 6RE ALL OPTIONS C601601<br \/>\npolaris 650 matryx indy vr1 137 intl r03 s21tdv6rs 6re -2021<br \/>\nPOLARIS 2021 650 MATRYX INDY XC 129 INTL R02 S21TKP6RS 6RE BODY CONSOLE S21TKP6RS 6RE ALL OPTIONS C601601<br \/>\npolaris 650 matryx indy xc 129 intl r02 s21tkp6rs 6re -2021<br \/>\nPOLARIS 2021 650 MATRYX INDY XC 137 INTL R04 S21TDP6RS 6RE BODY CONSOLE S21TDP6RS 6RE ALL OPTIONS C601601<br \/>\npolaris 650 matryx indy xc 137 intl r04 s21tdp6rs 6re -2021<br \/>\nPOLARIS 2021 650 MATRYX SWITCHBACK ASSAULT 146 INT R02 S21TLC6RS 6RE BODY CONSOLE S21TLC6RS 6RE ALL OPTIONS C601601<br \/>\npolaris 650 matryx switchback assault 146 int r02 s21tlc6rs 6re -2021<br \/>\nPOLARIS 2021 850 MATRYX INDY VR1 129 INTL R01 S21TKV8RS 8RE BODY CONSOLE S21TKV8RS 8RE ALL OPTIONS C601601<br \/>\npolaris 850 matryx indy vr1 129 intl r01 s21tkv8rs 8re -2021<br \/>\nPOLARIS 2021 850 MATRYX INDY VR1 137 INTL R01 S21TDV8RS 8RE BODY CONSOLE S21TDV8RS 8RE ALL OPTIONS C601601<br \/>\npolaris 850 matryx indy vr1 137 intl r01 s21tdv8rs 8re -2021<br \/>\nPOLARIS 2021 850 MATRYX INDY XC 129 INTL R02 S21TKP8RS 8RE BODY CONSOLE S21TKP8RS 8RE ALL OPTIONS C601601<br \/>\npolaris 850 matryx indy xc 129 intl r02 s21tkp8rs 8re -2021<br \/>\nPOLARIS 2021 850 MATRYX INDY XC 137 INTL R02 S21TDP8RS 8RE BODY CONSOLE S21TDP8RS 8RE ALL OPTIONS C601601<br \/>\npolaris 850 matryx indy xc 137 intl r02 s21tdp8rs 8re -2021<br \/>\nPOLARIS 2021 850 MATRYX SWITCHBACK ASSAULT 146 INTL R01 S21TLC8RS 8RE BODY CONSOLE S21TLC8RS 8RE ALL OPTIONS C601601<br \/>\npolaris 850 matryx switchback assault 146 intl r01 s21tlc8rs 8re -2021<br \/>\nPOLARIS 2022 650 INDY ADVENTURE 137 ALL OPTIONS R02 S22TDE6RS BODY CONSOLE S22TDE6RS ALL OPTIONS C601601<br \/>\npolaris 650 indy adventure 137 all options r02 s22tde6rs -2022<br \/>\nPOLARIS 2022 650 INDY VR1 137 INTL R02 S22TDV6RS 6RE BODY CONSOLE S22TDV6RS 6RE ALL OPTIONS C601601<br \/>\npolaris 650 indy vr1 137 intl r02 s22tdv6rs 6re -2022<br \/>\nPOLARIS 2022 650 INDY XCR 128 INTL R01 S22TKL6RS 6RE BODY CONSOLE S22TKL6RS 6RE ALL OPTIONS C601933<br \/>\npolaris 650 indy xcr 128 intl r01 s22tkl6rs 6re -2022<br \/>\nPOLARIS 2022 650 INDY XCR 136 INTL R01 S22TDL6RS 6RE BODY CONSOLE S22TDL6RS 6RE ALL OPTIONS C601933<br \/>\npolaris 650 indy xcr 136 intl r01 s22tdl6rs 6re -2022<br \/>\nPOLARIS 2022 650 MATRYX INDY VR1 129 ALL OPTIONS R01 S22TKV6RS BODY CONSOLE S22TKV6RS ALL OPTIONS C601601<br \/>\npolaris 650 matryx indy vr1 129 all options r01 s22tkv6rs -2022<br \/>\nPOLARIS 2022 650 MATRYX INDY XC 129 ALL OPTIONS R01 S22TKP6RS BODY CONSOLE S22TKP6RS ALL OPTIONS C601601<br \/>\npolaris 650 matryx indy xc 129 all options r01 s22tkp6rs -2022<br \/>\nPOLARIS 2022 650 MATRYX INDY XC 137 INTL R01 S22TDP6RS 6RE BODY CONSOLE S22TDP6RS 6RE ALL OPTIONS C601601<br \/>\npolaris 650 matryx indy xc 137 intl r01 s22tdp6rs 6re -2022<br \/>\nPOLARIS 2022 650 MATRYX SWITCHBACK ASSAULT 146 INTL R01 S22TLC6RS 6RE BODY CONSOLE S22TLC6RS 6RE ALL OPTIONS C601601<br \/>\npolaris 650 matryx switchback assault 146 intl r01 s22tlc6rs 6re -2022<br \/>\nPOLARIS 2022 650 MATRYX VOYAGEUR 146 INTL R01 S22TLF6RSL 6REL BODY CONSOLE S22TLF6RSL REL ALL OPTIONS C601601<br \/>\npolaris 650 matryx voyageur 146 intl r01 s22tlf6rsl 6rel -2022<br \/>\nPOLARIS 2022 650 NORDICPRO 146 ES INTL R01 S22TLT6REL BODY CONSOLE S22TLT6REL C601601<br \/>\npolaris 650 nordicpro 146 es intl r01 s22tlt6rel -2022<br \/>\nPOLARIS 2022 850 INDY ADVENTURE 137 ALL OPTIONS R01 S22TDE8RS BODY CONSOLE S22TDE8RS ALL OPTIONS C601601<br \/>\npolaris 850 indy adventure 137 all options r01 s22tde8rs -2022<br \/>\nPOLARIS 2022 850 INDY VR1 137 INTL R01 S22TDV8RS 8RE BODY CONSOLE S22TDV8RS 8RE ALL OPTIONS C601601<br \/>\npolaris 850 indy vr1 137 intl r01 s22tdv8rs 8re -2022<br \/>\nPOLARIS 2022 850 INDY XCR 128 INTL R01 S22TKL8RS 8RE BODY CONSOLE S22TKL8RS 8RE ALL OPTIONS C601933<br \/>\npolaris 850 indy xcr 128 intl r01 s22tkl8rs 8re -2022<br \/>\nPOLARIS 2022 850 INDY XCR 136 INTL R01 S22TDL8RS 8RE BODY CONSOLE S22TDL8RS 8RE ALL OPTIONS C601933<br \/>\npolaris 850 indy xcr 136 intl r01 s22tdl8rs 8re -2022<br \/>\nPOLARIS 2022 850 MATRYX INDY VR1 129 ALL OPTIONS R01 S22TKV8RS BODY CONSOLE S22TKV8RS ALL OPTIONS C601601<br \/>\npolaris 850 matryx indy vr1 129 all options r01 s22tkv8rs -2022<br \/>\nPOLARIS 2022 850 MATRYX INDY XC 129 ALL OPTIONS R01 S22TKP8RS BODY CONSOLE S22TKP8RS ALL OPTIONS C601601<br \/>\npolaris 850 matryx indy xc 129 all options r01 s22tkp8rs -2022<br \/>\nPOLARIS 2022 850 MATRYX INDY XC 137 INTL R01 S22TDP8RS 8RE BODY CONSOLE S22TDP8RS 8RE ALL OPTIONS C601601<br \/>\npolaris 850 matryx indy xc 137 intl r01 s22tdp8rs 8re -2022<br \/>\nPOLARIS 2022 850 MATRYX SWITCHBACK ASSAULT 146 INTL R01 S22TLC8RS 8RE BODY CONSOLE S22TLC8RS 8RE ALL OPTIONS C601601<br \/>\npolaris 850 matryx switchback assault 146 intl r01 s22tlc8rs 8re -2022<br \/>\nPOLARIS 2023 650 INDY ADVENTURE 137 ALL OPTIONS R02 S23TDE6RS BODY CONSOLE S23TDE6RS C602282<br \/>\npolaris 650 indy adventure 137 all options r02 s23tde6rs -2023<br \/>\nPOLARIS 2023 650 INDY ADVENTURE X2 ALL OPTIONS R02 S23TDH6RS BODY CONSOLE S23TDH6RS C602282<br \/>\npolaris 650 indy adventure x2 all options r02 s23tdh6rs -2023<br \/>\nPOLARIS 2023 650 INDY SP 137 ES R01 S23TDB6RSL BODY CONSOLE S23TDB6RSL C601601<br \/>\npolaris 650 indy sp 137 es r01 s23tdb6rsl -2023<br \/>\nPOLARIS 2023 650 INDY VR1 129 ALL OPTIONS R01 S23TKV6RS BODY CONSOLE S23TKV6RS C602282<br \/>\npolaris 650 indy vr1 129 all options r01 s23tkv6rs -2023<br \/>\nPOLARIS 2023 650 INDY VR1 137 ALL OPTIONS R01 S23TDV6RS BODY CONSOLE S23TDV6RS C601601<br \/>\npolaris 650 indy vr1 137 all options r01 s23tdv6rs -2023<br \/>\nPOLARIS 2023 650 INDY XC 129 ALL OPTIONS R01 S23TKP6RS BODY CONSOLE S23TKP6RS C601601<br \/>\npolaris 650 indy xc 129 all options r01 s23tkp6rs -2023<br \/>\nPOLARIS 2023 650 INDY XC 137 ALL OPTIONS R01 S23TDP6RS BODY CONSOLE S23TDP6RS C602282<br \/>\npolaris 650 indy xc 137 all options r01 s23tdp6rs -2023<br \/>\nPOLARIS 2023 650 INDY XCR 128 ALL OPTIONS R01 S23TKL6RS BODY CONSOLE S23TKL6RS C602282<br \/>\npolaris 650 indy xcr 128 all options r01 s23tkl6rs -2023<br \/>\nPOLARIS 2023 650 INDY XCR 136 INTL ALL OPTIONS R01 S23TDL6RS 6RE BODY CONSOLE S23TDL6RS 6RE C602282<br \/>\npolaris 650 indy xcr 136 intl all options r01 s23tdl6rs 6re -2023<br \/>\nPOLARIS 2023 650 SWITCHBACK ASSAULT 146 INTL ALL OPTIONS R01 S23TLC6RS 6RE BODY CONSOLE S23TLC6RS 6RE C602282<br \/>\npolaris 650 switchback assault 146 intl all options r01 s23tlc6rs 6re -2023<br \/>\nPOLARIS 2023 650 SWITCHBACK SP 146 ES R01 S23TLB6RSL BODY CONSOLE S23TLB6RSL C601601<br \/>\npolaris 650 switchback sp 146 es r01 s23tlb6rsl -2023<br \/>\nPOLARIS 2023 850 INDY ADVENTURE 137 ALL OPTIONS R01 S23TDE8RS BODY CONSOLE S23TDE8RS C602282<br \/>\npolaris 850 indy adventure 137 all options r01 s23tde8rs -2023<br \/>\nPOLARIS 2023 850 INDY VR1 129 ALL OPTIONS R01 S23TKV8RS BODY CONSOLE S23TKV8RS C602282<br \/>\npolaris 850 indy vr1 129 all options r01 s23tkv8rs -2023<br \/>\nPOLARIS 2023 850 INDY VR1 137 INTL ALL OPTIONS R01 S23TDV8RS 8RE BODY CONSOLE S23TDV8RS 8RE C601601<br \/>\npolaris 850 indy vr1 137 intl all options r01 s23tdv8rs 8re -2023<br \/>\nPOLARIS 2023 850 INDY XC 129 ALL OPTIONS R01 S23TKP8RS BODY CONSOLE S23TKP8RS C601601<br \/>\npolaris 850 indy xc 129 all options r01 s23tkp8rs -2023<br \/>\nPOLARIS 2023 850 INDY XC 137 ALL OPTIONS R01 S23TDP8RS BODY CONSOLE S23TDP8RS C602282<br \/>\npolaris 850 indy xc 137 all options r01 s23tdp8rs -2023<br \/>\nPOLARIS 2023 850 INDY XCR 128 ALL OPTIONS R01 S23TKL8RS BODY CONSOLE S23TKL8RS ALL OPTIONS C601933<br \/>\npolaris 850 indy xcr 128 all options r01 s23tkl8rs -2023<br \/>\nPOLARIS 2023 850 INDY XCR 136 INTL ALL OPTIONS R01 S23TDL8RS 8RE BODY CONSOLE S23TDL8RS 8RE C602282<br \/>\npolaris 850 indy xcr 136 intl all options r01 s23tdl8rs 8re -2023<br \/>\nPOLARIS 2023 PATRIOT BOOST INDY VR1 129 ALL OPTIONS R01 S23TKV8MS BODY CONSOLE S23TKV8MS C602282<br \/>\npolaris patriot boost indy vr1 129 all options r01 s23tkv8ms -2023<br \/>\nPOLARIS 2023 PATRIOT BOOST INDY VR1 137 INTL ALL OPTIONS R02 S23TDV8MS 8ME BODY CONSOLE S23TDV8MS 8ME C602282<br \/>\npolaris patriot boost indy vr1 137 intl all options r02 s23tdv8ms 8me -2023<\/p>","protected":false},"featured_media":27244,"comment_status":"open","ping_status":"closed","template":"","meta":{"_acf_changed":false},"demonterat-fordon":[],"fordons-typ":[641],"make":[636],"parts-filter":[950],"prod-typ":[715],"tillverkare":[865],"product_brand":[],"product_cat":[157],"product_tag":[],"class_list":{"0":"post-27429","1":"product","2":"type-product","3":"status-publish","4":"has-post-thumbnail","6":"fordons-typ-sno","7":"make-polaris","8":"parts-filter-matryx","9":"prod-typ-beg","10":"tillverkare-polaris","11":"product_cat-tank-plast","13":"first","14":"instock","15":"purchasable","16":"product-type-simple"},"acf":[],"_links":{"self":[{"href":"https:\/\/whitepowder.se\/en\/wp-json\/wp\/v2\/product\/27429","targetHints":{"allow":["GET"]}}],"collection":[{"href":"https:\/\/whitepowder.se\/en\/wp-json\/wp\/v2\/product"}],"about":[{"href":"https:\/\/whitepowder.se\/en\/wp-json\/wp\/v2\/types\/product"}],"replies":[{"embeddable":true,"href":"https:\/\/whitepowder.se\/en\/wp-json\/wp\/v2\/comments?post=27429"}],"wp:featuredmedia":[{"embeddable":true,"href":"https:\/\/whitepowder.se\/en\/wp-json\/wp\/v2\/media\/27244"}],"wp:attachment":[{"href":"https:\/\/whitepowder.se\/en\/wp-json\/wp\/v2\/media?parent=27429"}],"wp:term":[{"taxonomy":"demonterat-fordon","embeddable":true,"href":"https:\/\/whitepowder.se\/en\/wp-json\/wp\/v2\/demonterat-fordon?post=27429"},{"taxonomy":"fordons-typ","embeddable":true,"href":"https:\/\/whitepowder.se\/en\/wp-json\/wp\/v2\/fordons-typ?post=27429"},{"taxonomy":"make","embeddable":true,"href":"https:\/\/whitepowder.se\/en\/wp-json\/wp\/v2\/make?post=27429"},{"taxonomy":"parts-filter","embeddable":true,"href":"https:\/\/whitepowder.se\/en\/wp-json\/wp\/v2\/parts-filter?post=27429"},{"taxonomy":"prod-typ","embeddable":true,"href":"https:\/\/whitepowder.se\/en\/wp-json\/wp\/v2\/prod-typ?post=27429"},{"taxonomy":"tillverkare","embeddable":true,"href":"https:\/\/whitepowder.se\/en\/wp-json\/wp\/v2\/tillverkare?post=27429"},{"taxonomy":"product_brand","embeddable":true,"href":"https:\/\/whitepowder.se\/en\/wp-json\/wp\/v2\/product_brand?post=27429"},{"taxonomy":"product_cat","embeddable":true,"href":"https:\/\/whitepowder.se\/en\/wp-json\/wp\/v2\/product_cat?post=27429"},{"taxonomy":"product_tag","embeddable":true,"href":"https:\/\/whitepowder.se\/en\/wp-json\/wp\/v2\/product_tag?post=27429"}],"curies":[{"name":"wp","href":"https:\/\/api.w.org\/{rel}","templated":true}]}}