{"id":27436,"date":"2026-02-07T17:34:36","date_gmt":"2026-02-07T16:34:36","guid":{"rendered":"https:\/\/whitepowder.se\/?post_type=product&#038;p=27436"},"modified":"2026-02-25T17:11:04","modified_gmt":"2026-02-25T16:11:04","slug":"polaris-3286888-7s-display-kit","status":"publish","type":"product","link":"https:\/\/whitepowder.se\/en\/polaris-3286888-7s-display-kit\/","title":{"rendered":"Polaris 3286888 &#8211; 7s Display kit"},"content":{"rendered":"<p>Polaris 3286888 &#8211; 7s Display kit<\/p>\n<p>Polaris 3286888 DISPLAY-DIG 7W PRG:nl: INTL<\/p>\n<p>Kit med plast och kablar enligt bild<\/p>\n<p>Medf\u00f6ljer\/ ink:<br \/>\n3286888 DISPLAY-DIG 7W PRG<br \/>\n2415186 HARNESS-HOOD 650\/850 PREM<br \/>\n4019311 ANTENNA-GPS EXT<br \/>\n5456644-070 DOOR-DISPLAY 7&#8243; BLK \/ lucka<br \/>\n5456423-070 CAP-HOOD BLK<br \/>\n5457107 COVER-WIRE 7&#8243; DISPLAY<br \/>\n5457109 LATCH-TOP<\/p>\n<p>OBS Partnumbret \u00e4r ett Assembely nummer och anv\u00e4nds fr\u00e4mst som s\u00f6kv\u00e4g och f\u00f6r Fitment, Kolla p\u00e5 bilderna f\u00f6r att se vad som ing\u00e5r.<\/p>\n<p>Funktion \/ Test : \u00c4r testad fungerar<\/p>","protected":false},"excerpt":{"rendered":"<p>Polaris 3286888 Sitter Original p\u00e5 :<\/p>\n<p>POLARIS 2022 650 INDY VR1 137 INTL R02 S22TDV6RS 6RE ELECTRICAL MULTI FUNCTION GAUGE S22TDV6RS 6RE ALL OPTIONS C601607<br \/>\npolaris 650 indy vr1 137 intl r02 s22tdv6rs 6re -2022<br \/>\nPOLARIS 2022 650 INDY XCR 128 INTL R01 S22TKL6RS 6RE ELECTRICAL MULTI FUNCTION GAUGE 7 S22TKL6RS 6RE C601607<br \/>\npolaris 650 indy xcr 128 intl r01 s22tkl6rs 6re -2022<br \/>\nPOLARIS 2022 650 INDY XCR 136 INTL R01 S22TDL6RS 6RE ELECTRICAL MULTI FUNCTION GAUGE 7 S22TDL6RS 6RE C601607<br \/>\npolaris 650 indy xcr 136 intl r01 s22tdl6rs 6re -2022<br \/>\nPOLARIS 2022 650 MATRYX SWITCHBACK ASSAULT 146 INTL R01 S22TLC6RS 6RE ELECTRICAL MULTI FUNCTION GAUGE S22TLC6RS 6RE ALL OPTIONS C601607<br \/>\npolaris 650 matryx switchback assault 146 intl r01 s22tlc6rs 6re -2022<br \/>\nPOLARIS 2022 650 NORDICPRO 146 ES INTL R01 S22TLT6REL ELECTRICAL MULTI FUNCTION GAUGE S22TLT6REL C601607<br \/>\npolaris 650 nordicpro 146 es intl r01 s22tlt6rel -2022<br \/>\nPOLARIS 2022 650 RMK KHAOS MATRYX SLASH 146 INTL R01 S22TLG6RS 6RE ELECTRICAL MULTI FUNCTION GAUGE S22TLG6RS 6RE ALL OPTIONS C601974<br \/>\npolaris 650 rmk khaos matryx slash 146 intl r01 s22tlg6rs 6re -2022<br \/>\nPOLARIS 2022 650 RMK KHAOS MATRYX SLASH 146 INTL R02 S22TLG6RS 6RE ELECTRICAL MULTI FUNCTION GAUGE S22TLG6RS 6RE ALL OPTIONS C601974<br \/>\npolaris 650 rmk khaos matryx slash 146 intl r02 s22tlg6rs 6re -2022<br \/>\nPOLARIS 2022 850 INDY VR1 137 INTL R01 S22TDV8RS 8RE ELECTRICAL MULTI FUNCTION GAUGE S22TDV8RS 8RE ALL OPTIONS C601607<br \/>\npolaris 850 indy vr1 137 intl r01 s22tdv8rs 8re -2022<br \/>\nPOLARIS 2022 850 INDY XCR 128 INTL R01 S22TKL8RS 8RE ELECTRICAL MULTI FUNCTION GAUGE 7 S22TKL8RS 8RE C601607<br \/>\npolaris 850 indy xcr 128 intl r01 s22tkl8rs 8re -2022<br \/>\nPOLARIS 2022 850 INDY XCR 136 INTL R01 S22TDL8RS 8RE ELECTRICAL MULTI FUNCTION GAUGE 7 S22TDL8RS 8RE C601607<br \/>\npolaris 850 indy xcr 136 intl r01 s22tdl8rs 8re -2022<br \/>\nPOLARIS 2022 850 MATRYX SWITCHBACK ASSAULT 146 INTL R01 S22TLC8RS 8RE ELECTRICAL MULTI FUNCTION GAUGE S22TLC8RS 8RE ALL OPTIONS C601607<br \/>\npolaris 850 matryx switchback assault 146 intl r01 s22tlc8rs 8re -2022<br \/>\nPOLARIS 2022 850 RMK KHAOS MATRYX SLASH 146 INTL R01 S22TLG8RS 8RE ELECTRICAL MULTI FUNCTION GAUGE S22TLG8RS 8RE ALL OPTIONS C601974<br \/>\npolaris 850 rmk khaos matryx slash 146 intl r01 s22tlg8rs 8re -2022<br \/>\nPOLARIS 2022 850 RMK KHAOS MATRYX SLASH 155 INTL R01 S22TFG8RS 8RE ELECTRICAL MULTI FUNCTION GAUGE S22TFG8RS 8RE ALL OPTIONS C601974<br \/>\npolaris 850 rmk khaos matryx slash 155 intl r01 s22tfg8rs 8re -2022<br \/>\nPOLARIS 2022 850 RMK PRO MATRYX SLASH 155 INTL ALL OPTIONS R01 S22TFM8RS 8RE TFW8RS 8RE ELECTRICAL MULTI FUNCTION GAUGE S22TFM8RS 8RE TFW8RS 8RE ALL OPTIONS C601974<br \/>\npolaris 850 rmk pro matryx slash 155 intl all options r01 s22tfm8rs 8re tfw8rs 8re -2022<br \/>\nPOLARIS 2022 850 RMK PRO MATRYX SLASH 163 165 INTL R01 S22TGW8RS 8RE TGM8RS 8RE ELECTRICAL MULTI FUNCTION GAUGE S22TGW8RS 8RE TGM8RS 8RE ALL OPTIONS C601974<br \/>\npolaris 850 rmk pro matryx slash 163 165 intl r01 s22tgw8rs 8re tgm8rs 8re -2022<br \/>\nPOLARIS 2022 PATRIOT BOOST RMK KHAOS MATRYX SLASH 155 INTL R02 S22TFG8MS 8ME ELECTRICAL MULTI FUNCTION GAUGE S22TFG8MS 8ME ALL OPTIONS C601607<br \/>\npolaris patriot boost rmk khaos matryx slash 155 intl r02 s22tfg8ms 8me -2022<br \/>\nPOLARIS 2022 PATRIOT BOOST RMK KHAOS MATRYX SLASH 155 INTL R05 S22TFG8MS 8ME ELECTRICAL MULTI FUNCTION GAUGE S22TFG8MS 8ME ALL OPTIONS C601607<br \/>\npolaris patriot boost rmk khaos matryx slash 155 intl r05 s22tfg8ms 8me -2022<br \/>\nPOLARIS 2022 PATRIOT BOOST RMK PRO 165 163 SLASH INTL ALL OPTIONS R02 S22TGM8MS 8ME TGW8MS 8ME ELECTRICAL MULTI FUNCTION GAUGE S22TGM8MS 8ME TGW8MS 8ME ALL OPTIONS C601607<br \/>\npolaris patriot boost rmk pro 165 163 slash intl all options r02 s22tgm8ms 8me tgw8ms 8me -2022<br \/>\nPOLARIS 2022 PATRIOT BOOST RMK PRO 165 163 SLASH INTL ALL OPTIONS R04 S22TGM8MS 8ME TGW8MS 8ME ELECTRICAL MULTI FUNCTION GAUGE S22TGM8MS 8ME TGW8MS 8ME ALL OPTIONS C601607<br \/>\npolaris patriot boost rmk pro 165 163 slash intl all options r04 s22tgm8ms 8me tgw8ms 8me -2022<br \/>\nPOLARIS 2023 650 INDY XCR 136 INTL ALL OPTIONS R01 S23TDL6RS 6RE ELECTRICAL MULTI FUNCTION GAUGE S23TDL6RS 6RE C601974<br \/>\npolaris 650 indy xcr 136 intl all options r01 s23tdl6rs 6re -2023<br \/>\nPOLARIS 2023 650 NORDICPRO 146 ES INTL R01 S23TLT6REL ELECTRICAL MULTI FUNCTION GAUGE S23TLT6REL C601607<br \/>\npolaris 650 nordicpro 146 es intl r01 s23tlt6rel -2023<br \/>\nPOLARIS 2023 650 RMK KHAOS 146 SLASH SLASH INTL ALL OPTIONS R02 S23TLG6RS 6RE ELECTRICAL MULTI FUNCTION GAUGE S23TLG6RS 6RE C601974<br \/>\npolaris 650 rmk khaos 146 slash slash intl all options r02 s23tlg6rs 6re -2023<br \/>\nPOLARIS 2023 650 SWITCHBACK ASSAULT 146 INTL ALL OPTIONS R01 S23TLC6RS 6RE ELECTRICAL MULTI FUNCTION GAUGE S23TLC6RS 6RE C601607<br \/>\npolaris 650 switchback assault 146 intl all options r01 s23tlc6rs 6re -2023<br \/>\nPOLARIS 2023 850 INDY VR1 137 INTL ALL OPTIONS R01 S23TDV8RS 8RE ELECTRICAL MULTI FUNCTION GAUGE S23TDV8RS 8RE C601607<br \/>\npolaris 850 indy vr1 137 intl all options r01 s23tdv8rs 8re -2023<br \/>\nPOLARIS 2023 850 INDY XCR 136 INTL ALL OPTIONS R01 S23TDL8RS 8RE ELECTRICAL MULTI FUNCTION GAUGE S23TDL8RS 8RE C601974<br \/>\npolaris 850 indy xcr 136 intl all options r01 s23tdl8rs 8re -2023<br \/>\nPOLARIS 2023 850 RMK KHAOS 146 SLASH SLASH INTL ALL OPTIONS R01 S23TLG8RS 8RE ELECTRICAL MULTI FUNCTION GAUGE S23TLG8RS 8RE C601974<br \/>\npolaris 850 rmk khaos 146 slash slash intl all options r01 s23tlg8rs 8re -2023<br \/>\nPOLARIS 2023 850 RMK KHAOS 155 INTL ALL OPTIONS R01 S23TFD8RS 8RE ELECTRICAL MULTI FUNCTION GAUGE S23TFD8RS 8RE C601974<br \/>\npolaris 850 rmk khaos 155 intl all options r01 s23tfd8rs 8re -2023<br \/>\nPOLARIS 2023 850 RMK KHAOS SLASH 155 INTL ALL OPTIONS R01 S23TFG8RS 8RE ELECTRICAL MULTI FUNCTION GAUGE S23TFG8RS 8RE C601974<br \/>\npolaris 850 rmk khaos slash 155 intl all options r01 s23tfg8rs 8re -2023<br \/>\nPOLARIS 2023 850 SWITCHBACK ASSAULT 146 INTL ALL OPTIONS R01 S23TLC8RS 8RE ELECTRICAL MULTI FUNCTION GAUGE S23TLC8RS 8RE C601607<br \/>\npolaris 850 switchback assault 146 intl all options r01 s23tlc8rs 8re -2023<br \/>\nPOLARIS 2023 PATRIOT 9R RMK KHAOS 146 SLASH INTL ALL OPTIONS R01 S23TLG9BS 9BE ELECTRICAL MULTI FUNCTION GAUGE S23TLG9BS 9BE C601974<br \/>\npolaris patriot 9r rmk khaos 146 slash intl all options r01 s23tlg9bs 9be -2023<br \/>\nPOLARIS 2023 PATRIOT 9R RMK KHAOS SLASH 155 INTL ALL OPTIONS R02 S23TFG9BS 9BE ELECTRICAL MULTI FUNCTION GAUGE S23TFG9BS 9BE C601974<br \/>\npolaris patriot 9r rmk khaos slash 155 intl all options r02 s23tfg9bs 9be -2023<br \/>\nPOLARIS 2023 PATRIOT BOOST INDY VR1 137 INTL ALL OPTIONS R02 S23TDV8MS 8ME ELECTRICAL MULTI FUNCTION GAUGE S23TDV8MS 8ME C601607<br \/>\npolaris patriot boost indy vr1 137 intl all options r02 s23tdv8ms 8me -2023<br \/>\nPOLARIS 2023 PATRIOT BOOST RMK KHAOS SLASH 155 INTL ALL OPTIONS R02 S23TFG8MS 8ME ELECTRICAL MULTI FUNCTION GAUGE S23TFG8MS 8ME C601607<br \/>\npolaris patriot boost rmk khaos slash 155 intl all options r02 s23tfg8ms 8me -2023<br \/>\nPOLARIS 2023 PATRIOT BOOST SWITCHBACK ASSAULT 146 INTL ALL OPTIONS R01 S23TLC8MS 8ME ELECTRICAL MULTI FUNCTION GAUGE S23TLC8MS 8ME C601607<br \/>\npolaris patriot boost switchback assault 146 intl all options r01 s23tlc8ms 8me -2023<br \/>\nPOLARIS 2023 PROSTAR S4 NORDIC PRO 146 INTL R02 S23TLT9FEL ELECTRICAL MULTI FUNCTION GAUGE S23TLT9FEL C601607<br \/>\npolaris prostar s4 nordic pro 146 intl r02 s23tlt9fel -2023<\/p>","protected":false},"featured_media":27202,"comment_status":"open","ping_status":"closed","template":"","meta":{"_acf_changed":false},"demonterat-fordon":[],"fordons-typ":[641],"make":[636],"parts-filter":[950],"prod-typ":[715],"tillverkare":[865],"product_brand":[],"product_cat":[417],"product_tag":[],"class_list":{"0":"post-27436","1":"product","2":"type-product","3":"status-publish","4":"has-post-thumbnail","6":"fordons-typ-sno","7":"make-polaris","8":"parts-filter-matryx","9":"prod-typ-beg","10":"tillverkare-polaris","11":"product_cat-gauge","13":"first","14":"instock","15":"purchasable","16":"product-type-simple"},"acf":[],"_links":{"self":[{"href":"https:\/\/whitepowder.se\/en\/wp-json\/wp\/v2\/product\/27436","targetHints":{"allow":["GET"]}}],"collection":[{"href":"https:\/\/whitepowder.se\/en\/wp-json\/wp\/v2\/product"}],"about":[{"href":"https:\/\/whitepowder.se\/en\/wp-json\/wp\/v2\/types\/product"}],"replies":[{"embeddable":true,"href":"https:\/\/whitepowder.se\/en\/wp-json\/wp\/v2\/comments?post=27436"}],"wp:featuredmedia":[{"embeddable":true,"href":"https:\/\/whitepowder.se\/en\/wp-json\/wp\/v2\/media\/27202"}],"wp:attachment":[{"href":"https:\/\/whitepowder.se\/en\/wp-json\/wp\/v2\/media?parent=27436"}],"wp:term":[{"taxonomy":"demonterat-fordon","embeddable":true,"href":"https:\/\/whitepowder.se\/en\/wp-json\/wp\/v2\/demonterat-fordon?post=27436"},{"taxonomy":"fordons-typ","embeddable":true,"href":"https:\/\/whitepowder.se\/en\/wp-json\/wp\/v2\/fordons-typ?post=27436"},{"taxonomy":"make","embeddable":true,"href":"https:\/\/whitepowder.se\/en\/wp-json\/wp\/v2\/make?post=27436"},{"taxonomy":"parts-filter","embeddable":true,"href":"https:\/\/whitepowder.se\/en\/wp-json\/wp\/v2\/parts-filter?post=27436"},{"taxonomy":"prod-typ","embeddable":true,"href":"https:\/\/whitepowder.se\/en\/wp-json\/wp\/v2\/prod-typ?post=27436"},{"taxonomy":"tillverkare","embeddable":true,"href":"https:\/\/whitepowder.se\/en\/wp-json\/wp\/v2\/tillverkare?post=27436"},{"taxonomy":"product_brand","embeddable":true,"href":"https:\/\/whitepowder.se\/en\/wp-json\/wp\/v2\/product_brand?post=27436"},{"taxonomy":"product_cat","embeddable":true,"href":"https:\/\/whitepowder.se\/en\/wp-json\/wp\/v2\/product_cat?post=27436"},{"taxonomy":"product_tag","embeddable":true,"href":"https:\/\/whitepowder.se\/en\/wp-json\/wp\/v2\/product_tag?post=27436"}],"curies":[{"name":"wp","href":"https:\/\/api.w.org\/{rel}","templated":true}]}}