{"id":27463,"date":"2026-02-07T17:36:25","date_gmt":"2026-02-07T16:36:25","guid":{"rendered":"https:\/\/whitepowder.se\/?post_type=product&#038;p=27463"},"modified":"2026-02-23T13:48:25","modified_gmt":"2026-02-23T12:48:25","slug":"polaris-1824172-067-a-arm-ovre-hoger","status":"publish","type":"product","link":"https:\/\/whitepowder.se\/en\/polaris-1824172-067-a-arm-ovre-hoger\/","title":{"rendered":"Polaris 1824172-067 &#8211; A-Arm \u00d6vre H\u00f6ger"},"content":{"rendered":"<p>Polaris 1824172-067 &#8211; A-Arm \u00d6vre H\u00f6ger<\/p>\n<p>Control arm, rh, upper, moly, black<br \/>\nSp\u00e5rvidd: 42.5&#8243; \/ 108 cm<\/p>\n<p>medf\u00f6ljer\/ ink:<br \/>\nring, retaining 7710642<br \/>\nbearing, spherical, upper control arm 7061179<\/p>\n<p>* Inget motst\u00e5nd kvar i kulled,.<\/p>","protected":false},"excerpt":{"rendered":"<p>Polaris 1824172-067 Sitter Original p\u00e5 :<\/p>\n<p>POLARIS 2019 600 INDY SP 129 ES S19EKB6PSL SUSPENSION CONTROL ARMS AND SPINDLE S19EKB6PSL 49SNOWSUSPFRT15PROS<br \/>\npolaris 600 indy sp 129 es s19ekb6psl -2019<br \/>\nPOLARIS 2019 600 INDY XC 129 SC SELECT ALL OPTIONS S19EKP6PS PEM SUSPENSION CONTROL ARMS AND SPINDLE S19EKP6PS PEM 49SNOWSUSPFRT15PROS<br \/>\npolaris 600 indy xc 129 sc select all options s19ekp6ps pem -2019<br \/>\nPOLARIS 2019 600 RUSH PRO S SC SELECT S19DCH6PS SUSPENSION CONTROL ARMS AND SPINDLE S19DCH6PS ALL OPTIONS 49SNOWSUSPFRT15PROS<br \/>\npolaris 600 rush pro s sc select s19dch6ps -2019<br \/>\nPOLARIS 2019 600 SWITCHBACK ADVENTURE ES S19DDE6PSL SUSPENSION CONTROL ARMS AND SPINDLE S19DDE6PSL 49SNOWSUSPFRT15PROS<br \/>\npolaris 600 switchback adventure es s19dde6psl -2019<br \/>\nPOLARIS 2019 600 SWITCHBACK ASSAULT 144 INTL SC SELECT ALL OPTIONS S19EEC6PS PER SUSPENSION CONTROL ARMS AND SPINDLE S19EEC6PS PER ALL OPTIONS 49SNOWSUSPFRT15PROS<br \/>\npolaris 600 switchback assault 144 intl sc select all options s19eec6ps per -2019<br \/>\nPOLARIS 2019 600 SWITCHBACK PRO S SC SELECT ALL OPTIONS S19DDH6PS SUSPENSION CONTROL ARMS AND SPINDLE S19DDH6PS ALL OPTIONS 49SNOWSUSPFRT15PROS<br \/>\npolaris 600 switchback pro s sc select all options s19ddh6ps -2019<br \/>\nPOLARIS 2019 600 SWITCHBACK SP 144 ES INTL S19EER6PSL PEL SUSPENSION CONTROL ARMS AND SPINDLE S19EER6PSL PEL 49SNOWSUSPFRT15PROS<br \/>\npolaris 600 switchback sp 144 es intl s19eer6psl pel -2019<br \/>\nPOLARIS 2019 800 INDY XC 129 ES SC SELECT S19EKP8PS PSL SUSPENSION CONTROL ARMS AND SPINDLE S19EKP8PS PSL 49SNOWSUSPFRT15PROS<br \/>\npolaris 800 indy xc 129 es sc select s19ekp8ps psl -2019<br \/>\nPOLARIS 2019 800 RMK ASSAULT 155 INTL SC SELECT S19EFT8PS PEB SUSPENSION CONTROL ARMS AND SPINDLE S19EFT8PS PEB ALL OPTIONS 600194<br \/>\npolaris 800 rmk assault 155 intl sc select s19eft8ps peb -2019<br \/>\nPOLARIS 2019 800 RUSH PRO S SC SELECT S19DCH8PS SUSPENSION CONTROL ARMS AND SPINDLE S19DCH8PS ALL OPTIONS 49SNOWSUSPFRT15PROS<br \/>\npolaris 800 rush pro s sc select s19dch8ps -2019<br \/>\nPOLARIS 2019 800 SWITCHBACK ADVENTURE ES S19DDE8PSL SUSPENSION CONTROL ARMS AND SPINDLE S19DDE8PSL 49SNOWSUSPFRT15PROS<br \/>\npolaris 800 switchback adventure es s19dde8psl -2019<br \/>\nPOLARIS 2019 800 SWITCHBACK ASSAULT 144 INTL SC SELECT ALL OPTIONS S19EEC8PS PEB SUSPENSION CONTROL ARMS AND SPINDLE S19EEC8PS PEB ALL OPTIONS 49SNOWSUSPFRT15PROS<br \/>\npolaris 800 switchback assault 144 intl sc select all options s19eec8ps peb -2019<br \/>\nPOLARIS 2019 800 SWITCHBACK PRO S SC SELECT ALL OPTIONS S19DDH8PS SUSPENSION CONTROL ARMS AND SPINDLE S19DDH8PS ALL OPTIONS 49SNOWSUSPFRT15PROS<br \/>\npolaris 800 switchback pro s sc select all options s19ddh8ps -2019<br \/>\nPOLARIS 2019 850 INDY SC 129 SC SELECT ALL OPTIONS S19EKP8RS REM SUSPENSION CONTROL ARMS AND SPINDLE S19EKP8RS REM 49SNOWSUSPFRT15PROS<br \/>\npolaris 850 indy sc 129 sc select all options s19ekp8rs rem -2019<br \/>\nPOLARIS 2019 850 RUSH PRO S SC SELECT R02 S19DCH8RS SUSPENSION CONTROL ARMS AND SPINDLE S19DCH8RS ALL OPTIONS 49SNOWSUSPFRT15PROS<br \/>\npolaris 850 rush pro s sc select r02 s19dch8rs -2019<br \/>\nPOLARIS 2019 850 SWITCHBACK ASSAULT SC SELECT R02 S19EEC8RS REM SUSPENSION CONTROL ARMS AND SPINDLE S19EEC8RS REM ALL OPTIONS 49SNOWSUSPFRT15PROS<br \/>\npolaris 850 switchback assault sc select r02 s19eec8rs rem -2019<br \/>\nPOLARIS 2019 850 SWITCHBACK PRO S SC SELECT ALL OPTIONS R02 S19DDH8RS SUSPENSION CONTROL ARMS AND SPINDLE S19DDH8RS ALL OPTIONS 49SNOWSUSPFRT15PROS<br \/>\npolaris 850 switchback pro s sc select all options r02 s19ddh8rs -2019<br \/>\nPOLARIS 2020 INDY 600 129 XCR SC SELECT R02 S20EKL6PS SUSPENSION CONTROL ARMS AND SPINDLE S20EKL6PS C601348<br \/>\npolaris indy 600 129 xcr sc select r02 s20ekl6ps -2020<br \/>\nPOLARIS 2020 INDY 800 129 XCR SC SELECT R02 S20EKL8PS SUSPENSION CONTROL ARMS AND SPINDLE S20EKL8PS C601348<br \/>\npolaris indy 800 129 xcr sc select r02 s20ekl8ps -2020<br \/>\nPOLARIS 2020 INDY 850 129 XCR SC SELECT R02 S20EKL8RS SUSPENSION CONTROL ARMS AND SPINDLE S20EKL8RS C601348<br \/>\npolaris indy 850 129 xcr sc select r02 s20ekl8rs -2020<br \/>\nPOLARIS 2020 INDY ADVENTURE 600 137 SC SELECT R01 S20EDE6PS SUSPENSION CONTROL ARMS AND SPINDLE S20EDE6PS ALL OPTIONS C601157<br \/>\npolaris indy adventure 600 137 sc select r01 s20ede6ps -2020<br \/>\nPOLARIS 2020 INDY ADVENTURE 800 137 SC SELECT ALL OPTIONS R01 S20EDE8PS SUSPENSION CONTROL ARMS AND SPINDLE S20EDE8PS ALL OPTIONS C601157<br \/>\npolaris indy adventure 800 137 sc select all options r01 s20ede8ps -2020<br \/>\nPOLARIS 2020 INDY ADVENTURE 850 137 INTL SC SELECT ALL OPTIONS R01 S20EDE8RS 8REM SUSPENSION CONTROL ARMS AND SPINDLE S20EDE8RS 8REM ALL OPTIONS C601157<br \/>\npolaris indy adventure 850 137 intl sc select all options r01 s20ede8rs 8rem -2020<br \/>\nPOLARIS 2020 INDY SP 600 129 ES R02 S20EKB6PSL SUSPENSION CONTROL ARMS AND SPINDLE S20EKB6PSL C601273<br \/>\npolaris indy sp 600 129 es r02 s20ekb6psl -2020<br \/>\nPOLARIS 2020 INDY SP 600 137 ES R01 S20EDB6PSL SUSPENSION CONTROL ARMS AND SPINDLE S20EDB6PSL C601273<br \/>\npolaris indy sp 600 137 es r01 s20edb6psl -2020<br \/>\nPOLARIS 2020 INDY XC 600 129 INTL SC SELECT ALL OPTIONS R01 S20EKP6PS 6PE SUSPENSION CONTROL ARMS AND SPINDLE S20EKP6PS 6PE C601157<br \/>\npolaris indy xc 600 129 intl sc select all options r01 s20ekp6ps 6pe -2020<br \/>\nPOLARIS 2020 INDY XC 600 137 INTL SC SELECT ALL OPTIONS R01 S20EDP6PS 6PEM SUSPENSION CONTROL ARMS AND SPINDLE S20EDP6PS 6PEM C601157<br \/>\npolaris indy xc 600 137 intl sc select all options r01 s20edp6ps 6pem -2020<br \/>\nPOLARIS 2020 INDY XC 800 129 SC SELECT R01 S20EKP8PS SUSPENSION CONTROL ARMS AND SPINDLE S20EKP8PS C601157<br \/>\npolaris indy xc 800 129 sc select r01 s20ekp8ps -2020<br \/>\nPOLARIS 2020 INDY XC 800 137 SC SELECT R01 S20EDP8PS SUSPENSION CONTROL ARMS AND SPINDLE S20EDP8PS ALL OPTIONS C601157<br \/>\npolaris indy xc 800 137 sc select r01 s20edp8ps -2020<br \/>\nPOLARIS 2020 INDY XC 850 129 SC SELECT INTL S20EKP8RS 8RE SUSPENSION CONTROL ARMS AND SPINDLE S20EKP8RS 8RE C601157<br \/>\npolaris indy xc 850 129 sc select intl s20ekp8rs 8re -2020<br \/>\nPOLARIS 2020 INDY XC 850 137 SC SELECT INTL R01 S20EDP8RS 8REM SUSPENSION CONTROL ARMS AND SPINDLE S20EDP8RS 8REM C601157<br \/>\npolaris indy xc 850 137 sc select intl r01 s20edp8rs 8rem -2020<br \/>\nPOLARIS 2020 RUSH PRO S SC SELECT 600 R01 S20DCH6PS SUSPENSION CONTROL ARMS AND SPINDLE S20DCH6PS ALL OPTIONS C601348<br \/>\npolaris rush pro s sc select 600 r01 s20dch6ps -2020<br \/>\nPOLARIS 2020 RUSH PRO S SC SELECT 800 R01 S20DCH8PS SUSPENSION CONTROL ARMS AND SPINDLE S20DCH8PS ALL OPTIONS C601348<br \/>\npolaris rush pro s sc select 800 r01 s20dch8ps -2020<br \/>\nPOLARIS 2020 RUSH PRO S SC SELECT 850 R01 S20DCH8RS SUSPENSION CONTROL ARMS AND SPINDLE S20DCH8RS ALL OPTIONS C601348<br \/>\npolaris rush pro s sc select 850 r01 s20dch8rs -2020<br \/>\nPOLARIS 2020 SWITCHBACK ASSAULT 600 144 INTL SC SELECT ALL OPTIONS R01 S20EEC6PS 6PEM SUSPENSION CONTROL ARMS AND SPINDLE S20EEC6PS 6PEM ALL OPTIONS C601157<br \/>\npolaris switchback assault 600 144 intl sc select all options r01 s20eec6ps 6pem -2020<br \/>\nPOLARIS 2020 SWITCHBACK ASSAULT 800 144 SC SELECT R01 S20EEC8PS SUSPENSION CONTROL ARMS AND SPINDLE S20EEC8PS C601157<br \/>\npolaris switchback assault 800 144 sc select r01 s20eec8ps -2020<br \/>\nPOLARIS 2020 SWITCHBACK ASSAULT 850 144 INTL SC SELECT R01 S20EEC8RS 8RE SUSPENSION CONTROL ARMS AND SPINDLE S20EEC8RS 8RE C601157<br \/>\npolaris switchback assault 850 144 intl sc select r01 s20eec8rs 8re -2020<br \/>\nPOLARIS 2020 SWITCHBACK PRO S 800 SC SELECT ALL OPTIONS R01 S20DDH8PS SUSPENSION CONTROL ARMS AND SPINDLE S20DDH8PS ALL OPTIONS C601348<br \/>\npolaris switchback pro s 800 sc select all options r01 s20ddh8ps -2020<br \/>\nPOLARIS 2020 SWITCHBACK PRO S SC 600 SELECT ALL OPTIONS R01 S20DDH6PS SUSPENSION CONTROL ARMS AND SPINDLE S20DDH6PS ALL OPTIONS C601348<br \/>\npolaris switchback pro s sc 600 select all options r01 s20ddh6ps -2020<br \/>\nPOLARIS 2020 SWITCHBACK PRO S SC SELECT 850 ALL OPTIONS R01 S20DDH8RS SUSPENSION CONTROL ARMS AND SPINDLE S20DDH8RS ALL OPTIONS C601348<br \/>\npolaris switchback pro s sc select 850 all options r01 s20ddh8rs -2020<br \/>\nPOLARIS 2020 SWITCHBACK XCR INTL SC SELECT 850 ALL OPTIONS R01 S20DDL8RS 8REM SUSPENSION CONTROL ARMS AND SPINDLE S20DDL8RS 8REM C601157<br \/>\npolaris switchback xcr intl sc select 850 all options r01 s20ddl8rs 8rem -2020<br \/>\nPOLARIS 2020 SWITCHBACK XCR SC SELECT 600 ALL OPTIONS R01 S20DDL6PS SUSPENSION CONTROL ARMS AND SPINDLE S20DDL6PS ALL OPTIONS C601348<br \/>\npolaris switchback xcr sc select 600 all options r01 s20ddl6ps -2020<br \/>\nPOLARIS 2020 SWITCHBACK XCR SC SELECT 800 ALL OPTIONS R01 S20DDL8PS SUSPENSION CONTROL ARMS AND SPINDLE S20DDL8PS ALL OPTIONS C601348<br \/>\npolaris switchback xcr sc select 800 all options r01 s20ddl8ps -2020<br \/>\nPOLARIS 2021 600 AXYS INDY ADVENTURE 137 ALL OPTIONS R01 S21EDE6PS SUSPENSION CONTROL ARMS AND SPINDLE S21EDE6PS ALL OPTIONS C601157<br \/>\npolaris 600 axys indy adventure 137 all options r01 s21ede6ps -2021<br \/>\nPOLARIS 2021 600 INDY SP 137 ES R01 S21EDB6PSL SUSPENSION CONTROL ARMS AND SPINDLE S21EDB6PSL C601273<br \/>\npolaris 600 indy sp 137 es r01 s21edb6psl -2021<br \/>\nPOLARIS 2021 600 SWITCHBACK PRO S ALL OPTIONS R01 S21DDH6PS SUSPENSION CONTROL ARMS AND SPINDLE S21DDH6PS ALL OPTIONS C601157<br \/>\npolaris 600 switchback pro s all options r01 s21ddh6ps -2021<br \/>\nPOLARIS 2021 600 SWITCHBACK XCR ALL OPTIONS R01 S21DDL6PS SUSPENSION CONTROL ARMS AND SPINDLE S21DDL6PS ALL OPTIONS C601731<br \/>\npolaris 600 switchback xcr all options r01 s21ddl6ps -2021<br \/>\nPOLARIS 2021 850 INDY ADVENTURE 137 ALL OPTIONS R02 S21EDE8RS SUSPENSION CONTROL ARMS AND SPINDLE S21EDE8RS ALL OPTIONS C601157<br \/>\npolaris 850 indy adventure 137 all options r02 s21ede8rs -2021<br \/>\nPOLARIS 2021 850 SWITCHBACK PRO S ALL OPTIONS R02 S21DDH8RS SUSPENSION CONTROL ARMS AND SPINDLE S21DDH8RS ALL OPTIONS C601157<br \/>\npolaris 850 switchback pro s all options r02 s21ddh8rs -2021<br \/>\nPOLARIS 2021 850 SWITCHBACK XCR ALL OPTIONS R01 S21DDL8RS SUSPENSION CONTROL ARMS AND SPINDLE S21DDL8RS ALL OPTIONS C601731<br \/>\npolaris 850 switchback xcr all options r01 s21ddl8rs -2021<\/p>","protected":false},"featured_media":27341,"comment_status":"open","ping_status":"closed","template":"","meta":{"_acf_changed":false},"demonterat-fordon":[],"fordons-typ":[641],"make":[636],"parts-filter":[658,950],"prod-typ":[715],"tillverkare":[865],"product_brand":[],"product_cat":[107],"product_tag":[],"class_list":{"0":"post-27463","1":"product","2":"type-product","3":"status-publish","4":"has-post-thumbnail","6":"fordons-typ-sno","7":"make-polaris","8":"parts-filter-axys","9":"parts-filter-matryx","10":"prod-typ-beg","11":"tillverkare-polaris","12":"product_cat-a-armar","14":"first","15":"instock","16":"purchasable","17":"product-type-simple"},"acf":[],"_links":{"self":[{"href":"https:\/\/whitepowder.se\/en\/wp-json\/wp\/v2\/product\/27463","targetHints":{"allow":["GET"]}}],"collection":[{"href":"https:\/\/whitepowder.se\/en\/wp-json\/wp\/v2\/product"}],"about":[{"href":"https:\/\/whitepowder.se\/en\/wp-json\/wp\/v2\/types\/product"}],"replies":[{"embeddable":true,"href":"https:\/\/whitepowder.se\/en\/wp-json\/wp\/v2\/comments?post=27463"}],"wp:featuredmedia":[{"embeddable":true,"href":"https:\/\/whitepowder.se\/en\/wp-json\/wp\/v2\/media\/27341"}],"wp:attachment":[{"href":"https:\/\/whitepowder.se\/en\/wp-json\/wp\/v2\/media?parent=27463"}],"wp:term":[{"taxonomy":"demonterat-fordon","embeddable":true,"href":"https:\/\/whitepowder.se\/en\/wp-json\/wp\/v2\/demonterat-fordon?post=27463"},{"taxonomy":"fordons-typ","embeddable":true,"href":"https:\/\/whitepowder.se\/en\/wp-json\/wp\/v2\/fordons-typ?post=27463"},{"taxonomy":"make","embeddable":true,"href":"https:\/\/whitepowder.se\/en\/wp-json\/wp\/v2\/make?post=27463"},{"taxonomy":"parts-filter","embeddable":true,"href":"https:\/\/whitepowder.se\/en\/wp-json\/wp\/v2\/parts-filter?post=27463"},{"taxonomy":"prod-typ","embeddable":true,"href":"https:\/\/whitepowder.se\/en\/wp-json\/wp\/v2\/prod-typ?post=27463"},{"taxonomy":"tillverkare","embeddable":true,"href":"https:\/\/whitepowder.se\/en\/wp-json\/wp\/v2\/tillverkare?post=27463"},{"taxonomy":"product_brand","embeddable":true,"href":"https:\/\/whitepowder.se\/en\/wp-json\/wp\/v2\/product_brand?post=27463"},{"taxonomy":"product_cat","embeddable":true,"href":"https:\/\/whitepowder.se\/en\/wp-json\/wp\/v2\/product_cat?post=27463"},{"taxonomy":"product_tag","embeddable":true,"href":"https:\/\/whitepowder.se\/en\/wp-json\/wp\/v2\/product_tag?post=27463"}],"curies":[{"name":"wp","href":"https:\/\/api.w.org\/{rel}","templated":true}]}}