{"id":28255,"date":"2026-03-24T15:08:41","date_gmt":"2026-03-24T14:08:41","guid":{"rendered":"https:\/\/whitepowder.se\/?post_type=product&#038;p=28255"},"modified":"2026-03-24T15:17:55","modified_gmt":"2026-03-24T14:17:55","slug":"polaris-7045030-center-dampare","status":"publish","type":"product","link":"https:\/\/whitepowder.se\/en\/polaris-7045030-center-dampare\/","title":{"rendered":"Polaris 7045030 &#8211; Center D\u00e4mpare cc29.8cm Walker Evans"},"content":{"rendered":"<p>Polaris 7045030 &#8211; Center D\u00e4mpare cc29.8cm Walker Evans<\/p>\n<p>SHOCK-FT W\/E MONOTUBE BLK<\/p>\n<p>walker evans cc29.8cm<br \/>\nsvart fj\u00e4der tr\u00e5d dia 7.5mm<br \/>\nCenter, Fr\u00e4mre boggie<\/p>\n<p>M\u00e5tt \u00f6gla inf\u00e4stning \u00d6vre + Nedre ,. Utan bussningar<br \/>\nBredd 18mm<br \/>\nH\u00e5l diameter 25mm<\/p>\n<p>Assembly number (St\u00f6td\u00e4mpare med fj\u00e4der) 1543950-458<\/p>\n<p>Har suttit p\u00e5 : 2022 RMK PRO 155 850, D\u00e4mparen har g\u00e5tt ca 50 mil<\/p>\n<p>FTS , FRONT TRACK SHOCK<br \/>\nExtended Length (inches) 11.75<br \/>\nCollapsed Length (inches) 8.21<br \/>\nStroke (inches) 3.540<br \/>\nShock Rod (inches) .500<br \/>\nIFP Depth (inches) 4.04<\/p>","protected":false},"excerpt":{"rendered":"<p>Polaris 7045030 Sitter Original p\u00e5 :<\/p>\n<p>850 RMK PRO 155 2.75&#8243;&#8221; \/ 155 3&#8243;&#8221; ALL OPTIONS (2022) (R02) (S22EFA8RS\/EFB8RS)<br \/>\n850 RMK PRO 163\/165 ALL OPTIONS (2022) (R02) (S22EGB8RS\/EGA8RS)<br \/>\nS19EFK8R\/EFM8R 850 PRO-RMK 155\/INTL SC SELECT (2019) (R04) (S19EFK8R\/EFM8R)<br \/>\nS19EGK8R\/EGM8R 850 AXYS PRO-RMK 163\/INTL SC SELECT (2019) (R04) (S19EGK8R\/EGM8R)<br \/>\nS19EHM8R 850 AXYS PRO-RMK\/INTL 174 3&#8243;&#8221; SC SELECT (2019) (R04) (S19EHM8R)<br \/>\nS20EFK8RS\/EFK8RE\/EFM8RS\/EFM8RE 850 AXYS PRO-RMK 155\/155 3&#8243;&#8221;\/INTL (2020) (R01) (S20EFK8RS\/EFK8RE\/EFM8RS\/EFM8RE)<br \/>\nS20EGK8RS\/EGM8RS\/EGM8RE 850 AXYS PRO-RMK 163\/163 3&#8243;&#8221;\/INTL SC SELECT (2020) (R01) (S20EGK8RS\/EGM8RS\/EGM8RE)<br \/>\nS20EHM8RS 850 AXYS PRO RMK 174 3&#8243;&#8221; SC SELECT (2020) (R02) (S20EHM8RS)<br \/>\nS21EFK8R\/EFM8R 850 AXYS PRO-RMK 155\/155 3&#8243;&#8221;\/INTL (2021) (R02) (S21EFK8R\/EFM8R)<br \/>\nS21EGK8R\/EGM8R 850 AXYS PRO-RMK 163\/165\/INTL ALL OPTIONS (2021) (R02) (S21EGK8R\/EGM8R)<br \/>\nS21EHK8RC 850 AXYS PRO-RMK 174&#8243;&#8221; ALL OPTIONS (2021) (R02) (S21EHK8RC)<\/p>","protected":false},"featured_media":28256,"comment_status":"open","ping_status":"closed","template":"","meta":{"_acf_changed":false},"demonterat-fordon":[],"fordons-typ":[641],"make":[636],"parts-filter":[658,950],"prod-typ":[715],"tillverkare":[865],"product_brand":[],"product_cat":[209],"product_tag":[850,1103],"class_list":{"0":"post-28255","1":"product","2":"type-product","3":"status-publish","4":"has-post-thumbnail","6":"fordons-typ-sno","7":"make-polaris","8":"parts-filter-axys","9":"parts-filter-matryx","10":"prod-typ-beg","11":"tillverkare-polaris","12":"product_cat-center","13":"product_tag-walker-evans","14":"product_tag-walker-evans-shock","16":"first","17":"instock","18":"purchasable","19":"product-type-simple"},"acf":[],"_links":{"self":[{"href":"https:\/\/whitepowder.se\/en\/wp-json\/wp\/v2\/product\/28255","targetHints":{"allow":["GET"]}}],"collection":[{"href":"https:\/\/whitepowder.se\/en\/wp-json\/wp\/v2\/product"}],"about":[{"href":"https:\/\/whitepowder.se\/en\/wp-json\/wp\/v2\/types\/product"}],"replies":[{"embeddable":true,"href":"https:\/\/whitepowder.se\/en\/wp-json\/wp\/v2\/comments?post=28255"}],"wp:featuredmedia":[{"embeddable":true,"href":"https:\/\/whitepowder.se\/en\/wp-json\/wp\/v2\/media\/28256"}],"wp:attachment":[{"href":"https:\/\/whitepowder.se\/en\/wp-json\/wp\/v2\/media?parent=28255"}],"wp:term":[{"taxonomy":"demonterat-fordon","embeddable":true,"href":"https:\/\/whitepowder.se\/en\/wp-json\/wp\/v2\/demonterat-fordon?post=28255"},{"taxonomy":"fordons-typ","embeddable":true,"href":"https:\/\/whitepowder.se\/en\/wp-json\/wp\/v2\/fordons-typ?post=28255"},{"taxonomy":"make","embeddable":true,"href":"https:\/\/whitepowder.se\/en\/wp-json\/wp\/v2\/make?post=28255"},{"taxonomy":"parts-filter","embeddable":true,"href":"https:\/\/whitepowder.se\/en\/wp-json\/wp\/v2\/parts-filter?post=28255"},{"taxonomy":"prod-typ","embeddable":true,"href":"https:\/\/whitepowder.se\/en\/wp-json\/wp\/v2\/prod-typ?post=28255"},{"taxonomy":"tillverkare","embeddable":true,"href":"https:\/\/whitepowder.se\/en\/wp-json\/wp\/v2\/tillverkare?post=28255"},{"taxonomy":"product_brand","embeddable":true,"href":"https:\/\/whitepowder.se\/en\/wp-json\/wp\/v2\/product_brand?post=28255"},{"taxonomy":"product_cat","embeddable":true,"href":"https:\/\/whitepowder.se\/en\/wp-json\/wp\/v2\/product_cat?post=28255"},{"taxonomy":"product_tag","embeddable":true,"href":"https:\/\/whitepowder.se\/en\/wp-json\/wp\/v2\/product_tag?post=28255"}],"curies":[{"name":"wp","href":"https:\/\/api.w.org\/{rel}","templated":true}]}}