{"id":5498,"date":"2024-03-14T21:36:13","date_gmt":"2024-03-14T20:36:13","guid":{"rendered":"https:\/\/whitepowder.se\/product\/extreme-bukskydd-brp-vit\/"},"modified":"2026-01-19T15:16:14","modified_gmt":"2026-01-19T14:16:14","slug":"brp-860201188-extreme-bukskydd-vit","status":"publish","type":"product","link":"https:\/\/whitepowder.se\/en\/brp-860201188-extreme-bukskydd-vit\/","title":{"rendered":"BRP 860201188 &#8211; Extreme bukskydd  &#8211; Vit"},"content":{"rendered":"<p>BRP 860201188 &#8211; Bukskyddet har LYNX logga men passar \u00e4ven Ski Doo<\/p>\n<p>Bukskyddet ger Friliggande a-armar vilket minskar risken f\u00f6r sn\u00f6ansamling. Ger b\u00e4sta m\u00f6jliga skydd. Sl\u00e4t undersida ger l\u00e4gre friktion.<br \/>\nMonteringssats ing\u00e5r.<\/p>\n<p>Passar: Ski Doo , REV XM \/ REV XS<br \/>\nPassar: LYNX , REX2<\/p>","protected":false},"excerpt":{"rendered":"<p>Passar: LYNX , REX2<\/p>\n<p>Passar: Ski Doo , REV XM \/ REV XS<br \/>\nSki-Doo<br \/>\nMX Z Sport 600 ACE 2015<br \/>\nMX Z X-RS E-TEC 600<br \/>\nH.O. 2014 \u2013 2016<br \/>\nMX Z X-RS E-TEC 800R 2014 \u2013 2016<br \/>\nMX Z X-RS Iron Dog 600<br \/>\nH.O. E-TEC 2017 \u2013 2018<br \/>\nRenegade X-RS 600 H.O. E-TEC 2016 \u2013 2017<br \/>\nRenegade X-RS 800R E-TEC 2015 \u2013 2017<br \/>\nRenegade X 1200 4-TEC 2016 \u2013 2018<br \/>\nRenegade Backcountry 600 H.O. E-TEC 2017 \u2013 2018<br \/>\nRenegade Backcountry X E-TEC 800R 2014,<br \/>\n2016 \u2013 2017<br \/>\nRenegade Backcountry X E-TEC 600 2014 \u2013 2015<br \/>\nRenegade Sport 600<br \/>\nACE 2015 \u2013 2018<br \/>\nRenegade Adrenaline 900 ACE 2014 \u2013 2018<br \/>\nFreeride 137\u2033<br \/>\n800R E-TEC 2014 \u2013 2017<br \/>\nFreeride 146\u2033 800R E-TEC 2014 \u2013 2017<br \/>\nFreeride 154\u2033<br \/>\n800R E-TEC 2014 \u2013 2017<br \/>\nSummit X 146 800R E-TEC 2014 \u2013 2015<br \/>\nSummit X 154\u2033<br \/>\n800R E-TEC 2014 \u2013 2015<br \/>\nSummit X 163\u2033 800R E-TEC 2014 \u2013 2015<br \/>\nSummit X T3<br \/>\n154\u2033 800R E-TEC 2016<br \/>\nSummit X T3 163\u2033 800R E-TEC 2015 \u2013 2016<br \/>\nSummit X T3<br \/>\n174\u2033 800R E-TEC 2015 \u2013 2016<br \/>\nSummit SP 146\u2033 600 H.O. E-TEC 2014 \u2013 2018<br \/>\nSummit SP 146\u2033 800R E-TEC 2016<br \/>\nSummit SP 154\u2033 600 H.O. E-TEC 2015 \u2013 2018<br \/>\nSummit SP 154\u2033 800R E-TEC 2016<br \/>\nSummit SP 163\u2033 800R E-TEC 2016<br \/>\nGTX<br \/>\nSport 600 ACE 2015 \u2013 2018<br \/>\nExpedition Sport 900 ACE 2014 \u2013 2018<\/p>","protected":false},"featured_media":5505,"comment_status":"open","ping_status":"closed","template":"","meta":{"_acf_changed":false},"demonterat-fordon":[],"fordons-typ":[641],"make":[634,635],"parts-filter":[684,685],"prod-typ":[717],"tillverkare":[856,863,866],"product_brand":[],"product_cat":[320,256],"product_tag":[753,754,752],"class_list":{"0":"post-5498","1":"product","2":"type-product","3":"status-publish","4":"has-post-thumbnail","6":"fordons-typ-sno","7":"make-lynx","8":"make-ski-doo","9":"parts-filter-lynx","10":"parts-filter-ski-doo","11":"prod-typ-ny","12":"tillverkare-brp","13":"tillverkare-lynx","14":"tillverkare-ski-doo","15":"product_cat-skidplate","16":"product_cat-skid-plate","17":"product_tag-rev-xm","18":"product_tag-rev-xs","19":"product_tag-rex2","21":"first","22":"instock","23":"taxable","24":"shipping-taxable","25":"purchasable","26":"product-type-simple"},"acf":[],"_links":{"self":[{"href":"https:\/\/whitepowder.se\/en\/wp-json\/wp\/v2\/product\/5498","targetHints":{"allow":["GET"]}}],"collection":[{"href":"https:\/\/whitepowder.se\/en\/wp-json\/wp\/v2\/product"}],"about":[{"href":"https:\/\/whitepowder.se\/en\/wp-json\/wp\/v2\/types\/product"}],"replies":[{"embeddable":true,"href":"https:\/\/whitepowder.se\/en\/wp-json\/wp\/v2\/comments?post=5498"}],"wp:featuredmedia":[{"embeddable":true,"href":"https:\/\/whitepowder.se\/en\/wp-json\/wp\/v2\/media\/5505"}],"wp:attachment":[{"href":"https:\/\/whitepowder.se\/en\/wp-json\/wp\/v2\/media?parent=5498"}],"wp:term":[{"taxonomy":"demonterat-fordon","embeddable":true,"href":"https:\/\/whitepowder.se\/en\/wp-json\/wp\/v2\/demonterat-fordon?post=5498"},{"taxonomy":"fordons-typ","embeddable":true,"href":"https:\/\/whitepowder.se\/en\/wp-json\/wp\/v2\/fordons-typ?post=5498"},{"taxonomy":"make","embeddable":true,"href":"https:\/\/whitepowder.se\/en\/wp-json\/wp\/v2\/make?post=5498"},{"taxonomy":"parts-filter","embeddable":true,"href":"https:\/\/whitepowder.se\/en\/wp-json\/wp\/v2\/parts-filter?post=5498"},{"taxonomy":"prod-typ","embeddable":true,"href":"https:\/\/whitepowder.se\/en\/wp-json\/wp\/v2\/prod-typ?post=5498"},{"taxonomy":"tillverkare","embeddable":true,"href":"https:\/\/whitepowder.se\/en\/wp-json\/wp\/v2\/tillverkare?post=5498"},{"taxonomy":"product_brand","embeddable":true,"href":"https:\/\/whitepowder.se\/en\/wp-json\/wp\/v2\/product_brand?post=5498"},{"taxonomy":"product_cat","embeddable":true,"href":"https:\/\/whitepowder.se\/en\/wp-json\/wp\/v2\/product_cat?post=5498"},{"taxonomy":"product_tag","embeddable":true,"href":"https:\/\/whitepowder.se\/en\/wp-json\/wp\/v2\/product_tag?post=5498"}],"curies":[{"name":"wp","href":"https:\/\/api.w.org\/{rel}","templated":true}]}}