{"id":5501,"date":"2024-03-14T21:36:14","date_gmt":"2024-03-14T20:36:14","guid":{"rendered":"https:\/\/whitepowder.se\/product\/extreme-bukskydd-brp-gul\/"},"modified":"2026-01-19T15:16:13","modified_gmt":"2026-01-19T14:16:13","slug":"brp-860201206-extreme-bukskydd-gul","status":"publish","type":"product","link":"https:\/\/whitepowder.se\/en\/brp-860201206-extreme-bukskydd-gul\/","title":{"rendered":"BRP 860201206 &#8211; Extreme bukskydd &#8211; Gul"},"content":{"rendered":"<p>BRP 860201206 &#8211; Extreme bukskydd , Bukskyddet har LYNX logga men passar \u00e4ven Ski Doo<\/p>\n<p>Bukskyddet ger Friliggande a-armar vilket minskar risken f\u00f6r sn\u00f6ansamling. Ger b\u00e4sta m\u00f6jliga skydd. Sl\u00e4t undersida ger l\u00e4gre friktion.<br \/>\nMonteringssats ing\u00e5r.<\/p>\n<p>Passar: Ski Doo , REV XM \/ REV XS<br \/>\nPassar: LYNX , REX2<\/p>","protected":false},"excerpt":{"rendered":"<p>Passar: LYNX , REX2<\/p>\n<p>Passar: Ski Doo , REV XM \/ REV XS<br \/>\nSki-Doo<br \/>\nMX Z Sport 600 ACE 2015<br \/>\nMX Z X-RS E-TEC 600<br \/>\nH.O. 2014 \u2013 2016<br \/>\nMX Z X-RS E-TEC 800R 2014 \u2013 2016<br \/>\nMX Z X-RS Iron Dog 600<br \/>\nH.O. E-TEC 2017 \u2013 2018<br \/>\nRenegade X-RS 600 H.O. E-TEC 2016 \u2013 2017<br \/>\nRenegade X-RS 800R E-TEC 2015 \u2013 2017<br \/>\nRenegade X 1200 4-TEC 2016 \u2013 2018<br \/>\nRenegade Backcountry 600 H.O. E-TEC 2017 \u2013 2018<br \/>\nRenegade Backcountry X E-TEC 800R 2014,<br \/>\n2016 \u2013 2017<br \/>\nRenegade Backcountry X E-TEC 600 2014 \u2013 2015<br \/>\nRenegade Sport 600<br \/>\nACE 2015 \u2013 2018<br \/>\nRenegade Adrenaline 900 ACE 2014 \u2013 2018<br \/>\nFreeride 137\u2033<br \/>\n800R E-TEC 2014 \u2013 2017<br \/>\nFreeride 146\u2033 800R E-TEC 2014 \u2013 2017<br \/>\nFreeride 154\u2033<br \/>\n800R E-TEC 2014 \u2013 2017<br \/>\nSummit X 146 800R E-TEC 2014 \u2013 2015<br \/>\nSummit X 154\u2033<br \/>\n800R E-TEC 2014 \u2013 2015<br \/>\nSummit X 163\u2033 800R E-TEC 2014 \u2013 2015<br \/>\nSummit X T3<br \/>\n154\u2033 800R E-TEC 2016<br \/>\nSummit X T3 163\u2033 800R E-TEC 2015 \u2013 2016<br \/>\nSummit X T3<br \/>\n174\u2033 800R E-TEC 2015 \u2013 2016<br \/>\nSummit SP 146\u2033 600 H.O. E-TEC 2014 \u2013 2018<br \/>\nSummit SP 146\u2033 800R E-TEC 2016<br \/>\nSummit SP 154\u2033 600 H.O. E-TEC 2015 \u2013 2018<br \/>\nSummit SP 154\u2033 800R E-TEC 2016<br \/>\nSummit SP 163\u2033 800R E-TEC 2016<br \/>\nGTX<br \/>\nSport 600 ACE 2015 \u2013 2018<br \/>\nExpedition Sport 900 ACE 2014 \u2013 2018<\/p>","protected":false},"featured_media":5502,"comment_status":"open","ping_status":"closed","template":"","meta":{"_acf_changed":false},"demonterat-fordon":[],"fordons-typ":[641],"make":[634,635],"parts-filter":[684,687,764,763,685],"prod-typ":[717],"tillverkare":[856,863,866],"product_brand":[],"product_cat":[320,256],"product_tag":[753,754,752],"class_list":{"0":"post-5501","1":"product","2":"type-product","3":"status-publish","4":"has-post-thumbnail","6":"fordons-typ-sno","7":"make-lynx","8":"make-ski-doo","9":"parts-filter-lynx","10":"parts-filter-rev-xm","11":"parts-filter-rev-xs","12":"parts-filter-rex2","13":"parts-filter-ski-doo","14":"prod-typ-ny","15":"tillverkare-brp","16":"tillverkare-lynx","17":"tillverkare-ski-doo","18":"product_cat-skidplate","19":"product_cat-skid-plate","20":"product_tag-rev-xm","21":"product_tag-rev-xs","22":"product_tag-rex2","24":"first","25":"instock","26":"taxable","27":"shipping-taxable","28":"purchasable","29":"product-type-simple"},"acf":[],"_links":{"self":[{"href":"https:\/\/whitepowder.se\/en\/wp-json\/wp\/v2\/product\/5501","targetHints":{"allow":["GET"]}}],"collection":[{"href":"https:\/\/whitepowder.se\/en\/wp-json\/wp\/v2\/product"}],"about":[{"href":"https:\/\/whitepowder.se\/en\/wp-json\/wp\/v2\/types\/product"}],"replies":[{"embeddable":true,"href":"https:\/\/whitepowder.se\/en\/wp-json\/wp\/v2\/comments?post=5501"}],"wp:featuredmedia":[{"embeddable":true,"href":"https:\/\/whitepowder.se\/en\/wp-json\/wp\/v2\/media\/5502"}],"wp:attachment":[{"href":"https:\/\/whitepowder.se\/en\/wp-json\/wp\/v2\/media?parent=5501"}],"wp:term":[{"taxonomy":"demonterat-fordon","embeddable":true,"href":"https:\/\/whitepowder.se\/en\/wp-json\/wp\/v2\/demonterat-fordon?post=5501"},{"taxonomy":"fordons-typ","embeddable":true,"href":"https:\/\/whitepowder.se\/en\/wp-json\/wp\/v2\/fordons-typ?post=5501"},{"taxonomy":"make","embeddable":true,"href":"https:\/\/whitepowder.se\/en\/wp-json\/wp\/v2\/make?post=5501"},{"taxonomy":"parts-filter","embeddable":true,"href":"https:\/\/whitepowder.se\/en\/wp-json\/wp\/v2\/parts-filter?post=5501"},{"taxonomy":"prod-typ","embeddable":true,"href":"https:\/\/whitepowder.se\/en\/wp-json\/wp\/v2\/prod-typ?post=5501"},{"taxonomy":"tillverkare","embeddable":true,"href":"https:\/\/whitepowder.se\/en\/wp-json\/wp\/v2\/tillverkare?post=5501"},{"taxonomy":"product_brand","embeddable":true,"href":"https:\/\/whitepowder.se\/en\/wp-json\/wp\/v2\/product_brand?post=5501"},{"taxonomy":"product_cat","embeddable":true,"href":"https:\/\/whitepowder.se\/en\/wp-json\/wp\/v2\/product_cat?post=5501"},{"taxonomy":"product_tag","embeddable":true,"href":"https:\/\/whitepowder.se\/en\/wp-json\/wp\/v2\/product_tag?post=5501"}],"curies":[{"name":"wp","href":"https:\/\/api.w.org\/{rel}","templated":true}]}}