{"id":5797,"date":"2024-03-21T13:55:06","date_gmt":"2024-03-21T12:55:06","guid":{"rendered":"https:\/\/whitepowder.se\/product\/carlisle-ultimax-atv-ua437-drive-belt\/"},"modified":"2025-08-20T09:30:06","modified_gmt":"2025-08-20T07:30:06","slug":"carlisle-ultimax-atv-ua437-drive-belt","status":"publish","type":"product","link":"https:\/\/whitepowder.se\/en\/carlisle-ultimax-atv-ua437-drive-belt\/","title":{"rendered":"Carlisle Ultimax ATV UA437 &#8211; Drive Belt"},"content":{"rendered":"<p>Carlisle Ultimax ATV UA437 Variatorrem &#8211; Drivrem ,\u00a0 ATV UA till ATV, UTV och SxS<br \/>\nArctic 700 2006-08 &amp; Suzuki LT-A 700\/750 X KINGQUAD 2005-13<\/p>","protected":false},"excerpt":{"rendered":"<p>Passar<br \/>\nARCTIC CAT<br \/>\nmodell Fr\u00e5n \u00e5r Till \u00e5r<br \/>\n700 4X4 TRV 2008 2008<br \/>\n700 EFI 4X4 2008 2008<\/p>\n<p>SUZUKI<br \/>\nmodell Fr\u00e5n \u00e5r Till \u00e5r<br \/>\nKING QUAD 700X LTA 2005 2007<br \/>\nKING QUAD 750X LTA 2008 2013<\/p>\n<p>&nbsp;<\/p>\n<p><a href=\"https:\/\/whitepowder.se\/wp-content\/uploads\/2024\/03\/Ultimax-atv-utv-sxs-belt-interchange.pdf\">Ultimax-atv-utv-sxs-belt-interchange.pdf<\/a><\/p>","protected":false},"featured_media":5766,"comment_status":"open","ping_status":"closed","template":"","meta":{"_acf_changed":false},"demonterat-fordon":[],"fordons-typ":[642],"make":[627,626],"parts-filter":[],"prod-typ":[717],"tillverkare":[858],"product_brand":[],"product_cat":[399],"product_tag":[],"class_list":{"0":"post-5797","1":"product","2":"type-product","3":"status-publish","4":"has-post-thumbnail","6":"fordons-typ-atv-utv","7":"make-arctic-cat","8":"make-suzuki","9":"prod-typ-ny","10":"tillverkare-carlisle","11":"product_cat-variatorrem","13":"first","14":"instock","15":"taxable","16":"shipping-taxable","17":"purchasable","18":"product-type-simple"},"acf":[],"_links":{"self":[{"href":"https:\/\/whitepowder.se\/en\/wp-json\/wp\/v2\/product\/5797","targetHints":{"allow":["GET"]}}],"collection":[{"href":"https:\/\/whitepowder.se\/en\/wp-json\/wp\/v2\/product"}],"about":[{"href":"https:\/\/whitepowder.se\/en\/wp-json\/wp\/v2\/types\/product"}],"replies":[{"embeddable":true,"href":"https:\/\/whitepowder.se\/en\/wp-json\/wp\/v2\/comments?post=5797"}],"wp:featuredmedia":[{"embeddable":true,"href":"https:\/\/whitepowder.se\/en\/wp-json\/wp\/v2\/media\/5766"}],"wp:attachment":[{"href":"https:\/\/whitepowder.se\/en\/wp-json\/wp\/v2\/media?parent=5797"}],"wp:term":[{"taxonomy":"demonterat-fordon","embeddable":true,"href":"https:\/\/whitepowder.se\/en\/wp-json\/wp\/v2\/demonterat-fordon?post=5797"},{"taxonomy":"fordons-typ","embeddable":true,"href":"https:\/\/whitepowder.se\/en\/wp-json\/wp\/v2\/fordons-typ?post=5797"},{"taxonomy":"make","embeddable":true,"href":"https:\/\/whitepowder.se\/en\/wp-json\/wp\/v2\/make?post=5797"},{"taxonomy":"parts-filter","embeddable":true,"href":"https:\/\/whitepowder.se\/en\/wp-json\/wp\/v2\/parts-filter?post=5797"},{"taxonomy":"prod-typ","embeddable":true,"href":"https:\/\/whitepowder.se\/en\/wp-json\/wp\/v2\/prod-typ?post=5797"},{"taxonomy":"tillverkare","embeddable":true,"href":"https:\/\/whitepowder.se\/en\/wp-json\/wp\/v2\/tillverkare?post=5797"},{"taxonomy":"product_brand","embeddable":true,"href":"https:\/\/whitepowder.se\/en\/wp-json\/wp\/v2\/product_brand?post=5797"},{"taxonomy":"product_cat","embeddable":true,"href":"https:\/\/whitepowder.se\/en\/wp-json\/wp\/v2\/product_cat?post=5797"},{"taxonomy":"product_tag","embeddable":true,"href":"https:\/\/whitepowder.se\/en\/wp-json\/wp\/v2\/product_tag?post=5797"}],"curies":[{"name":"wp","href":"https:\/\/api.w.org\/{rel}","templated":true}]}}