{"id":6039,"date":"2024-03-25T14:31:24","date_gmt":"2024-03-25T13:31:24","guid":{"rendered":"https:\/\/whitepowder.se\/product\/polaris-demand-drive-fluid-1liter\/"},"modified":"2025-09-25T14:44:43","modified_gmt":"2025-09-25T12:44:43","slug":"polaris-demand-drive-fluid","status":"publish","type":"product","link":"https:\/\/whitepowder.se\/en\/polaris-demand-drive-fluid\/","title":{"rendered":"Polaris Demand Drive Fluid 1liter"},"content":{"rendered":"<p>Polaris Demand Drive Fluid f\u00f6r Polaris ATV och UTV, 1liter.<br \/>\nDenna olja anv\u00e4nds ofta i fr\u00e4mre differentialen och demand drive v\u00e4xeln p\u00e5 nyare Polaris ATV och UTV.<\/p>","protected":false},"excerpt":{"rendered":"<p>Polaris Demand Drive Fluid f\u00f6r Polaris ATV och UTV, 1liter. Denna olja anv\u00e4nds ofta i fr\u00e4mre differentialen och demand drive v\u00e4xeln p\u00e5 nyare Polaris ATV och UTV.<\/p>","protected":false},"featured_media":6047,"comment_status":"open","ping_status":"closed","template":"","meta":{"_acf_changed":false},"demonterat-fordon":[],"fordons-typ":[642],"make":[636],"parts-filter":[],"prod-typ":[717],"tillverkare":[865],"product_brand":[],"product_cat":[281],"product_tag":[],"class_list":{"0":"post-6039","1":"product","2":"type-product","3":"status-publish","4":"has-post-thumbnail","6":"fordons-typ-atv-utv","7":"make-polaris","8":"prod-typ-ny","9":"tillverkare-polaris","10":"product_cat-olja","12":"first","13":"instock","14":"taxable","15":"shipping-taxable","16":"purchasable","17":"product-type-simple"},"acf":[],"_links":{"self":[{"href":"https:\/\/whitepowder.se\/en\/wp-json\/wp\/v2\/product\/6039","targetHints":{"allow":["GET"]}}],"collection":[{"href":"https:\/\/whitepowder.se\/en\/wp-json\/wp\/v2\/product"}],"about":[{"href":"https:\/\/whitepowder.se\/en\/wp-json\/wp\/v2\/types\/product"}],"replies":[{"embeddable":true,"href":"https:\/\/whitepowder.se\/en\/wp-json\/wp\/v2\/comments?post=6039"}],"wp:featuredmedia":[{"embeddable":true,"href":"https:\/\/whitepowder.se\/en\/wp-json\/wp\/v2\/media\/6047"}],"wp:attachment":[{"href":"https:\/\/whitepowder.se\/en\/wp-json\/wp\/v2\/media?parent=6039"}],"wp:term":[{"taxonomy":"demonterat-fordon","embeddable":true,"href":"https:\/\/whitepowder.se\/en\/wp-json\/wp\/v2\/demonterat-fordon?post=6039"},{"taxonomy":"fordons-typ","embeddable":true,"href":"https:\/\/whitepowder.se\/en\/wp-json\/wp\/v2\/fordons-typ?post=6039"},{"taxonomy":"make","embeddable":true,"href":"https:\/\/whitepowder.se\/en\/wp-json\/wp\/v2\/make?post=6039"},{"taxonomy":"parts-filter","embeddable":true,"href":"https:\/\/whitepowder.se\/en\/wp-json\/wp\/v2\/parts-filter?post=6039"},{"taxonomy":"prod-typ","embeddable":true,"href":"https:\/\/whitepowder.se\/en\/wp-json\/wp\/v2\/prod-typ?post=6039"},{"taxonomy":"tillverkare","embeddable":true,"href":"https:\/\/whitepowder.se\/en\/wp-json\/wp\/v2\/tillverkare?post=6039"},{"taxonomy":"product_brand","embeddable":true,"href":"https:\/\/whitepowder.se\/en\/wp-json\/wp\/v2\/product_brand?post=6039"},{"taxonomy":"product_cat","embeddable":true,"href":"https:\/\/whitepowder.se\/en\/wp-json\/wp\/v2\/product_cat?post=6039"},{"taxonomy":"product_tag","embeddable":true,"href":"https:\/\/whitepowder.se\/en\/wp-json\/wp\/v2\/product_tag?post=6039"}],"curies":[{"name":"wp","href":"https:\/\/api.w.org\/{rel}","templated":true}]}}