{"id":6041,"date":"2024-03-25T14:31:24","date_gmt":"2024-03-25T13:31:24","guid":{"rendered":"https:\/\/whitepowder.se\/product\/ps-4-5w-50-motor-olja-4-takt-1-liter\/"},"modified":"2025-09-25T14:44:44","modified_gmt":"2025-09-25T12:44:44","slug":"polaris-ps-4-5w-50-motor-olja","status":"publish","type":"product","link":"https:\/\/whitepowder.se\/en\/polaris-ps-4-5w-50-motor-olja\/","title":{"rendered":"Polaris PS-4 5w-50 Motor olja 4-takt 1 liter"},"content":{"rendered":"<p>Polaris Original PS-4 4-takts motorolja f\u00f6r ATV och skoter, 1 Liter.<br \/>\nKlarar av b\u00e5de h\u00f6ga och l\u00e5ga temperaturer samt skyddar mot korrision.<br \/>\n5W-50<\/p>","protected":false},"excerpt":{"rendered":"<p>Polaris PS-4 5w-50 Motor olja 4-takt 1 liter<\/p>","protected":false},"featured_media":6045,"comment_status":"open","ping_status":"closed","template":"","meta":{"_acf_changed":false},"demonterat-fordon":[],"fordons-typ":[642,641],"make":[636],"parts-filter":[],"prod-typ":[717],"tillverkare":[865],"product_brand":[],"product_cat":[281],"product_tag":[],"class_list":{"0":"post-6041","1":"product","2":"type-product","3":"status-publish","4":"has-post-thumbnail","6":"fordons-typ-atv-utv","7":"fordons-typ-sno","8":"make-polaris","9":"prod-typ-ny","10":"tillverkare-polaris","11":"product_cat-olja","13":"first","14":"instock","15":"taxable","16":"shipping-taxable","17":"purchasable","18":"product-type-simple"},"acf":[],"_links":{"self":[{"href":"https:\/\/whitepowder.se\/en\/wp-json\/wp\/v2\/product\/6041","targetHints":{"allow":["GET"]}}],"collection":[{"href":"https:\/\/whitepowder.se\/en\/wp-json\/wp\/v2\/product"}],"about":[{"href":"https:\/\/whitepowder.se\/en\/wp-json\/wp\/v2\/types\/product"}],"replies":[{"embeddable":true,"href":"https:\/\/whitepowder.se\/en\/wp-json\/wp\/v2\/comments?post=6041"}],"wp:featuredmedia":[{"embeddable":true,"href":"https:\/\/whitepowder.se\/en\/wp-json\/wp\/v2\/media\/6045"}],"wp:attachment":[{"href":"https:\/\/whitepowder.se\/en\/wp-json\/wp\/v2\/media?parent=6041"}],"wp:term":[{"taxonomy":"demonterat-fordon","embeddable":true,"href":"https:\/\/whitepowder.se\/en\/wp-json\/wp\/v2\/demonterat-fordon?post=6041"},{"taxonomy":"fordons-typ","embeddable":true,"href":"https:\/\/whitepowder.se\/en\/wp-json\/wp\/v2\/fordons-typ?post=6041"},{"taxonomy":"make","embeddable":true,"href":"https:\/\/whitepowder.se\/en\/wp-json\/wp\/v2\/make?post=6041"},{"taxonomy":"parts-filter","embeddable":true,"href":"https:\/\/whitepowder.se\/en\/wp-json\/wp\/v2\/parts-filter?post=6041"},{"taxonomy":"prod-typ","embeddable":true,"href":"https:\/\/whitepowder.se\/en\/wp-json\/wp\/v2\/prod-typ?post=6041"},{"taxonomy":"tillverkare","embeddable":true,"href":"https:\/\/whitepowder.se\/en\/wp-json\/wp\/v2\/tillverkare?post=6041"},{"taxonomy":"product_brand","embeddable":true,"href":"https:\/\/whitepowder.se\/en\/wp-json\/wp\/v2\/product_brand?post=6041"},{"taxonomy":"product_cat","embeddable":true,"href":"https:\/\/whitepowder.se\/en\/wp-json\/wp\/v2\/product_cat?post=6041"},{"taxonomy":"product_tag","embeddable":true,"href":"https:\/\/whitepowder.se\/en\/wp-json\/wp\/v2\/product_tag?post=6041"}],"curies":[{"name":"wp","href":"https:\/\/api.w.org\/{rel}","templated":true}]}}