{"id":6042,"date":"2024-03-25T14:31:25","date_gmt":"2024-03-25T13:31:25","guid":{"rendered":"https:\/\/whitepowder.se\/product\/scl-polaris-kedjehus-olja-1-liter\/"},"modified":"2026-04-23T20:31:02","modified_gmt":"2026-04-23T18:31:02","slug":"polaris-scl-kedjehusolja","status":"publish","type":"product","link":"https:\/\/whitepowder.se\/en\/polaris-scl-kedjehusolja\/","title":{"rendered":"Polaris SCL Kedjehusolja 1 Liter"},"content":{"rendered":"<p>Polaris SCL kedjehusolja 1 Liter<br \/>\nRekommenderas till alla sn\u00f6skotrar<\/p>\n<p>Chain Case Lube 1 Liter \/ 1.057qt. \/ 33,8 fl.oz<\/p>\n<p>Polaris Synthetic Snowmobile Chaincase Lubricant \u2013 Kedjehus olja \u00e4r speciellt framtagen f\u00f6r maximalt skydd av sn\u00f6skoterkedjor och kedjehjul inom\u00a0 h\u00f6ghastighets- och h\u00f6g temperaturomr\u00e5den. H\u00f6gvisk\u00f6s syntetisk sm\u00f6rjolja f\u00f6r excellent vidh\u00e4ftning , enast\u00e5ende slitage- och st\u00f6tskydd f\u00f6r kedjestift samt drev och Lager.<\/p>\n<p>Den helsyntetiska formeln med h\u00f6g viskositet inneh\u00e5ller specialiserade tillsatser med l\u00e5g svavelhalt som ger utm\u00e4rkt h\u00e5llfasthet f\u00f6r att h\u00e5lla delar ordentligt smorda \u00e4ven under de sv\u00e5raste f\u00f6rh\u00e5llanden.<\/p>\n<p>Polaris SCL Kedjehusolja Ger maximal prestanda och tillf\u00f6rlitlighet och \u00e4r konstruerad f\u00f6r slitage, rost och korrosionsskydd av kedjor och kedjor med h\u00f6g hastighet och h\u00f6g temperatur.<\/p>\n<p>1 Liter r\u00e4cker oftast till att byta olja i kedjehuset 3 g\u00e5nger.<\/p>\n<p>&nbsp;<\/p>","protected":false},"excerpt":{"rendered":"<p>Polaris SCL Kedjehusolja \u00e4r Speciellt Framtagen till Kedjehus i Sn\u00f6skotrar Testad och utvecklad av Polaris<\/p>\n<p>APPLIKATION Den m\u00e5ngsidiga, helsyntetiska och h\u00f6gvisk\u00f6sa formuleringen \u00e4r Polaris-testad och tekniskt godk\u00e4nd f\u00f6r anv\u00e4ndning med Polaris sn\u00f6skotrar.<\/p>\n<p>TILLVERKAD F\u00d6R ATT MAXIMERA LIVSTIDEN P\u00c5 DIN MASKIN Alla Polaris-v\u00e4tskor \u00e4r speciellt utvecklade och tekniskt testade och godk\u00e4nda f\u00f6r att klara de varierande f\u00f6rh\u00e5llanden och h\u00f6ga prestandakrav som st\u00e4lls av Polaris sn\u00f6skoterf\u00f6rare.<\/p>\n<p>FULLSYNTETISK FORMEL Polaris SCL Kedjehusolja \u00e4r ett Helsyntetiskt kedjehussm\u00f6rjmedel \u00e4r speciellt framtaget f\u00f6r maximalt skydd av sn\u00f6skoterkedjor och kedjehjul med h\u00f6g hastighet och h\u00f6g temperatur.<\/p>\n<p>ANPASSAT ADDITIVSYSTEM Den helsyntetiska formeln med h\u00f6g viskositet inneh\u00e5ller specialiserade tillsatser med l\u00e5g svavelhalt som ger utm\u00e4rkt filmh\u00e5llfasthet f\u00f6r att h\u00e5lla delar ordentligt smorda \u00e4ven under de sv\u00e5raste f\u00f6rh\u00e5llanden.<\/p>","protected":false},"featured_media":6051,"comment_status":"open","ping_status":"closed","template":"","meta":{"_acf_changed":false},"demonterat-fordon":[],"fordons-typ":[641],"make":[636],"parts-filter":[679,947,658,661,934,736,884,870,880,689,660,950,659,885,739,871,671],"prod-typ":[717],"tillverkare":[865],"product_brand":[],"product_cat":[281],"product_tag":[],"class_list":{"0":"post-6042","1":"product","2":"type-product","3":"status-publish","4":"has-post-thumbnail","6":"fordons-typ-sno","7":"make-polaris","8":"parts-filter-sno-p","9":"parts-filter-aggressive","10":"parts-filter-axys","11":"parts-filter-edge","12":"parts-filter-evolved","13":"parts-filter-fusion","14":"parts-filter-gen-ii","15":"parts-filter-indy","16":"parts-filter-indy-lite","17":"parts-filter-iq-chassie","18":"parts-filter-iq-r-rr","19":"parts-filter-matryx","20":"parts-filter-pro-ride","21":"parts-filter-pro-x","22":"parts-filter-rush","23":"parts-filter-titan","24":"parts-filter-widetrak","25":"prod-typ-ny","26":"tillverkare-polaris","27":"product_cat-olja","29":"first","30":"instock","31":"taxable","32":"shipping-taxable","33":"purchasable","34":"product-type-simple"},"acf":[],"_links":{"self":[{"href":"https:\/\/whitepowder.se\/en\/wp-json\/wp\/v2\/product\/6042","targetHints":{"allow":["GET"]}}],"collection":[{"href":"https:\/\/whitepowder.se\/en\/wp-json\/wp\/v2\/product"}],"about":[{"href":"https:\/\/whitepowder.se\/en\/wp-json\/wp\/v2\/types\/product"}],"replies":[{"embeddable":true,"href":"https:\/\/whitepowder.se\/en\/wp-json\/wp\/v2\/comments?post=6042"}],"wp:featuredmedia":[{"embeddable":true,"href":"https:\/\/whitepowder.se\/en\/wp-json\/wp\/v2\/media\/6051"}],"wp:attachment":[{"href":"https:\/\/whitepowder.se\/en\/wp-json\/wp\/v2\/media?parent=6042"}],"wp:term":[{"taxonomy":"demonterat-fordon","embeddable":true,"href":"https:\/\/whitepowder.se\/en\/wp-json\/wp\/v2\/demonterat-fordon?post=6042"},{"taxonomy":"fordons-typ","embeddable":true,"href":"https:\/\/whitepowder.se\/en\/wp-json\/wp\/v2\/fordons-typ?post=6042"},{"taxonomy":"make","embeddable":true,"href":"https:\/\/whitepowder.se\/en\/wp-json\/wp\/v2\/make?post=6042"},{"taxonomy":"parts-filter","embeddable":true,"href":"https:\/\/whitepowder.se\/en\/wp-json\/wp\/v2\/parts-filter?post=6042"},{"taxonomy":"prod-typ","embeddable":true,"href":"https:\/\/whitepowder.se\/en\/wp-json\/wp\/v2\/prod-typ?post=6042"},{"taxonomy":"tillverkare","embeddable":true,"href":"https:\/\/whitepowder.se\/en\/wp-json\/wp\/v2\/tillverkare?post=6042"},{"taxonomy":"product_brand","embeddable":true,"href":"https:\/\/whitepowder.se\/en\/wp-json\/wp\/v2\/product_brand?post=6042"},{"taxonomy":"product_cat","embeddable":true,"href":"https:\/\/whitepowder.se\/en\/wp-json\/wp\/v2\/product_cat?post=6042"},{"taxonomy":"product_tag","embeddable":true,"href":"https:\/\/whitepowder.se\/en\/wp-json\/wp\/v2\/product_tag?post=6042"}],"curies":[{"name":"wp","href":"https:\/\/api.w.org\/{rel}","templated":true}]}}