{"id":6112,"date":"2024-03-27T11:20:29","date_gmt":"2024-03-27T10:20:29","guid":{"rendered":"https:\/\/whitepowder.se\/product\/plastic-shock-protector-kit\/"},"modified":"2024-11-29T09:13:49","modified_gmt":"2024-11-29T08:13:49","slug":"polaris-2876984","status":"publish","type":"product","link":"https:\/\/whitepowder.se\/en\/polaris-2876984\/","title":{"rendered":"Polaris 2876984 &#8211; plastic shock protector kit"},"content":{"rendered":"<p>Polaris 2876984 &#8211; Plastic shock protector kit<br \/>\nF\u00f6r att skydda kolvst\u00e5ngen p\u00e5 d\u00e4mparna mot skador.<br \/>\npassar bland annat : w\/e 7043233 &#8211; 2876007<br \/>\nS\u00e4ljes styck vis F\u00f6r att ha till ett par d\u00e4mpare beh\u00f6vs 2 st<\/p>","protected":false},"excerpt":{"rendered":"<p>Polaris 2876984 &#8211; Plastic shock protector kit F\u00f6r att skydda kolvst\u00e5ngen p\u00e5 d\u00e4mparna mot skador. passar bland annat : w\/e 7043233 &#8211; 2876007 S\u00e4ljes styck vis F\u00f6r att ha till ett par d\u00e4mpare beh\u00f6vs 2 st<\/p>","protected":false},"featured_media":6122,"comment_status":"open","ping_status":"closed","template":"","meta":{"_acf_changed":false},"demonterat-fordon":[],"fordons-typ":[641],"make":[636],"parts-filter":[679],"prod-typ":[716],"tillverkare":[865],"product_brand":[],"product_cat":[122],"product_tag":[],"class_list":{"0":"post-6112","1":"product","2":"type-product","3":"status-publish","4":"has-post-thumbnail","6":"fordons-typ-sno","7":"make-polaris","8":"parts-filter-sno-p","9":"prod-typ-nos","10":"tillverkare-polaris","11":"product_cat-accessories-shocks","13":"first","14":"instock","15":"purchasable","16":"product-type-simple"},"acf":[],"_links":{"self":[{"href":"https:\/\/whitepowder.se\/en\/wp-json\/wp\/v2\/product\/6112","targetHints":{"allow":["GET"]}}],"collection":[{"href":"https:\/\/whitepowder.se\/en\/wp-json\/wp\/v2\/product"}],"about":[{"href":"https:\/\/whitepowder.se\/en\/wp-json\/wp\/v2\/types\/product"}],"replies":[{"embeddable":true,"href":"https:\/\/whitepowder.se\/en\/wp-json\/wp\/v2\/comments?post=6112"}],"wp:featuredmedia":[{"embeddable":true,"href":"https:\/\/whitepowder.se\/en\/wp-json\/wp\/v2\/media\/6122"}],"wp:attachment":[{"href":"https:\/\/whitepowder.se\/en\/wp-json\/wp\/v2\/media?parent=6112"}],"wp:term":[{"taxonomy":"demonterat-fordon","embeddable":true,"href":"https:\/\/whitepowder.se\/en\/wp-json\/wp\/v2\/demonterat-fordon?post=6112"},{"taxonomy":"fordons-typ","embeddable":true,"href":"https:\/\/whitepowder.se\/en\/wp-json\/wp\/v2\/fordons-typ?post=6112"},{"taxonomy":"make","embeddable":true,"href":"https:\/\/whitepowder.se\/en\/wp-json\/wp\/v2\/make?post=6112"},{"taxonomy":"parts-filter","embeddable":true,"href":"https:\/\/whitepowder.se\/en\/wp-json\/wp\/v2\/parts-filter?post=6112"},{"taxonomy":"prod-typ","embeddable":true,"href":"https:\/\/whitepowder.se\/en\/wp-json\/wp\/v2\/prod-typ?post=6112"},{"taxonomy":"tillverkare","embeddable":true,"href":"https:\/\/whitepowder.se\/en\/wp-json\/wp\/v2\/tillverkare?post=6112"},{"taxonomy":"product_brand","embeddable":true,"href":"https:\/\/whitepowder.se\/en\/wp-json\/wp\/v2\/product_brand?post=6112"},{"taxonomy":"product_cat","embeddable":true,"href":"https:\/\/whitepowder.se\/en\/wp-json\/wp\/v2\/product_cat?post=6112"},{"taxonomy":"product_tag","embeddable":true,"href":"https:\/\/whitepowder.se\/en\/wp-json\/wp\/v2\/product_tag?post=6112"}],"curies":[{"name":"wp","href":"https:\/\/api.w.org\/{rel}","templated":true}]}}