{"id":6394,"date":"2024-03-29T13:03:10","date_gmt":"2024-03-29T12:03:10","guid":{"rendered":"https:\/\/whitepowder.se\/product\/polaris-a-arm-nedre-vanster-lca-race-svc-lh-blk\/"},"modified":"2024-11-30T16:18:53","modified_gmt":"2024-11-30T15:18:53","slug":"polaris-2203404-067-a-arm-lca-race-lh","status":"publish","type":"product","link":"https:\/\/whitepowder.se\/en\/polaris-2203404-067-a-arm-lca-race-lh\/","title":{"rendered":"Polaris 2203404-067 &#8211; A-Arm &#8211; Nedre V\u00e4nster , LCA RACE,  LH BLK"},"content":{"rendered":"<p>Polaris 2203404-067 Lower, Control Arm, LH, Black<br \/>\nNedre V\u00e4nster<\/p>\n<p>Max ski stans (in)<br \/>\n43&#8243; \/ 44&#8243;<\/p>\n<p>IQ Racer &#8211; IQ 440<\/p>\n<p>* Skav , Grova repor och andra lack skador f\u00f6rekommer<br \/>\n* Sp\u00e5r av f\u00f6rvaring F\u00f6rekommer<\/p>","protected":false},"excerpt":{"rendered":"<p>2203404-067 Passar:<br \/>\n2007 IQ 440<br \/>\n2008 IQ Racer<\/p>\n<p>Polaris 2203404-067 Sitter original p\u00e5:<br \/>\nPolaris Snowmobile 2008 IQ RACER EURO 600<\/p>","protected":false},"featured_media":6339,"comment_status":"open","ping_status":"closed","template":"","meta":{"_acf_changed":false},"demonterat-fordon":[],"fordons-typ":[641],"make":[636],"parts-filter":[660],"prod-typ":[716],"tillverkare":[865],"product_brand":[],"product_cat":[107],"product_tag":[515],"class_list":{"0":"post-6394","1":"product","2":"type-product","3":"status-publish","4":"has-post-thumbnail","6":"fordons-typ-sno","7":"make-polaris","8":"parts-filter-iq-r-rr","9":"prod-typ-nos","10":"tillverkare-polaris","11":"product_cat-a-armar","12":"product_tag-iq","14":"first","15":"instock","16":"purchasable","17":"product-type-simple"},"acf":[],"_links":{"self":[{"href":"https:\/\/whitepowder.se\/en\/wp-json\/wp\/v2\/product\/6394","targetHints":{"allow":["GET"]}}],"collection":[{"href":"https:\/\/whitepowder.se\/en\/wp-json\/wp\/v2\/product"}],"about":[{"href":"https:\/\/whitepowder.se\/en\/wp-json\/wp\/v2\/types\/product"}],"replies":[{"embeddable":true,"href":"https:\/\/whitepowder.se\/en\/wp-json\/wp\/v2\/comments?post=6394"}],"wp:featuredmedia":[{"embeddable":true,"href":"https:\/\/whitepowder.se\/en\/wp-json\/wp\/v2\/media\/6339"}],"wp:attachment":[{"href":"https:\/\/whitepowder.se\/en\/wp-json\/wp\/v2\/media?parent=6394"}],"wp:term":[{"taxonomy":"demonterat-fordon","embeddable":true,"href":"https:\/\/whitepowder.se\/en\/wp-json\/wp\/v2\/demonterat-fordon?post=6394"},{"taxonomy":"fordons-typ","embeddable":true,"href":"https:\/\/whitepowder.se\/en\/wp-json\/wp\/v2\/fordons-typ?post=6394"},{"taxonomy":"make","embeddable":true,"href":"https:\/\/whitepowder.se\/en\/wp-json\/wp\/v2\/make?post=6394"},{"taxonomy":"parts-filter","embeddable":true,"href":"https:\/\/whitepowder.se\/en\/wp-json\/wp\/v2\/parts-filter?post=6394"},{"taxonomy":"prod-typ","embeddable":true,"href":"https:\/\/whitepowder.se\/en\/wp-json\/wp\/v2\/prod-typ?post=6394"},{"taxonomy":"tillverkare","embeddable":true,"href":"https:\/\/whitepowder.se\/en\/wp-json\/wp\/v2\/tillverkare?post=6394"},{"taxonomy":"product_brand","embeddable":true,"href":"https:\/\/whitepowder.se\/en\/wp-json\/wp\/v2\/product_brand?post=6394"},{"taxonomy":"product_cat","embeddable":true,"href":"https:\/\/whitepowder.se\/en\/wp-json\/wp\/v2\/product_cat?post=6394"},{"taxonomy":"product_tag","embeddable":true,"href":"https:\/\/whitepowder.se\/en\/wp-json\/wp\/v2\/product_tag?post=6394"}],"curies":[{"name":"wp","href":"https:\/\/api.w.org\/{rel}","templated":true}]}}