{"id":6478,"date":"2024-04-01T16:56:14","date_gmt":"2024-04-01T14:56:14","guid":{"rendered":"https:\/\/whitepowder.se\/product\/weld-head-pipe-s-s\/"},"modified":"2025-09-08T11:30:55","modified_gmt":"2025-09-08T09:30:55","slug":"polaris-1261269-weld-head-pipe","status":"publish","type":"product","link":"https:\/\/whitepowder.se\/en\/polaris-1261269-weld-head-pipe\/","title":{"rendered":"Polaris 1261269 &#8211; Weld-Head pipe, s.s"},"content":{"rendered":"<p>Polaris 1261269 Pipe, Head &#8211; Frontier<br \/>\n* Sp\u00e5r av f\u00f6rvaring F\u00f6rekommer<br \/>\nNos<\/p>","protected":false},"excerpt":{"rendered":"<p>1261269 Sitter Original p\u00e5 :<\/p>\n<p>Polaris Snowmobile 2005 FRONTIER TOURING &#8211; S05NT7DS-DE Exhaust System<\/p>\n<p>Polaris Snowmobile 2004 FRONTIER CLASSIC &#8211; S04ND7DS Exhaust System \/Dsa<\/p>\n<p>Polaris Snowmobile 2004 FRONTIER TOURING &#8211; S04NT7DS Exhaust System<\/p>\n<p>Polaris Snowmobile 2003 FRONTIER TOURING &#8211; S03NT7DS Exhaust System<\/p>\n<p>Polaris Snowmobile 2003 FRONTIER CLASSIC BUILT AFTER 1-01-02 &#8211; S03ND7DS EXHAUST SYSTEM &#8211; S03ND7DS (4977987798C06)<\/p>","protected":false},"featured_media":6459,"comment_status":"open","ping_status":"closed","template":"","meta":{"_acf_changed":false},"demonterat-fordon":[],"fordons-typ":[641],"make":[636],"parts-filter":[661],"prod-typ":[716],"tillverkare":[865],"product_brand":[],"product_cat":[438],"product_tag":[],"class_list":{"0":"post-6478","1":"product","2":"type-product","3":"status-publish","4":"has-post-thumbnail","6":"fordons-typ-sno","7":"make-polaris","8":"parts-filter-edge","9":"prod-typ-nos","10":"tillverkare-polaris","11":"product_cat-exhaust-pipe","13":"first","14":"instock","15":"purchasable","16":"product-type-simple"},"acf":[],"_links":{"self":[{"href":"https:\/\/whitepowder.se\/en\/wp-json\/wp\/v2\/product\/6478","targetHints":{"allow":["GET"]}}],"collection":[{"href":"https:\/\/whitepowder.se\/en\/wp-json\/wp\/v2\/product"}],"about":[{"href":"https:\/\/whitepowder.se\/en\/wp-json\/wp\/v2\/types\/product"}],"replies":[{"embeddable":true,"href":"https:\/\/whitepowder.se\/en\/wp-json\/wp\/v2\/comments?post=6478"}],"wp:featuredmedia":[{"embeddable":true,"href":"https:\/\/whitepowder.se\/en\/wp-json\/wp\/v2\/media\/6459"}],"wp:attachment":[{"href":"https:\/\/whitepowder.se\/en\/wp-json\/wp\/v2\/media?parent=6478"}],"wp:term":[{"taxonomy":"demonterat-fordon","embeddable":true,"href":"https:\/\/whitepowder.se\/en\/wp-json\/wp\/v2\/demonterat-fordon?post=6478"},{"taxonomy":"fordons-typ","embeddable":true,"href":"https:\/\/whitepowder.se\/en\/wp-json\/wp\/v2\/fordons-typ?post=6478"},{"taxonomy":"make","embeddable":true,"href":"https:\/\/whitepowder.se\/en\/wp-json\/wp\/v2\/make?post=6478"},{"taxonomy":"parts-filter","embeddable":true,"href":"https:\/\/whitepowder.se\/en\/wp-json\/wp\/v2\/parts-filter?post=6478"},{"taxonomy":"prod-typ","embeddable":true,"href":"https:\/\/whitepowder.se\/en\/wp-json\/wp\/v2\/prod-typ?post=6478"},{"taxonomy":"tillverkare","embeddable":true,"href":"https:\/\/whitepowder.se\/en\/wp-json\/wp\/v2\/tillverkare?post=6478"},{"taxonomy":"product_brand","embeddable":true,"href":"https:\/\/whitepowder.se\/en\/wp-json\/wp\/v2\/product_brand?post=6478"},{"taxonomy":"product_cat","embeddable":true,"href":"https:\/\/whitepowder.se\/en\/wp-json\/wp\/v2\/product_cat?post=6478"},{"taxonomy":"product_tag","embeddable":true,"href":"https:\/\/whitepowder.se\/en\/wp-json\/wp\/v2\/product_tag?post=6478"}],"curies":[{"name":"wp","href":"https:\/\/api.w.org\/{rel}","templated":true}]}}