{"id":7459,"date":"2024-04-21T16:23:30","date_gmt":"2024-04-21T14:23:30","guid":{"rendered":"https:\/\/whitepowder.se\/?post_type=product&#038;p=7459"},"modified":"2025-03-12T12:02:36","modified_gmt":"2025-03-12T11:02:36","slug":"polaris-2875104","status":"publish","type":"product","link":"https:\/\/whitepowder.se\/en\/polaris-2875104\/","title":{"rendered":"Polaris 2875104 &#8211; Fusion, race LOW"},"content":{"rendered":"<p>Polaris 2875104 &#8211; Ruta &#8211; WINDSHIELD , FUSION race LOW<br \/>\nF\u00e4rg: CHROME<br \/>\nH\u00f6jd: L\u00e5g , 10&#8243; Inch<\/p>\n<p>Polaris Original , NOS<\/p>\n<p>* Sp\u00e5r av f\u00f6rvaring f\u00f6rekommer<\/p>\n<p>Passar: Polaris FUSION Modeller<\/p>","protected":false},"excerpt":{"rendered":"<p>2875104 Passar Polaris FUSION Modeller<\/p>\n<p>2005 FUSION 900<\/p>\n<p>2006 HO FUSION 600 F O<\/p>\n<p>2006 FUSION 700 \/ 900 F O<br \/>\n______<br \/>\nPartnumber till Rut Clips : 7670067<br \/>\nPartnumber till Rut \/ Lyckt list : 5435720-293 r\u00f6d &#8211; 5435720-469 bl\u00e5 &#8211; 5435720-177 svart.<br \/>\nPartnumber till Gummistroppar ruta : 5410970<\/p>","protected":false},"featured_media":7442,"comment_status":"closed","ping_status":"closed","template":"","meta":{"_acf_changed":false},"demonterat-fordon":[],"fordons-typ":[641],"make":[636],"parts-filter":[736],"prod-typ":[716],"tillverkare":[865],"product_brand":[],"product_cat":[608],"product_tag":[],"class_list":{"0":"post-7459","1":"product","2":"type-product","3":"status-publish","4":"has-post-thumbnail","6":"fordons-typ-sno","7":"make-polaris","8":"parts-filter-fusion","9":"prod-typ-nos","10":"tillverkare-polaris","11":"product_cat-windshield","13":"first","14":"instock","15":"purchasable","16":"product-type-simple"},"acf":[],"_links":{"self":[{"href":"https:\/\/whitepowder.se\/en\/wp-json\/wp\/v2\/product\/7459","targetHints":{"allow":["GET"]}}],"collection":[{"href":"https:\/\/whitepowder.se\/en\/wp-json\/wp\/v2\/product"}],"about":[{"href":"https:\/\/whitepowder.se\/en\/wp-json\/wp\/v2\/types\/product"}],"replies":[{"embeddable":true,"href":"https:\/\/whitepowder.se\/en\/wp-json\/wp\/v2\/comments?post=7459"}],"wp:featuredmedia":[{"embeddable":true,"href":"https:\/\/whitepowder.se\/en\/wp-json\/wp\/v2\/media\/7442"}],"wp:attachment":[{"href":"https:\/\/whitepowder.se\/en\/wp-json\/wp\/v2\/media?parent=7459"}],"wp:term":[{"taxonomy":"demonterat-fordon","embeddable":true,"href":"https:\/\/whitepowder.se\/en\/wp-json\/wp\/v2\/demonterat-fordon?post=7459"},{"taxonomy":"fordons-typ","embeddable":true,"href":"https:\/\/whitepowder.se\/en\/wp-json\/wp\/v2\/fordons-typ?post=7459"},{"taxonomy":"make","embeddable":true,"href":"https:\/\/whitepowder.se\/en\/wp-json\/wp\/v2\/make?post=7459"},{"taxonomy":"parts-filter","embeddable":true,"href":"https:\/\/whitepowder.se\/en\/wp-json\/wp\/v2\/parts-filter?post=7459"},{"taxonomy":"prod-typ","embeddable":true,"href":"https:\/\/whitepowder.se\/en\/wp-json\/wp\/v2\/prod-typ?post=7459"},{"taxonomy":"tillverkare","embeddable":true,"href":"https:\/\/whitepowder.se\/en\/wp-json\/wp\/v2\/tillverkare?post=7459"},{"taxonomy":"product_brand","embeddable":true,"href":"https:\/\/whitepowder.se\/en\/wp-json\/wp\/v2\/product_brand?post=7459"},{"taxonomy":"product_cat","embeddable":true,"href":"https:\/\/whitepowder.se\/en\/wp-json\/wp\/v2\/product_cat?post=7459"},{"taxonomy":"product_tag","embeddable":true,"href":"https:\/\/whitepowder.se\/en\/wp-json\/wp\/v2\/product_tag?post=7459"}],"curies":[{"name":"wp","href":"https:\/\/api.w.org\/{rel}","templated":true}]}}