{"id":7466,"date":"2024-04-21T16:23:27","date_gmt":"2024-04-21T14:23:27","guid":{"rendered":"https:\/\/whitepowder.se\/?post_type=product&#038;p=7466"},"modified":"2025-03-12T12:06:57","modified_gmt":"2025-03-12T11:06:57","slug":"polaris-5435639","status":"publish","type":"product","link":"https:\/\/whitepowder.se\/en\/polaris-5435639\/","title":{"rendered":"Polaris 5435639 &#8211; Ruta , EDGE , 13&#8243;, SMK\/GR"},"content":{"rendered":"<p>Polaris 5435639 &#8211; Windshield &#8211; Ruta , 13 Inch, EDG FLR SMK\/GR<br \/>\nF\u00e4rg: Clear med Svart detaljer<br \/>\nH\u00f6jd: Medium , 13&#8243; &#8211; ca33cm<\/p>\n<p>Polaris Original , NOS<\/p>\n<p>* Sp\u00e5r av f\u00f6rvaring f\u00f6rekommer<\/p>\n<p>Passar: Polaris Modeller med EDGE Chassiet<\/p>","protected":false},"excerpt":{"rendered":"<p>Polaris 5435639 &#8211; WINDSHIELD passar till Polaris Modeller med EDGE Chassiet<\/p>\n<p>______<br \/>\nPartnumber till Rut Clips : 7621509<br \/>\nPartnumber till Gummistropp till fasts\u00e4ttning av rutan : 5410970<br \/>\n______________<\/p>\n<p>Polaris 5435639 &#8211; Ruta, Sitter Original p\u00e5 :<\/p>\n<p>Polaris Snowmobile 2005 XC SP 500 600 EDGE M-10 &#8211; S05NE5CS Hood S05np5cs\/A\/B\/Np6es\/A\/B\/Ne5cs\/Ne6es\/Na6es [50th]<\/p>\n<p>_________________________<br \/>\nPolaris 5435639 WINDSHIELD Passar:<\/p>\n<p>Polaris Snowmobile 2005 XC SP M-10 700 800 F O &#8211; S05NE7CS Hood \/7Csa\/Np7cs\/7Csa\/7Csb\/Ne8cs\/8Csa\/Np8cs\/8Csa\/8Csb #2<\/p>\n<p>Polaris Snowmobile 2005 SUPERSPORT &#8211; S05NP5BS Hood \/A\/B\/S05ne5bs\/A #2<\/p>\n<p>Polaris Snowmobile 2005 XC SP 500 600 EDGE M-10 &#8211; S05NE5CS Hood S05np5cs\/A\/B\/Np6es\/A\/B\/Ne5cs\/Ne6es\/Na6es<\/p>\n<p>Polaris Snowmobile 2003 EDGE RMK 700 CC BUILT BEFORE 1-01-02 &#8211; S03NS7CS Hood #2<\/p>\n<p>Polaris Snowmobile 2003 SKS 700 800 &#8211; S03NS7CS-A-S03NS8CS-A Hood #2<\/p>\n<p>Polaris Snowmobile 2006 INDY 500 &#8211; S06NB4BS Hood #2<\/p>\n<p>Polaris Snowmobile 2002 RMK 700 F O 151 &#8211; S02NL7CS Hood #2<\/p>\n<p>Polaris Snowmobile 2002 RMK 800 F O 156 &#8211; S02NM8CS Hood #2<\/p>\n<p>Polaris Snowmobile 2006 XC SP EDGE 500 STOCK B &#8211; S06NP5CSB Hood #2<\/p>\n<p>Polaris Snowmobile 2003 PRO X 440 FAN COOLED &#8211; S03NX4FS Hood #2<\/p>\n<p>Polaris Snowmobile 2006 TRAIL RMK 136 STOCK A &#8211; S06NJ5BSA Hood #2<\/p>\n<p>Polaris Snowmobile 2007 EDGE 550 LX &#8211; S07ND5BS Hood\/Windshield<\/p>\n<p>Polaris Snowmobile 2007 EDGE 340 LX &#8211; S07ND3AS Hood\/Windshield<\/p>\n<p>Polaris Snowmobile 2007 TRAIL RMK &#8211; S07NJ5BS-BE Hood\/Windshield<\/p>\n<p>Polaris Snowmobile 2002 RMK 700 F\/O 144 BUILT AFTER 3-1-01 &#8211; S02NK7CS HOOD &#8211; S02NK7CS\/CSA (4969546954A09)<\/p>\n<p>Polaris Snowmobile 2002 RMK 800 F O 151 BUILT AFTER 3-1-01 &#8211; S02NL8CS HOOD &#8211; S02NL8CS\/CSA (4969516951A09)<\/p>\n<p>Polaris Snowmobile 2003 XC EDGE 550 F O &#8211; S03NP5CS Hood \/5Csa\/5Csb\/6Es\/6Esa\/6Esbs03na5cs\/6Ess03nf5cs\/6Ess03ne5cs\/6Es #2<\/p>\n<p>Polaris Snowmobile 2003 XC EDGE 700 F O &#8211; S03NP7CS Hood \/7Csa\/7Csb\/8Cs\/8Csa\/8Csbs03na7cs\/8Css03nf7cs\/8Css03ne7cs\/8Cs #2<\/p>\n<p>Polaris Snowmobile 2003 RMK 700 (144) F O &#8211; S03NK7CS Hood \/As03nl7cs\/As03nk8cs\/As03nl8cs\/As03nm8cs #2<\/p>\n<p>Polaris Snowmobile 2002 RMK 800 F O 144 &#8211; S02NK8CS Hood \/Csa #2<\/p>\n<p>Polaris Snowmobile 2006 SUPERSPORT &#8211; S06NP5BSA Hood \/Ne5bsb #2<\/p>\n<p>Polaris Snowmobile 2002 XC 500 SP F O &#8211; S02NP5CS Hood \/S02ne5cs #2<\/p>\n<p>Polaris Snowmobile 2002 XC SP 600 F O &#8211; S02NP6ES Hood \/S02ne6es #2<\/p>\n<p>Polaris Snowmobile 2002 XC 700 SP F O &#8211; S02NP7CS Hood \/S02ne7cs #2<\/p>\n<p>Polaris Snowmobile 2007 XC 500 SP &#8211; S07NP5CS-CE Hood<\/p>\n<p>Polaris Snowmobile 2002 XC 800 SP M-10 F O &#8211; S02NE8CS Hood \/S02np8cs\/Csa\/Csb #2<\/p>\n<p>Polaris Snowmobile 2002 XC 800 SP F O BUILT AFTER 3-1-01 &#8211; S02NP8CS Hood S02ne8cs\/\/Csa\/Csb #2<\/p>\n<p>Polaris Snowmobile 2002 XC 800 SP STOCK &#8211; S02NP8CSA Hood S02ne8cs\/S02np8cs\/Csa\/Csb #2<\/p>\n<p>Polaris Snowmobile 2002 XC 800 SP STOCK &#8211; S02NP8CSB Hood S02ne8cs\/S02np8cs\/Csa\/Csb #2<\/p>\n<p>Polaris Snowmobile 2002 RMK 700 (144) STOCK &#8211; S02NK7CSA Hood S02nk7cs\/Csa #2<\/p>\n<p>Polaris Snowmobile 2002 RMK 800 F O 144 STOCK &#8211; S02NK8CSA Hood S02nk8cs\/Csa #2<\/p>\n<p>Polaris Snowmobile 2002 RMK 800 F O 151 STOCK &#8211; S02NL8CSA Hood S02nl8cs\/Csa #2<\/p>\n<p>Polaris Snowmobile 2002 XC 500 SP M-10 F O BUILT AFTER 3-1-01 &#8211; S02NE5CS Hood S02np5cs #2<\/p>\n<p>Polaris Snowmobile 2002 XC 600 SP M-10 F O &#8211; S02NE6ES Hood S02np6es #2<\/p>\n<p>Polaris Snowmobile 2002 XC 700 SP M-10 F O &#8211; S02NE7CS Hood S02np7cs #2<\/p>\n<p>Polaris Snowmobile 2003 SUPERSPORT EDGE &#8211; S03NB5BS A Hood S03na5bss03nf5bss03ne5bs #2<\/p>\n<p>Polaris Snowmobile 2003 SUPERSPORT M-10 X F O &#8211; S03NF5BS Hood S03nb5bs\/As03na5bss03ne5bs #2<\/p>\n<p>Polaris Snowmobile 2003 SUPERSPORT M-10 F O &#8211; S03NE5BS Hood S03nb5bs\/As03na5bss03nf5bs #2<\/p>\n<p>Polaris Snowmobile 2003 SUPERSPORT EDGE X F O &#8211; S03NA5BS Hood S03nb5bs\/As03nf5bss03ne5bs #2<\/p>\n<p>Polaris Snowmobile 2003 RMK 700 (151) F O &#8211; S03NL7CS Hood S03nk7cs\/A\/As03nk8cs\/As03nl8cs\/As03nm8cs #2<\/p>\n<p>Polaris Snowmobile 2003 RMK 800 (144) F O &#8211; S03NK8CS Hood S03nk7cs\/As03nl7cs\/A\/As03nl8cs\/As03nm8cs #2<\/p>\n<p>Polaris Snowmobile 2003 RMK 800 (151) F O &#8211; S03NL8CS Hood S03nk7cs\/As03nl7cs\/As03nk8cs\/A\/As03nm8cs #2<\/p>\n<p>Polaris Snowmobile 2003 RMK 800 (159) F O BUILT AFTER 1-01-02 &#8211; S03NM8CS Hood S03nk7cs\/As03nl7cs\/As03nk8cs\/As03nl8cs\/A #2<\/p>\n<p>Polaris Snowmobile 2003 RMK 800 (144) STOCK &#8211; S03NK8CSA Hood S03nk7cs\/As03nl7cs\/As03nk8cs\/As03nl8cs\/As03nm8cs #2<\/p>\n<p>Polaris Snowmobile 2003 RMK 700 (151) STOCK &#8211; S03NL7CSA Hood S03nk7cs\/As03nl7cs\/As03nk8cs\/As03nl8cs\/As03nm8cs #2<\/p>\n<p>Polaris Snowmobile 2003 RMK 800 (151) STOCK &#8211; S03NL8CSA Hood S03nk7cs\/As03nl7cs\/As03nk8cs\/As03nl8cs\/As03nm8cs #2<\/p>\n<p>Polaris Snowmobile 2003 RMK 700 (144) STOCK &#8211; S03NK7CSA Hood S03nk7cs\/As03nl7cs\/As03nk8cs\/As03nl8cs\/As03nm8cs #2<\/p>\n<p>Polaris Snowmobile 2003 XC SP EDGE X 500 F O &#8211; S03NA5CS Hood S03np5cs\/5Csa\/5Csb\/6Es\/6Esa\/6Esb\/6Ess03nf5cs\/6Ess03ne5cs\/6Es #2<\/p>\n<p>Polaris Snowmobile 2003 XC SP EDGE 500 M-10 F O &#8211; S03NF5CS Hood S03np5cs\/5Csa\/5Csb\/6Es\/6Esa\/6Esbs03na5cs\/6Es\/6Ess03ne5cs\/6Es #2<\/p>\n<p>Polaris Snowmobile 2003 XC SP EDGE 500 M-10 F O &#8211; S03NE5CS Hood S03np5cs\/5Csa\/5Csb\/6Es\/6Esa\/6Esbs03na5cs\/6Ess03nf5cs\/6Es\/6Es #2<\/p>\n<p>Polaris Snowmobile 2003 XC SP EDGE 500 &#8211; S03NP5CSA-B Hood S03np5cs\/5Csa\/5Csb\/6Es\/6Esa\/6Esbs03na5cs\/6Ess03nf5cs\/6Ess03ne5cs\/6Es #2<\/p>\n<p>Polaris Snowmobile 2003 XC SP EDGE 600 M-10 F O &#8211; S03NF6ES Hood S03np5cs\/5Csa\/5Csb\/6Es\/6Esa\/6Esbs03na5cs\/6Ess03nf5cs\/6Ess03ne5cs\/6Es #2<\/p>\n<p>Polaris Snowmobile 2003 XC SP EDGE 600 &#8211; S03NP6ESA-B Hood S03np5cs\/5Csa\/5Csb\/6Es\/6Esa\/6Esbs03na5cs\/6Ess03nf5cs\/6Ess03ne5cs\/6Es #2<\/p>\n<p>Polaris Snowmobile 2003 XC SP EDGE X 600 F O &#8211; S03NA6ES Hood S03np5cs\/5Csa\/5Csb\/6Es\/6Esa\/6Esbs03na5cs\/6Ess03nf5cs\/6Ess03ne5cs\/6Es #2<\/p>\n<p>Polaris Snowmobile 2003 XC EDGE 600 F O &#8211; S03NP6ES Hood S03np5cs\/5Csa\/5Csb\/6Es\/6Esa\/6Esbs03na5cs\/6Ess03nf5cs\/6Ess03ne5cs\/6Es #2<\/p>\n<p>Polaris Snowmobile 2003 XC SP EDGE 600 M-10 F O &#8211; S03NE6ES Hood S03np5cs\/5Csa\/5Csb\/6Es\/6Esa\/6Esbs03na5cs\/6Ess03nf5cs\/6Ess03ne5cs\/6Es #2<\/p>\n<p>Polaris Snowmobile 2003 XC SP EDGE X 700 F O &#8211; S03NA7CS Hood S03np7cs\/7Csa\/7Csb\/8Cs\/8Csa\/8Csb\/8Css03nf7cs\/8Css03ne7cs\/8Cs #2<\/p>\n<p>Polaris Snowmobile 2003 XC SP EDGE 700 M-10 F O &#8211; S03NF7CS Hood S03np7cs\/7Csa\/7Csb\/8Cs\/8Csa\/8Csbs03na7cs\/8Cs\/8Css03ne7cs\/8Cs #2<\/p>\n<p>Polaris Snowmobile 2003 XC SP EDGE 700 M-10 F O &#8211; S03NE7CS Hood S03np7cs\/7Csa\/7Csb\/8Cs\/8Csa\/8Csbs03na7cs\/8Css03nf7cs\/8Cs\/8Cs #2<\/p>\n<p>Polaris Snowmobile 2003 XC SP EDGE 700 &#8211; S03NP7CSA-B Hood S03np7cs\/7Csa\/7Csb\/8Cs\/8Csa\/8Csbs03na7cs\/8Css03nf7cs\/8Css03ne7cs\/8Cs #2<\/p>\n<p>Polaris Snowmobile 2003 XC SP EDGE 800 M-10 F O &#8211; S03NE8CS Hood S03np7cs\/7Csa\/7Csb\/8Cs\/8Csa\/8Csbs03na7cs\/8Css03nf7cs\/8Css03ne7cs\/8Cs #2<\/p>\n<p>Polaris Snowmobile 2003 XC SP EDGE 800 M-10 F O &#8211; S03NF8CS Hood S03np7cs\/7Csa\/7Csb\/8Cs\/8Csa\/8Csbs03na7cs\/8Css03nf7cs\/8Css03ne7cs\/8Cs #2<\/p>\n<p>Polaris Snowmobile 2003 XC EDGE 800 F O &#8211; S03NP8CS Hood S03np7cs\/7Csa\/7Csb\/8Cs\/8Csa\/8Csbs03na7cs\/8Css03nf7cs\/8Css03ne7cs\/8Cs #2<\/p>\n<p>Polaris Snowmobile 2003 XC SP EDGE X 800 F O &#8211; S03NA8CS Hood S03np7cs\/7Csa\/7Csb\/8Cs\/8Csa\/8Csbs03na7cs\/8Css03nf7cs\/8Css03ne7cs\/8Cs #2<\/p>\n<p>Polaris Snowmobile 2003 XC SP EDGE 800 &#8211; S03NP8CSA-B Hood S03np7cs\/7Csa\/7Csb\/8Cs\/8Csa\/8Csbs03na7cs\/8Css03nf7cs\/8Css03ne7cs\/8Cs #2<\/p>\n<p>Polaris Snowmobile 2002 RMK 700 F O 144 BUILT BEFORE 3-1-01 &#8211; S02NK7CS Hood #2<\/p>\n<p>Polaris Snowmobile 2003 CLASSIC 500 &#8211; S03ND5CS Hood #2<\/p>\n<p>Polaris Snowmobile 2003 XC EDGE 550 &#8211; S03NP5AS Hood #2<\/p>\n<p>Polaris Snowmobile 2003 CLASSIC 600 &#8211; S03ND6ES Hood #2<\/p>\n<p>Polaris Snowmobile 2006 CLASSIC 550 &#8211; S06ND5BS Hood #2<\/p>\n<p>Polaris Snowmobile 2006 CLASSIC 500- S06ND4BS Hood #2<\/p>\n<p>Polaris Snowmobile 2001 LE 800 &#8211; S01ND8BS Hood #2<\/p>\n<p>Polaris Snowmobile 2001 XC 800 SP &#8211; S01NP8BS Hood #2<\/p>\n<p>Polaris Snowmobile 2001 SUPERSPORT EDGE &#8211; S01NB5BSA Hood #2<\/p>\n<p>Polaris Snowmobile 2006 CLASSIC 600 &#8211; S06ND6ES Hood #2<\/p>\n<p>Polaris Snowmobile 2002 CLASSIC 500 &#8211; S02ND4BS Hood #2<\/p>\n<p>Polaris Snowmobile 2002 INDY 500 &#8211; S02NB4BS Hood #2<\/p>\n<p>Polaris Snowmobile 2006 CLASSIC 340 &#8211; S06ND3AS Hood #2<\/p>\n<p>Polaris Snowmobile 2002 XC 500 &#8211; S02NP5AS Hood #2<\/p>\n<p>Polaris Snowmobile 2002 RMK 800 F O 151 BUILT BEFORE 3-1-01 &#8211; S02NL8CS Hood #2<\/p>\n<p>Polaris Snowmobile 2002 CLASSIC 600 &#8211; S02ND6ES Hood #2<\/p>\n<p>Polaris Snowmobile 2001 XC 500 &#8211; S01NP5AS Hood #2<\/p>\n<p>Polaris Snowmobile 2001 XC 500 SP &#8211; S01NP5CS Hood #2<\/p>\n<p>Polaris Snowmobile 2001 XC 700 SP &#8211; S01NP7AS Hood #2<\/p>\n<p>Polaris Snowmobile 2003 EDGE 500 &#8211; S03NB4BS Hood #2<\/p>\n<p>Polaris Snowmobile 2001 INDY 500 &#8211; S01NB4BS Hood #2<\/p>\n<p>Polaris Snowmobile 2003 EDGE EDGE CLASSIC 340 &#8211; S03NB3AS-S03ND3AS Hood #2<\/p>\n<p>Polaris Snowmobile 2003 FRONTIER CLASSIC BUILT BEFORE 1-01-02 &#8211; S03ND7DS Hood #2<\/p>\n<p>Polaris Snowmobile 2003 CLASSIC 700 &#8211; S03ND7CS Hood #2<\/p>\n<p>Polaris Snowmobile 2003 CLASSIC EDGE 550 &#8211; S03ND5BS Hood #2<\/p>\n<p>Polaris Snowmobile 2001 XC 600 SP &#8211; S01NP6ES Hood #2<\/p>\n<p>Polaris Snowmobile 2001 EV XC 700 SP EDGE &#8211; S01NP7CS Hood #2<\/p>\n<p>Polaris Snowmobile 2001 CLASSIC EDGE 600 &#8211; S01ND6DS Hood #2<\/p>\n<p>Polaris Snowmobile 2002 CLASSIC 700 BUILT AFTER 1-1-01 &#8211; S02ND7CS HOOD &#8211; S02ND7CS (4970457045A08)<\/p>\n<p>Polaris Snowmobile 2003 FRONTIER CLASSIC BUILT AFTER 1-01-02 &#8211; S03ND7DS HOOD &#8211; S03ND7DS (4977987798A09)<\/p>\n<p>Polaris Snowmobile 2003 XC EDGE 550 F O &#8211; S03NP5CS Hood \/5Csa\/5Csb\/6Es\/6Esa\/6Esbs03na5cs\/6Ess03nf5cs\/6Ess03ne5cs\/6Es #2<\/p>\n<p>Polaris Snowmobile 2003 XC EDGE 700 F O &#8211; S03NP7CS Hood \/7Csa\/7Csb\/8Cs\/8Csa\/8Csbs03na7cs\/8Css03nf7cs\/8Css03ne7cs\/8Cs #2<\/p>\n<p>Polaris Snowmobile 2002 XC 700 SP &#8211; S02NP7CSA Hood \/Csb #2<\/p>\n<p>Polaris Snowmobile 2002 XC 500 SP F O &#8211; S02NP5CS Hood \/S02ne5cs #2<\/p>\n<p>Polaris Snowmobile 2002 XC SP 600 F O &#8211; S02NP6ES Hood \/S02ne6es #2<\/p>\n<p>Polaris Snowmobile 2002 XC 700 SP F O &#8211; S02NP7CS Hood \/S02ne7cs #2<\/p>\n<p>Polaris Snowmobile 2002 XC 800 SP M-10 F O &#8211; S02NE8CS Hood \/S02np8cs\/Csa\/Csb #2<\/p>\n<p>Polaris Snowmobile 2002 XC 600 SP &#8211; S02NP6ESA Hood \/Sb #2<\/p>\n<p>Polaris Snowmobile 2002 XC 500 SP &#8211; S02NP5CSA Hood \/Sb #2<\/p>\n<p>Polaris Snowmobile 2001 XC 500 SP &#8211; S01NP5CSB Hood S01np5cs #2<\/p>\n<p>Polaris Snowmobile 2001 SC 500 SP &#8211; S01NP5CSA Hood S01np5cs #2<\/p>\n<p>Polaris Snowmobile 2001 XC 600 SP &#8211; S01NP6ESA Hood S01np6es #2<\/p>\n<p>Polaris Snowmobile 2001 XC 600 SP &#8211; S01NP6ESX Hood S01np6es #2<\/p>\n<p>Polaris Snowmobile 2001 XC 600 SP &#8211; S01NP6ESB Hood S01np6es #2<\/p>\n<p>Polaris Snowmobile 2001 XC 700 SP &#8211; S01NP7ASB Hood S01np7as #2<\/p>\n<p>Polaris Snowmobile 2001 XC 700 SP &#8211; S01NP7ASA Hood S01np7as #2<\/p>\n<p>Polaris Snowmobile 2001 XC 800 SP &#8211; S01NP8BSA Hood S01np8bs #2<\/p>\n<p>Polaris Snowmobile 2001 XC 800 SP &#8211; S01NP8BSB Hood S01np8bs #2<\/p>\n<p>Polaris Snowmobile 2001 SUPERSPORT EDGE &#8211; S01NB5BS Hood A #2<\/p>\n<p>Polaris Snowmobile 2002 XC 800 SP F O BUILT AFTER 3-1-01 &#8211; S02NP8CS Hood S02ne8cs\/\/Csa\/Csb #2<\/p>\n<p>Polaris Snowmobile 2002 XC 800 SP STOCK &#8211; S02NP8CSA Hood S02ne8cs\/S02np8cs\/Csa\/Csb #2<\/p>\n<p>Polaris Snowmobile 2002 XC 800 SP STOCK &#8211; S02NP8CSB Hood S02ne8cs\/S02np8cs\/Csa\/Csb #2<\/p>\n<p>Polaris Snowmobile 2002 XC 500 SP M-10 F O BUILT AFTER 3-1-01 &#8211; S02NE5CS Hood S02np5cs #2<\/p>\n<p>Polaris Snowmobile 2002 XC 500 SP &#8211; S02NP5CSB Hood S02np5csa\/Sb #2<\/p>\n<p>Polaris Snowmobile 2002 XC 600 SP M-10 F O &#8211; S02NE6ES Hood S02np6es #2<\/p>\n<p>Polaris Snowmobile 2002 XC 600 SP &#8211; S02NP6ESB Hood S02np6esa\/Sb #2<\/p>\n<p>Polaris Snowmobile 2002 XC 700 SP M-10 F O &#8211; S02NE7CS Hood S02np7cs #2<\/p>\n<p>Polaris Snowmobile 2002 XC 700 SP &#8211; S02NP7CSB Hood S02np7csa\/Csb #2<\/p>\n<p>Polaris Snowmobile 2003 SUPERSPORT EDGE &#8211; S03NB5BS A Hood S03na5bss03nf5bss03ne5bs #2<\/p>\n<p>Polaris Snowmobile 2003 SUPERSPORT M-10 X F O &#8211; S03NF5BS Hood S03nb5bs\/As03na5bss03ne5bs #2<\/p>\n<p>Polaris Snowmobile 2003 SUPERSPORT M-10 F O &#8211; S03NE5BS Hood S03nb5bs\/As03na5bss03nf5bs #2<\/p>\n<p>Polaris Snowmobile 2003 SUPERSPORT EDGE X F O &#8211; S03NA5BS Hood S03nb5bs\/As03nf5bss03ne5bs #2<\/p>\n<p>Polaris Snowmobile 2003 XC SP EDGE X 500 F O &#8211; S03NA5CS Hood S03np5cs\/5Csa\/5Csb\/6Es\/6Esa\/6Esb\/6Ess03nf5cs\/6Ess03ne5cs\/6Es #2<\/p>\n<p>Polaris Snowmobile 2003 XC SP EDGE 500 M-10 F O &#8211; S03NF5CS Hood S03np5cs\/5Csa\/5Csb\/6Es\/6Esa\/6Esbs03na5cs\/6Es\/6Ess03ne5cs\/6Es #2<\/p>\n<p>Polaris Snowmobile 2003 XC SP EDGE 500 M-10 F O &#8211; S03NE5CS Hood S03np5cs\/5Csa\/5Csb\/6Es\/6Esa\/6Esbs03na5cs\/6Ess03nf5cs\/6Es\/6Es #2<\/p>\n<p>Polaris Snowmobile 2003 XC SP EDGE 500 &#8211; S03NP5CSA-B Hood S03np5cs\/5Csa\/5Csb\/6Es\/6Esa\/6Esbs03na5cs\/6Ess03nf5cs\/6Ess03ne5cs\/6Es #2<\/p>\n<p>Polaris Snowmobile 2003 XC SP EDGE 600 M-10 F O &#8211; S03NF6ES Hood S03np5cs\/5Csa\/5Csb\/6Es\/6Esa\/6Esbs03na5cs\/6Ess03nf5cs\/6Ess03ne5cs\/6Es #2<\/p>\n<p>Polaris Snowmobile 2003 XC SP EDGE 600 &#8211; S03NP6ESA-B Hood S03np5cs\/5Csa\/5Csb\/6Es\/6Esa\/6Esbs03na5cs\/6Ess03nf5cs\/6Ess03ne5cs\/6Es #2<\/p>\n<p>Polaris Snowmobile 2003 XC SP EDGE X 600 F O &#8211; S03NA6ES Hood S03np5cs\/5Csa\/5Csb\/6Es\/6Esa\/6Esbs03na5cs\/6Ess03nf5cs\/6Ess03ne5cs\/6Es #2<\/p>\n<p>Polaris Snowmobile 2003 XC EDGE 600 F O &#8211; S03NP6ES Hood S03np5cs\/5Csa\/5Csb\/6Es\/6Esa\/6Esbs03na5cs\/6Ess03nf5cs\/6Ess03ne5cs\/6Es #2<\/p>\n<p>Polaris Snowmobile 2003 XC SP EDGE 600 M-10 F O &#8211; S03NE6ES Hood S03np5cs\/5Csa\/5Csb\/6Es\/6Esa\/6Esbs03na5cs\/6Ess03nf5cs\/6Ess03ne5cs\/6Es #2<\/p>\n<p>Polaris Snowmobile 2003 XC SP EDGE X 700 F O &#8211; S03NA7CS Hood S03np7cs\/7Csa\/7Csb\/8Cs\/8Csa\/8Csb\/8Css03nf7cs\/8Css03ne7cs\/8Cs #2<\/p>\n<p>Polaris Snowmobile 2003 XC SP EDGE 700 M-10 F O &#8211; S03NF7CS Hood S03np7cs\/7Csa\/7Csb\/8Cs\/8Csa\/8Csbs03na7cs\/8Cs\/8Css03ne7cs\/8Cs #2<\/p>\n<p>Polaris Snowmobile 2003 XC SP EDGE 700 M-10 F O &#8211; S03NE7CS Hood S03np7cs\/7Csa\/7Csb\/8Cs\/8Csa\/8Csbs03na7cs\/8Css03nf7cs\/8Cs\/8Cs #2<\/p>\n<p>Polaris Snowmobile 2003 XC SP EDGE 700 &#8211; S03NP7CSA-B Hood S03np7cs\/7Csa\/7Csb\/8Cs\/8Csa\/8Csbs03na7cs\/8Css03nf7cs\/8Css03ne7cs\/8Cs #2<\/p>\n<p>Polaris Snowmobile 2003 XC SP EDGE 800 M-10 F O &#8211; S03NE8CS Hood S03np7cs\/7Csa\/7Csb\/8Cs\/8Csa\/8Csbs03na7cs\/8Css03nf7cs\/8Css03ne7cs\/8Cs #2<\/p>\n<p>Polaris Snowmobile 2002 CLASSIC 700 BUILT BEFORE 1-1-01 &#8211; S02ND7CS Hood #2<\/p>\n<p>Polaris Snowmobile 2003 XC SP EDGE 800 M-10 F O &#8211; S03NF8CS Hood S03np7cs\/7Csa\/7Csb\/8Cs\/8Csa\/8Csbs03na7cs\/8Css03nf7cs\/8Css03ne7cs\/8Cs #2<\/p>\n<p>Polaris Snowmobile 2003 XC EDGE 800 F O &#8211; S03NP8CS Hood S03np7cs\/7Csa\/7Csb\/8Cs\/8Csa\/8Csbs03na7cs\/8Css03nf7cs\/8Css03ne7cs\/8Cs #2<\/p>\n<p>Polaris Snowmobile 2003 XC SP EDGE X 800 F O &#8211; S03NA8CS Hood S03np7cs\/7Csa\/7Csb\/8Cs\/8Csa\/8Csbs03na7cs\/8Css03nf7cs\/8Css03ne7cs\/8Cs #2<\/p>\n<p>Polaris Snowmobile 2003 XC SP EDGE 800 &#8211; S03NP8CSA-B Hood S03np7cs\/7Csa\/7Csb\/8Cs\/8Csa\/8Csbs03na7cs\/8Css03nf7cs\/8Css03ne7cs\/8Cs #2<\/p>\n<p>Polaris Snowmobile 2000 XC 600 SP EDGE &#8211; S00NP6ES Hood #2<\/p>\n<p>Polaris Snowmobile 2002 SUPERSPORT &#8211; S02NB5BS Hood #2<\/p>\n<p>Polaris Snowmobile 2002 CLASSIC 550 F C &#8211; S02ND5BS Hood #2<\/p>","protected":false},"featured_media":7394,"comment_status":"closed","ping_status":"closed","template":"","meta":{"_acf_changed":false},"demonterat-fordon":[],"fordons-typ":[641],"make":[636],"parts-filter":[661],"prod-typ":[716],"tillverkare":[865],"product_brand":[],"product_cat":[608],"product_tag":[],"class_list":{"0":"post-7466","1":"product","2":"type-product","3":"status-publish","4":"has-post-thumbnail","6":"fordons-typ-sno","7":"make-polaris","8":"parts-filter-edge","9":"prod-typ-nos","10":"tillverkare-polaris","11":"product_cat-windshield","13":"first","14":"instock","15":"purchasable","16":"product-type-simple"},"acf":[],"_links":{"self":[{"href":"https:\/\/whitepowder.se\/en\/wp-json\/wp\/v2\/product\/7466","targetHints":{"allow":["GET"]}}],"collection":[{"href":"https:\/\/whitepowder.se\/en\/wp-json\/wp\/v2\/product"}],"about":[{"href":"https:\/\/whitepowder.se\/en\/wp-json\/wp\/v2\/types\/product"}],"replies":[{"embeddable":true,"href":"https:\/\/whitepowder.se\/en\/wp-json\/wp\/v2\/comments?post=7466"}],"wp:featuredmedia":[{"embeddable":true,"href":"https:\/\/whitepowder.se\/en\/wp-json\/wp\/v2\/media\/7394"}],"wp:attachment":[{"href":"https:\/\/whitepowder.se\/en\/wp-json\/wp\/v2\/media?parent=7466"}],"wp:term":[{"taxonomy":"demonterat-fordon","embeddable":true,"href":"https:\/\/whitepowder.se\/en\/wp-json\/wp\/v2\/demonterat-fordon?post=7466"},{"taxonomy":"fordons-typ","embeddable":true,"href":"https:\/\/whitepowder.se\/en\/wp-json\/wp\/v2\/fordons-typ?post=7466"},{"taxonomy":"make","embeddable":true,"href":"https:\/\/whitepowder.se\/en\/wp-json\/wp\/v2\/make?post=7466"},{"taxonomy":"parts-filter","embeddable":true,"href":"https:\/\/whitepowder.se\/en\/wp-json\/wp\/v2\/parts-filter?post=7466"},{"taxonomy":"prod-typ","embeddable":true,"href":"https:\/\/whitepowder.se\/en\/wp-json\/wp\/v2\/prod-typ?post=7466"},{"taxonomy":"tillverkare","embeddable":true,"href":"https:\/\/whitepowder.se\/en\/wp-json\/wp\/v2\/tillverkare?post=7466"},{"taxonomy":"product_brand","embeddable":true,"href":"https:\/\/whitepowder.se\/en\/wp-json\/wp\/v2\/product_brand?post=7466"},{"taxonomy":"product_cat","embeddable":true,"href":"https:\/\/whitepowder.se\/en\/wp-json\/wp\/v2\/product_cat?post=7466"},{"taxonomy":"product_tag","embeddable":true,"href":"https:\/\/whitepowder.se\/en\/wp-json\/wp\/v2\/product_tag?post=7466"}],"curies":[{"name":"wp","href":"https:\/\/api.w.org\/{rel}","templated":true}]}}