{"id":7468,"date":"2024-04-21T16:23:23","date_gmt":"2024-04-21T14:23:23","guid":{"rendered":"https:\/\/whitepowder.se\/?post_type=product&#038;p=7468"},"modified":"2025-03-12T12:05:11","modified_gmt":"2025-03-12T11:05:11","slug":"polaris-5434533-ruta-edge-touring-18","status":"publish","type":"product","link":"https:\/\/whitepowder.se\/en\/polaris-5434533-ruta-edge-touring-18\/","title":{"rendered":"Polaris 5434533- Ruta &#8211; EDGE TOURING 18&#8243;"},"content":{"rendered":"<p>Polaris 5434533- Windshield &#8211; Ruta &#8211; EDGE TOURING (18&#8243; 45,72cm )<br \/>\nH 51,5CM \/ L 52,5CM<br \/>\nF\u00e4rg: Clear med Svart detaljer<br \/>\nH\u00f6jd: Tall , 18&#8243; &#8211; ca45,72cm<\/p>\n<p>Polaris Original , NOS<\/p>\n<p>* Sp\u00e5r av f\u00f6rvaring f\u00f6rekommer<\/p>\n<p>Passar: Polaris Modeller med EDGE Chassiet<\/p>","protected":false},"excerpt":{"rendered":"<p>Polaris 5434533 Windshield, 18 .- Sitter Original p\u00e5 :<\/p>\n<p>Polaris Snowmobile 2002 INDY FRONTIER &#8211; S02NT7DS Hood #2<\/p>\n<p>________________<br \/>\nPolaris 5434533 Windshield , passar till Polaris Modeller med EDGE Chassiet<\/p>\n<p>______<br \/>\nPartnumber till Rut Clips : 7621509<br \/>\nPartnumber till Gummistropp till fasts\u00e4ttning av rutan : 5410970<br \/>\n______________<\/p>\n<p>Passar:<br \/>\nClassic 340 \u2022 2003-2006<br \/>\nClassic 340 (M-10) \u2022 2004-2005<br \/>\nClassic 500 \u2022 2002-2006<br \/>\nClassic 550 \u2022 2002-2006<br \/>\nClassic 550 (M-10) \u2022 2004-2005<br \/>\nClassic 600 \u2022 2002-2006<br \/>\nClassic 700 \u2022 2002-2004<br \/>\nClassic 800 \u2022 2004<br \/>\nEdge 340 \u2022 2008<br \/>\nEdge LX340 \u2022 2007<br \/>\nEdge LX550 \u2022 2007-2008<br \/>\nEdge Touring 340 \u2022 2004-2006<br \/>\nEdge Touring 600 \u2022 2004-2006<br \/>\nEdge Touring 600 50th Anniversary \u2022 2005<br \/>\nEdge Touring 700 \u2022 2004<br \/>\nEdge Touring 800 \u2022 2004-2005<br \/>\nFrontier Classic \u2022 2003-2004<br \/>\nFrontier Touring \u2022 2003-2005<br \/>\nIndy 340 \u2022 2004<br \/>\nIndy 440 Pro X \u2022 2001<br \/>\nIndy 500 \u2022 2001-2006<br \/>\nIndy 600 Classic \u2022 2001<br \/>\nIndy 600 Edge X \u2022 2001<br \/>\nIndy 600 Pro X \u2022 2001-2002<br \/>\nIndy 800 Classic Touring \u2022 2003<br \/>\nIndy 800 LE \u2022 2001<br \/>\nIndy Frontier \u2022 2002<br \/>\n2002<br \/>\nIndy Frontier Touring \u2022 2003<br \/>\nIndy Super Sport 550 \u2022 2001<br \/>\nIndy XC 440 SP \u2022 2001<br \/>\nIndy XC 440 SP EDGE \u2022 2000<br \/>\nIndy XC 500 SP \u2022 2001<br \/>\nIndy XC 600 SP \u2022 2001<br \/>\nIndy XC 600 SP EDGE \u2022 2000<br \/>\nIndy XC 700 SP \u2022 2001<br \/>\nIndy XC 700 SP EV \u2022 2001<br \/>\nIndy XC 800 SP \u2022 2001<br \/>\nIndy XCF SP \u2022 2000-2001<br \/>\nIndy XCR 440 SP EDGE \u2022 1999<br \/>\nPro X 440 \u2022 2002-2003<br \/>\nPro X 600 \u2022 2003-2004<br \/>\nPro X 700 \u2022 2003-2004<br \/>\nPro X 800 \u2022 2003-2004<br \/>\nPro X Fan 440 \u2022 2002-2003<br \/>\nPro X Fan 550 \u2022 2004<br \/>\nPro X2 600 \u2022 2004<br \/>\nPro X2 700 \u2022 2004<br \/>\nPro X2 800 \u2022 2004<br \/>\nPro XR 800 2004<br \/>\nRMK 600 2002-2003, 2005<br \/>\nRMK 600 Vertical Edge 2004<br \/>\nRMK 600 Vertical Escape 2004<br \/>\nRMK 700 Vertical Edge w\/144&#8243; track 2003-2004<br \/>\nRMK 700 Vertical Edge w\/151&#8243; track 2003-2004<br \/>\nRMK 700 Vertical Escape w\/144&#8243; track 2004<br \/>\nRMK 700 Vertical Escape w\/151&#8243; track 2004<br \/>\nRMK 700 w\/136&#8243; track 2002<br \/>\nRMK 700 w\/144&#8243; track 2002-2003, 2005<br \/>\nRMK 700 w\/151&#8243; track 2002-2003, 2005<br \/>\nRMK 800 Vertical Edge w\/144&#8243; track 2003-2004<br \/>\nRMK 800 Vertical Edge w\/151&#8243; track 2003-2004<br \/>\nRMK 800 Vertical Edge w\/159&#8243; track 2003-2004<br \/>\nRMK 800 Vertical Escape w\/144&#8243; track 2004<br \/>\nRMK 800 Vertical Escape w\/151&#8243; track 2004<br \/>\nRMK 800 Vertical Escape w\/159&#8243; track 2003-2004<br \/>\nRMK 800 w\/144&#8243; track 2002-2003, 2005<br \/>\nRMK 800 w\/151&#8243; track 2002-2003, 2005<br \/>\nRMK 800 w\/156&#8243; track 2002<br \/>\nRMK 800 w\/159&#8243; track 2005<br \/>\nRMK 900 50th Anniversary w\/166&#8243; track 2005<br \/>\nRMK Trail 2005-2010<br \/>\nSKS 700 2003<br \/>\nSKS 800 2003<br \/>\nSport Touring 2004<br \/>\nSuper Sport 550 2002-2008<br \/>\nSuper Sport 550 (M-10) 2003-2006<br \/>\nSwitchBack 600 2004-2005<br \/>\nSwitchBack 700 2004<br \/>\nSwitchBack 800 2004-2005<br \/>\nTouring 340 2007<br \/>\nTrail RMK Vertical Edge 2004<br \/>\nTrail RMK Vertical Escape 2004<br \/>\nTrail Tour 550 2010<br \/>\nTrail Touring 2004-2006<br \/>\nTrail Touring Deluxe 2005-2009<br \/>\nTransport 550 2009<br \/>\nXC 340 2003<br \/>\nXC 500 2002-2003<br \/>\nXC 500 SP 2002-2007<br \/>\nXC 500 SP (M-10) 2002-2005<br \/>\nXC 600 SP 2002-2005<br \/>\nXC 600 SP (M-10) 2002-2005<br \/>\nXC 600 SP 50th Anniversary 2005<br \/>\nXC 700 SP 2002-2005<br \/>\nXC 700 SP (M-10) 2002-2005<br \/>\nXC 800 SP 2002-2005<br \/>\nXC 800 SP (M-10) 2002, 2004-2005<\/p>","protected":false},"featured_media":7404,"comment_status":"closed","ping_status":"closed","template":"","meta":{"_acf_changed":false},"demonterat-fordon":[],"fordons-typ":[641],"make":[636],"parts-filter":[661],"prod-typ":[716],"tillverkare":[865],"product_brand":[],"product_cat":[608],"product_tag":[],"class_list":{"0":"post-7468","1":"product","2":"type-product","3":"status-publish","4":"has-post-thumbnail","6":"fordons-typ-sno","7":"make-polaris","8":"parts-filter-edge","9":"prod-typ-nos","10":"tillverkare-polaris","11":"product_cat-windshield","13":"first","14":"instock","15":"purchasable","16":"product-type-simple"},"acf":[],"_links":{"self":[{"href":"https:\/\/whitepowder.se\/en\/wp-json\/wp\/v2\/product\/7468","targetHints":{"allow":["GET"]}}],"collection":[{"href":"https:\/\/whitepowder.se\/en\/wp-json\/wp\/v2\/product"}],"about":[{"href":"https:\/\/whitepowder.se\/en\/wp-json\/wp\/v2\/types\/product"}],"replies":[{"embeddable":true,"href":"https:\/\/whitepowder.se\/en\/wp-json\/wp\/v2\/comments?post=7468"}],"wp:featuredmedia":[{"embeddable":true,"href":"https:\/\/whitepowder.se\/en\/wp-json\/wp\/v2\/media\/7404"}],"wp:attachment":[{"href":"https:\/\/whitepowder.se\/en\/wp-json\/wp\/v2\/media?parent=7468"}],"wp:term":[{"taxonomy":"demonterat-fordon","embeddable":true,"href":"https:\/\/whitepowder.se\/en\/wp-json\/wp\/v2\/demonterat-fordon?post=7468"},{"taxonomy":"fordons-typ","embeddable":true,"href":"https:\/\/whitepowder.se\/en\/wp-json\/wp\/v2\/fordons-typ?post=7468"},{"taxonomy":"make","embeddable":true,"href":"https:\/\/whitepowder.se\/en\/wp-json\/wp\/v2\/make?post=7468"},{"taxonomy":"parts-filter","embeddable":true,"href":"https:\/\/whitepowder.se\/en\/wp-json\/wp\/v2\/parts-filter?post=7468"},{"taxonomy":"prod-typ","embeddable":true,"href":"https:\/\/whitepowder.se\/en\/wp-json\/wp\/v2\/prod-typ?post=7468"},{"taxonomy":"tillverkare","embeddable":true,"href":"https:\/\/whitepowder.se\/en\/wp-json\/wp\/v2\/tillverkare?post=7468"},{"taxonomy":"product_brand","embeddable":true,"href":"https:\/\/whitepowder.se\/en\/wp-json\/wp\/v2\/product_brand?post=7468"},{"taxonomy":"product_cat","embeddable":true,"href":"https:\/\/whitepowder.se\/en\/wp-json\/wp\/v2\/product_cat?post=7468"},{"taxonomy":"product_tag","embeddable":true,"href":"https:\/\/whitepowder.se\/en\/wp-json\/wp\/v2\/product_tag?post=7468"}],"curies":[{"name":"wp","href":"https:\/\/api.w.org\/{rel}","templated":true}]}}