{"id":7469,"date":"2024-04-21T16:23:24","date_gmt":"2024-04-21T14:23:24","guid":{"rendered":"https:\/\/whitepowder.se\/?post_type=product&#038;p=7469"},"modified":"2025-03-12T12:05:07","modified_gmt":"2025-03-12T11:05:07","slug":"polaris-5432671","status":"publish","type":"product","link":"https:\/\/whitepowder.se\/en\/polaris-5432671\/","title":{"rendered":"Polaris 5432671 &#8211; WINDSHIELD STD.HT (LITE)"},"content":{"rendered":"<p>Polaris 5432671 &#8211; Ruta &#8211; WINDSHIELD STD.HT (LITE)<br \/>\nF\u00e4rg: Clear med Svart detaljer<br \/>\nH\u00f6jd: Standard<\/p>\n<p>Polaris Original , NOS<\/p>\n<p>* Sp\u00e5r av f\u00f6rvaring f\u00f6rekommer<\/p>\n<p>Polaris Indy 340<\/p>","protected":false},"excerpt":{"rendered":"<p>Polaris 5432671 WINDSHIELD STD.HT (LITE) Sitter Original p\u00e5 :<\/p>\n<p>Polaris Snowmobile 1999 INDY 340 DELUXE &#8211; 099LD3AS Hood Assembly<\/p>\n<p>Polaris Snowmobile 1999 INDY 340 &#8211; 099LB3AS Hood Assembly 099Ld3as<\/p>\n<p>______<br \/>\nPartnumber till Rut Clips : 7621509<br \/>\nPartnumber till Gummistropp till fasts\u00e4ttning av rutan : 5410970<br \/>\n______________<\/p>\n<p>5432671 Passar:<br \/>\n2003 Polaris Edge 340 &#8212;<br \/>\n2003 Polaris Edge Classic 340 &#8212;<br \/>\n2001 Polaris Indy 340 Deluxe<br \/>\n2001 Polaris Indy 340 Touring<br \/>\n2000 Polaris Indy 340 Deluxe<br \/>\n2000 Polaris Indy 340 Touring<br \/>\n1999 Polaris Indy 340 &#8212;<br \/>\n1999 Polaris Indy 340 Deluxe<br \/>\n1999 Polaris Indy 340 Touring<br \/>\n2003 Polaris Touring 340 &#8212;<br \/>\n2002 Polaris Touring 340 &#8212;<br \/>\n2001 Polaris Touring 340 &#8212;<\/p>","protected":false},"featured_media":7412,"comment_status":"closed","ping_status":"closed","template":"","meta":{"_acf_changed":false},"demonterat-fordon":[],"fordons-typ":[641],"make":[636],"parts-filter":[880],"prod-typ":[716],"tillverkare":[865],"product_brand":[],"product_cat":[608],"product_tag":[],"class_list":{"0":"post-7469","1":"product","2":"type-product","3":"status-publish","4":"has-post-thumbnail","6":"fordons-typ-sno","7":"make-polaris","8":"parts-filter-indy-lite","9":"prod-typ-nos","10":"tillverkare-polaris","11":"product_cat-windshield","13":"first","14":"instock","15":"purchasable","16":"product-type-simple"},"acf":[],"_links":{"self":[{"href":"https:\/\/whitepowder.se\/en\/wp-json\/wp\/v2\/product\/7469","targetHints":{"allow":["GET"]}}],"collection":[{"href":"https:\/\/whitepowder.se\/en\/wp-json\/wp\/v2\/product"}],"about":[{"href":"https:\/\/whitepowder.se\/en\/wp-json\/wp\/v2\/types\/product"}],"replies":[{"embeddable":true,"href":"https:\/\/whitepowder.se\/en\/wp-json\/wp\/v2\/comments?post=7469"}],"wp:featuredmedia":[{"embeddable":true,"href":"https:\/\/whitepowder.se\/en\/wp-json\/wp\/v2\/media\/7412"}],"wp:attachment":[{"href":"https:\/\/whitepowder.se\/en\/wp-json\/wp\/v2\/media?parent=7469"}],"wp:term":[{"taxonomy":"demonterat-fordon","embeddable":true,"href":"https:\/\/whitepowder.se\/en\/wp-json\/wp\/v2\/demonterat-fordon?post=7469"},{"taxonomy":"fordons-typ","embeddable":true,"href":"https:\/\/whitepowder.se\/en\/wp-json\/wp\/v2\/fordons-typ?post=7469"},{"taxonomy":"make","embeddable":true,"href":"https:\/\/whitepowder.se\/en\/wp-json\/wp\/v2\/make?post=7469"},{"taxonomy":"parts-filter","embeddable":true,"href":"https:\/\/whitepowder.se\/en\/wp-json\/wp\/v2\/parts-filter?post=7469"},{"taxonomy":"prod-typ","embeddable":true,"href":"https:\/\/whitepowder.se\/en\/wp-json\/wp\/v2\/prod-typ?post=7469"},{"taxonomy":"tillverkare","embeddable":true,"href":"https:\/\/whitepowder.se\/en\/wp-json\/wp\/v2\/tillverkare?post=7469"},{"taxonomy":"product_brand","embeddable":true,"href":"https:\/\/whitepowder.se\/en\/wp-json\/wp\/v2\/product_brand?post=7469"},{"taxonomy":"product_cat","embeddable":true,"href":"https:\/\/whitepowder.se\/en\/wp-json\/wp\/v2\/product_cat?post=7469"},{"taxonomy":"product_tag","embeddable":true,"href":"https:\/\/whitepowder.se\/en\/wp-json\/wp\/v2\/product_tag?post=7469"}],"curies":[{"name":"wp","href":"https:\/\/api.w.org\/{rel}","templated":true}]}}