{"id":7492,"date":"2024-04-21T16:23:11","date_gmt":"2024-04-21T14:23:11","guid":{"rendered":"https:\/\/whitepowder.se\/?post_type=product&#038;p=7492"},"modified":"2024-09-02T13:45:46","modified_gmt":"2024-09-02T11:45:46","slug":"polaris-2875096-469-side-shields-midnight-blue","status":"publish","type":"product","link":"https:\/\/whitepowder.se\/en\/polaris-2875096-469-side-shields-midnight-blue\/","title":{"rendered":"Polaris 2875096-469 , KIT-SIDE SHIELDS, Midnight Blue"},"content":{"rendered":"<p>Polaris 2875096-469 , KIT-SIDE SHIELDS, Midnight Blue &#8211; Sidok\u00e5por till Vindrutan , Bl\u00e5a<\/p>\n<p>Kittet ineh\u00e5ller:<br \/>\nH\u00f6ger &amp; V\u00e4nster k\u00e5pa. Clips x2 &amp; Instruktioner p\/n: 9919601<\/p>\n<p>Short side Shild, LH P\/n: 5435518<br \/>\nShort side Shild, RH P\/n: 5435519<br \/>\nClips, &#8221;X-Mas tree&#8221; Qty2 pn: 7670101<\/p>\n<p>Polaris IQ Chassie<br \/>\nFits RMK , Switchback , Classic and Touring<\/p>","protected":false},"excerpt":{"rendered":"<p>2875096-469 Passar:<br \/>\nPolaris IQ Chassie<br \/>\nFits RMK , Switchback , Classic and Touring<\/p>","protected":false},"featured_media":7366,"comment_status":"closed","ping_status":"closed","template":"","meta":{"_acf_changed":false},"demonterat-fordon":[],"fordons-typ":[641],"make":[636],"parts-filter":[689],"prod-typ":[716],"tillverkare":[865],"product_brand":[],"product_cat":[608],"product_tag":[],"class_list":{"0":"post-7492","1":"product","2":"type-product","3":"status-publish","4":"has-post-thumbnail","6":"fordons-typ-sno","7":"make-polaris","8":"parts-filter-iq-chassie","9":"prod-typ-nos","10":"tillverkare-polaris","11":"product_cat-windshield","13":"first","14":"instock","15":"purchasable","16":"product-type-simple"},"acf":[],"_links":{"self":[{"href":"https:\/\/whitepowder.se\/en\/wp-json\/wp\/v2\/product\/7492","targetHints":{"allow":["GET"]}}],"collection":[{"href":"https:\/\/whitepowder.se\/en\/wp-json\/wp\/v2\/product"}],"about":[{"href":"https:\/\/whitepowder.se\/en\/wp-json\/wp\/v2\/types\/product"}],"replies":[{"embeddable":true,"href":"https:\/\/whitepowder.se\/en\/wp-json\/wp\/v2\/comments?post=7492"}],"wp:featuredmedia":[{"embeddable":true,"href":"https:\/\/whitepowder.se\/en\/wp-json\/wp\/v2\/media\/7366"}],"wp:attachment":[{"href":"https:\/\/whitepowder.se\/en\/wp-json\/wp\/v2\/media?parent=7492"}],"wp:term":[{"taxonomy":"demonterat-fordon","embeddable":true,"href":"https:\/\/whitepowder.se\/en\/wp-json\/wp\/v2\/demonterat-fordon?post=7492"},{"taxonomy":"fordons-typ","embeddable":true,"href":"https:\/\/whitepowder.se\/en\/wp-json\/wp\/v2\/fordons-typ?post=7492"},{"taxonomy":"make","embeddable":true,"href":"https:\/\/whitepowder.se\/en\/wp-json\/wp\/v2\/make?post=7492"},{"taxonomy":"parts-filter","embeddable":true,"href":"https:\/\/whitepowder.se\/en\/wp-json\/wp\/v2\/parts-filter?post=7492"},{"taxonomy":"prod-typ","embeddable":true,"href":"https:\/\/whitepowder.se\/en\/wp-json\/wp\/v2\/prod-typ?post=7492"},{"taxonomy":"tillverkare","embeddable":true,"href":"https:\/\/whitepowder.se\/en\/wp-json\/wp\/v2\/tillverkare?post=7492"},{"taxonomy":"product_brand","embeddable":true,"href":"https:\/\/whitepowder.se\/en\/wp-json\/wp\/v2\/product_brand?post=7492"},{"taxonomy":"product_cat","embeddable":true,"href":"https:\/\/whitepowder.se\/en\/wp-json\/wp\/v2\/product_cat?post=7492"},{"taxonomy":"product_tag","embeddable":true,"href":"https:\/\/whitepowder.se\/en\/wp-json\/wp\/v2\/product_tag?post=7492"}],"curies":[{"name":"wp","href":"https:\/\/api.w.org\/{rel}","templated":true}]}}