{"id":7708,"date":"2024-04-25T08:38:48","date_gmt":"2024-04-25T06:38:48","guid":{"rendered":"https:\/\/whitepowder.se\/?post_type=product&#038;p=7708"},"modified":"2024-09-03T01:21:12","modified_gmt":"2024-09-02T23:21:12","slug":"polaris-2874639-handguard-deflector-red","status":"publish","type":"product","link":"https:\/\/whitepowder.se\/en\/polaris-2874639-handguard-deflector-red\/","title":{"rendered":"Polaris 2874639 &#8211; Handguard , Deflector , Red"},"content":{"rendered":"<p>Polaris 2874639 Handguard<br \/>\nF\u00e4rg: R\u00f6da<br \/>\nPar = H\u00f6ger + V\u00e4nster<\/p>\n<p>Handguard , Deflector<br \/>\nPolaris Original NOS<\/p>\n<p>* Sp\u00e5r av f\u00f6rvaring F\u00f6rekommer<\/p>","protected":false},"excerpt":{"rendered":"<p>Polaris 2874639 Passar :<br \/>\n2004 Polaris 600\/700\/800 PRO X\/PRO X2 (S04NX6ES)<\/p>","protected":false},"featured_media":7593,"comment_status":"open","ping_status":"closed","template":"","meta":{"_acf_changed":false},"demonterat-fordon":[],"fordons-typ":[641],"make":[636],"parts-filter":[885],"prod-typ":[716],"tillverkare":[865],"product_brand":[],"product_cat":[222,887],"product_tag":[755,645],"class_list":{"0":"post-7708","1":"product","2":"type-product","3":"status-publish","4":"has-post-thumbnail","6":"fordons-typ-sno","7":"make-polaris","8":"parts-filter-pro-x","9":"prod-typ-nos","10":"tillverkare-polaris","11":"product_cat-handtagsskydd","12":"product_cat-polaris-colored-components-accessories","13":"product_tag-pro-x-2","14":"product_tag-pro-x","16":"first","17":"instock","18":"purchasable","19":"product-type-simple"},"acf":[],"_links":{"self":[{"href":"https:\/\/whitepowder.se\/en\/wp-json\/wp\/v2\/product\/7708","targetHints":{"allow":["GET"]}}],"collection":[{"href":"https:\/\/whitepowder.se\/en\/wp-json\/wp\/v2\/product"}],"about":[{"href":"https:\/\/whitepowder.se\/en\/wp-json\/wp\/v2\/types\/product"}],"replies":[{"embeddable":true,"href":"https:\/\/whitepowder.se\/en\/wp-json\/wp\/v2\/comments?post=7708"}],"wp:featuredmedia":[{"embeddable":true,"href":"https:\/\/whitepowder.se\/en\/wp-json\/wp\/v2\/media\/7593"}],"wp:attachment":[{"href":"https:\/\/whitepowder.se\/en\/wp-json\/wp\/v2\/media?parent=7708"}],"wp:term":[{"taxonomy":"demonterat-fordon","embeddable":true,"href":"https:\/\/whitepowder.se\/en\/wp-json\/wp\/v2\/demonterat-fordon?post=7708"},{"taxonomy":"fordons-typ","embeddable":true,"href":"https:\/\/whitepowder.se\/en\/wp-json\/wp\/v2\/fordons-typ?post=7708"},{"taxonomy":"make","embeddable":true,"href":"https:\/\/whitepowder.se\/en\/wp-json\/wp\/v2\/make?post=7708"},{"taxonomy":"parts-filter","embeddable":true,"href":"https:\/\/whitepowder.se\/en\/wp-json\/wp\/v2\/parts-filter?post=7708"},{"taxonomy":"prod-typ","embeddable":true,"href":"https:\/\/whitepowder.se\/en\/wp-json\/wp\/v2\/prod-typ?post=7708"},{"taxonomy":"tillverkare","embeddable":true,"href":"https:\/\/whitepowder.se\/en\/wp-json\/wp\/v2\/tillverkare?post=7708"},{"taxonomy":"product_brand","embeddable":true,"href":"https:\/\/whitepowder.se\/en\/wp-json\/wp\/v2\/product_brand?post=7708"},{"taxonomy":"product_cat","embeddable":true,"href":"https:\/\/whitepowder.se\/en\/wp-json\/wp\/v2\/product_cat?post=7708"},{"taxonomy":"product_tag","embeddable":true,"href":"https:\/\/whitepowder.se\/en\/wp-json\/wp\/v2\/product_tag?post=7708"}],"curies":[{"name":"wp","href":"https:\/\/api.w.org\/{rel}","templated":true}]}}