{"id":7716,"date":"2024-04-25T08:38:46","date_gmt":"2024-04-25T06:38:46","guid":{"rendered":"https:\/\/whitepowder.se\/?post_type=product&#038;p=7716"},"modified":"2026-01-20T06:55:14","modified_gmt":"2026-01-20T05:55:14","slug":"polaris-2875536-070-handtagsskydd","status":"publish","type":"product","link":"https:\/\/whitepowder.se\/en\/polaris-2875536-070-handtagsskydd\/","title":{"rendered":"Polaris 2875536-070 &#8211; Handtagsskydd Svarta"},"content":{"rendered":"<p>Polaris 2875536-070 HANDGUARDS BLACK &#8211; Handtagsskydd<\/p>\n<p>F\u00e4rg: Svart -070 Black<br \/>\nH\u00f6ger + V\u00e4nster<\/p>\n<p>M\u00e5tt k\u00e5pa bredd 26cm, h\u00f6jd 15cm<br \/>\n[Mount kit sold separatly] Endast det som \u00e4r med p\u00e5 bilderna medf\u00f6ljer.<br \/>\nF\u00f6r Universala Applikationer anv\u00e4nd m\u00e5tten i Bilderna<br \/>\nPolaris Original<\/p>","protected":false},"excerpt":{"rendered":"<p>Polaris 2875536-070 Passar:<br \/>\nPolaris Fusion Model Snowmobiles 2005-2006<br \/>\nPolaris EDGE Model Snowmobiles<br \/>\nPolaris IQ-Chassis Snowmobile<\/p>\n<p>Polaris 2875536-070 Sitter Original p\u00e5 :<br \/>\nPolaris Snowmobile 2007 SUPERSPORT EDGE &#8211; S07NP5BS-BE HANDLEBAR<br \/>\nPolaris Snowmobile 2006 HO FUSION 600 F O &#8211; S06MP6FS Handlebar Mounting &amp; Controls \/Fsa\/Fsb\/Me6fs\/Mc6fs<br \/>\nPolaris Snowmobile 2008 SUPERSPORT EURO &#8211; S08NP5BS-BE Steering, Handlebar &amp; Controls<\/p>","protected":false},"featured_media":7646,"comment_status":"open","ping_status":"closed","template":"","meta":{"_acf_changed":false},"demonterat-fordon":[],"fordons-typ":[641],"make":[636,722],"parts-filter":[679],"prod-typ":[717],"tillverkare":[865],"product_brand":[],"product_cat":[222,887],"product_tag":[],"class_list":{"0":"post-7716","1":"product","2":"type-product","3":"status-publish","4":"has-post-thumbnail","6":"fordons-typ-sno","7":"make-polaris","8":"make-universaldelar","9":"parts-filter-sno-p","10":"prod-typ-ny","11":"tillverkare-polaris","12":"product_cat-handtagsskydd","13":"product_cat-polaris-colored-components-accessories","15":"first","16":"instock","17":"purchasable","18":"product-type-simple"},"acf":[],"_links":{"self":[{"href":"https:\/\/whitepowder.se\/en\/wp-json\/wp\/v2\/product\/7716","targetHints":{"allow":["GET"]}}],"collection":[{"href":"https:\/\/whitepowder.se\/en\/wp-json\/wp\/v2\/product"}],"about":[{"href":"https:\/\/whitepowder.se\/en\/wp-json\/wp\/v2\/types\/product"}],"replies":[{"embeddable":true,"href":"https:\/\/whitepowder.se\/en\/wp-json\/wp\/v2\/comments?post=7716"}],"wp:featuredmedia":[{"embeddable":true,"href":"https:\/\/whitepowder.se\/en\/wp-json\/wp\/v2\/media\/7646"}],"wp:attachment":[{"href":"https:\/\/whitepowder.se\/en\/wp-json\/wp\/v2\/media?parent=7716"}],"wp:term":[{"taxonomy":"demonterat-fordon","embeddable":true,"href":"https:\/\/whitepowder.se\/en\/wp-json\/wp\/v2\/demonterat-fordon?post=7716"},{"taxonomy":"fordons-typ","embeddable":true,"href":"https:\/\/whitepowder.se\/en\/wp-json\/wp\/v2\/fordons-typ?post=7716"},{"taxonomy":"make","embeddable":true,"href":"https:\/\/whitepowder.se\/en\/wp-json\/wp\/v2\/make?post=7716"},{"taxonomy":"parts-filter","embeddable":true,"href":"https:\/\/whitepowder.se\/en\/wp-json\/wp\/v2\/parts-filter?post=7716"},{"taxonomy":"prod-typ","embeddable":true,"href":"https:\/\/whitepowder.se\/en\/wp-json\/wp\/v2\/prod-typ?post=7716"},{"taxonomy":"tillverkare","embeddable":true,"href":"https:\/\/whitepowder.se\/en\/wp-json\/wp\/v2\/tillverkare?post=7716"},{"taxonomy":"product_brand","embeddable":true,"href":"https:\/\/whitepowder.se\/en\/wp-json\/wp\/v2\/product_brand?post=7716"},{"taxonomy":"product_cat","embeddable":true,"href":"https:\/\/whitepowder.se\/en\/wp-json\/wp\/v2\/product_cat?post=7716"},{"taxonomy":"product_tag","embeddable":true,"href":"https:\/\/whitepowder.se\/en\/wp-json\/wp\/v2\/product_tag?post=7716"}],"curies":[{"name":"wp","href":"https:\/\/api.w.org\/{rel}","templated":true}]}}