{"id":7887,"date":"2024-04-28T08:48:19","date_gmt":"2024-04-28T06:48:19","guid":{"rendered":"https:\/\/whitepowder.se\/?post_type=product&#038;p=7887"},"modified":"2025-08-20T12:54:32","modified_gmt":"2025-08-20T10:54:32","slug":"powermadd-handtagsskydd-black-silver","status":"publish","type":"product","link":"https:\/\/whitepowder.se\/en\/powermadd-handtagsskydd-black-silver\/","title":{"rendered":"PowerMadd Handtagsskydd Black &#8211; Silver"},"content":{"rendered":"<p>Handskydd Powermadd Star Series<br \/>\nF\u00e4rg: Black \/ Silver<br \/>\nExtremt m\u00e5ngsidig med en universell passform f\u00f6r ATV, motorcykel och sn\u00f6skoter. Star-serien \u00e4r tillverkad av tv\u00e5 olika typer av plast &#8211; en styv ryggrad f\u00f6r skydd och en mjukare f\u00e4rgad plastkropp f\u00f6r stil. Konstruerade f\u00f6r att ge det ultimata skyddet mot v\u00e4der och vind.<\/p>\n<p>OBS:<br \/>\n&#8211; Monteringssatser s\u00e4ljs separat<\/p>","protected":false},"excerpt":{"rendered":"<p>PowerMadd Handtagsskydd Black &#8211; Silver . pm14230<\/p>","protected":false},"featured_media":7851,"comment_status":"open","ping_status":"closed","template":"","meta":{"_acf_changed":false},"demonterat-fordon":[],"fordons-typ":[642,641],"make":[722],"parts-filter":[],"prod-typ":[717],"tillverkare":[891],"product_brand":[],"product_cat":[222],"product_tag":[],"class_list":{"0":"post-7887","1":"product","2":"type-product","3":"status-publish","4":"has-post-thumbnail","6":"fordons-typ-atv-utv","7":"fordons-typ-sno","8":"make-universaldelar","9":"prod-typ-ny","10":"tillverkare-powermadd","11":"product_cat-handtagsskydd","13":"first","14":"instock","15":"taxable","16":"shipping-taxable","17":"purchasable","18":"product-type-simple"},"acf":[],"_links":{"self":[{"href":"https:\/\/whitepowder.se\/en\/wp-json\/wp\/v2\/product\/7887","targetHints":{"allow":["GET"]}}],"collection":[{"href":"https:\/\/whitepowder.se\/en\/wp-json\/wp\/v2\/product"}],"about":[{"href":"https:\/\/whitepowder.se\/en\/wp-json\/wp\/v2\/types\/product"}],"replies":[{"embeddable":true,"href":"https:\/\/whitepowder.se\/en\/wp-json\/wp\/v2\/comments?post=7887"}],"wp:featuredmedia":[{"embeddable":true,"href":"https:\/\/whitepowder.se\/en\/wp-json\/wp\/v2\/media\/7851"}],"wp:attachment":[{"href":"https:\/\/whitepowder.se\/en\/wp-json\/wp\/v2\/media?parent=7887"}],"wp:term":[{"taxonomy":"demonterat-fordon","embeddable":true,"href":"https:\/\/whitepowder.se\/en\/wp-json\/wp\/v2\/demonterat-fordon?post=7887"},{"taxonomy":"fordons-typ","embeddable":true,"href":"https:\/\/whitepowder.se\/en\/wp-json\/wp\/v2\/fordons-typ?post=7887"},{"taxonomy":"make","embeddable":true,"href":"https:\/\/whitepowder.se\/en\/wp-json\/wp\/v2\/make?post=7887"},{"taxonomy":"parts-filter","embeddable":true,"href":"https:\/\/whitepowder.se\/en\/wp-json\/wp\/v2\/parts-filter?post=7887"},{"taxonomy":"prod-typ","embeddable":true,"href":"https:\/\/whitepowder.se\/en\/wp-json\/wp\/v2\/prod-typ?post=7887"},{"taxonomy":"tillverkare","embeddable":true,"href":"https:\/\/whitepowder.se\/en\/wp-json\/wp\/v2\/tillverkare?post=7887"},{"taxonomy":"product_brand","embeddable":true,"href":"https:\/\/whitepowder.se\/en\/wp-json\/wp\/v2\/product_brand?post=7887"},{"taxonomy":"product_cat","embeddable":true,"href":"https:\/\/whitepowder.se\/en\/wp-json\/wp\/v2\/product_cat?post=7887"},{"taxonomy":"product_tag","embeddable":true,"href":"https:\/\/whitepowder.se\/en\/wp-json\/wp\/v2\/product_tag?post=7887"}],"curies":[{"name":"wp","href":"https:\/\/api.w.org\/{rel}","templated":true}]}}