{"id":8245,"date":"2024-05-01T17:50:16","date_gmt":"2024-05-01T15:50:16","guid":{"rendered":"https:\/\/whitepowder.se\/?post_type=product&#038;p=8245"},"modified":"2026-03-20T16:18:48","modified_gmt":"2026-03-20T15:18:48","slug":"polaris-2201077-1998-500-rmk","status":"publish","type":"product","link":"https:\/\/whitepowder.se\/en\/polaris-2201077-1998-500-rmk\/","title":{"rendered":"Polaris 2201077 &#8211; 1998 500 RMK"},"content":{"rendered":"<p>Polaris 2201077 KIT,DECAL,98 500 RMK<br \/>\nDekal Kit Huv<br \/>\nPolaris 1998 500 RMK<\/p>\n<p>* olje fl\u00e4ck p\u00e5 kartong, 2 av dom l\u00e5nga dekalerna har antydan till n\u00e4rkontakt p\u00e5 skydds lagret av dekalerna.<\/p>\n<p>Polaris Original Dekaler ( NOS ) i Original f\u00f6rpackning<\/p>","protected":false},"excerpt":{"rendered":"<p>Polaris 2201077 Sitter Original p\u00e5 :<br \/>\nPolaris Snowmobile 1998 RMK 500 &#8211; 0982964 Decals 500 Rmk &amp; European 500 Rmk E982964<\/p>\n<p>Polaris Snowmobile 1998 EURO 500 RMK &#8211; E982964 Decals 500 Rmk 0982964 &amp; European 500 Rmk<\/p>","protected":false},"featured_media":8223,"comment_status":"open","ping_status":"closed","template":"","meta":{"_acf_changed":false},"demonterat-fordon":[],"fordons-typ":[641],"make":[636],"parts-filter":[934],"prod-typ":[716],"tillverkare":[865],"product_brand":[],"product_cat":[264],"product_tag":[],"class_list":{"0":"post-8245","1":"product","2":"type-product","3":"status-publish","4":"has-post-thumbnail","6":"fordons-typ-sno","7":"make-polaris","8":"parts-filter-evolved","9":"prod-typ-nos","10":"tillverkare-polaris","11":"product_cat-hood-kits","13":"first","14":"outofstock","15":"purchasable","16":"product-type-simple"},"acf":[],"_links":{"self":[{"href":"https:\/\/whitepowder.se\/en\/wp-json\/wp\/v2\/product\/8245","targetHints":{"allow":["GET"]}}],"collection":[{"href":"https:\/\/whitepowder.se\/en\/wp-json\/wp\/v2\/product"}],"about":[{"href":"https:\/\/whitepowder.se\/en\/wp-json\/wp\/v2\/types\/product"}],"replies":[{"embeddable":true,"href":"https:\/\/whitepowder.se\/en\/wp-json\/wp\/v2\/comments?post=8245"}],"wp:featuredmedia":[{"embeddable":true,"href":"https:\/\/whitepowder.se\/en\/wp-json\/wp\/v2\/media\/8223"}],"wp:attachment":[{"href":"https:\/\/whitepowder.se\/en\/wp-json\/wp\/v2\/media?parent=8245"}],"wp:term":[{"taxonomy":"demonterat-fordon","embeddable":true,"href":"https:\/\/whitepowder.se\/en\/wp-json\/wp\/v2\/demonterat-fordon?post=8245"},{"taxonomy":"fordons-typ","embeddable":true,"href":"https:\/\/whitepowder.se\/en\/wp-json\/wp\/v2\/fordons-typ?post=8245"},{"taxonomy":"make","embeddable":true,"href":"https:\/\/whitepowder.se\/en\/wp-json\/wp\/v2\/make?post=8245"},{"taxonomy":"parts-filter","embeddable":true,"href":"https:\/\/whitepowder.se\/en\/wp-json\/wp\/v2\/parts-filter?post=8245"},{"taxonomy":"prod-typ","embeddable":true,"href":"https:\/\/whitepowder.se\/en\/wp-json\/wp\/v2\/prod-typ?post=8245"},{"taxonomy":"tillverkare","embeddable":true,"href":"https:\/\/whitepowder.se\/en\/wp-json\/wp\/v2\/tillverkare?post=8245"},{"taxonomy":"product_brand","embeddable":true,"href":"https:\/\/whitepowder.se\/en\/wp-json\/wp\/v2\/product_brand?post=8245"},{"taxonomy":"product_cat","embeddable":true,"href":"https:\/\/whitepowder.se\/en\/wp-json\/wp\/v2\/product_cat?post=8245"},{"taxonomy":"product_tag","embeddable":true,"href":"https:\/\/whitepowder.se\/en\/wp-json\/wp\/v2\/product_tag?post=8245"}],"curies":[{"name":"wp","href":"https:\/\/api.w.org\/{rel}","templated":true}]}}