{"id":8263,"date":"2024-05-01T17:50:08","date_gmt":"2024-05-01T15:50:08","guid":{"rendered":"https:\/\/whitepowder.se\/?post_type=product&#038;p=8263"},"modified":"2025-08-20T10:18:22","modified_gmt":"2025-08-20T08:18:22","slug":"polaris-2202264","status":"publish","type":"product","link":"https:\/\/whitepowder.se\/en\/polaris-2202264\/","title":{"rendered":"Polaris 2202264 &#8211; 2003 XC SP EDGE X 500\/600 * anm"},"content":{"rendered":"<p>Polaris 2202264 Kit, Hood Decal, 03 500 X<br \/>\nDekal Kit Huv<br \/>\nPolaris 2003 XC SP EDGE X 500 &#8211; 600<\/p>\n<p>* har h\u00f6rnen vikta p\u00e5 dom l\u00e5nga decalerna 7170303.304 , Se bilder.<br \/>\n* 1 decal ( 7170313 ) har en mindre blesyre p\u00e5 top center edge<\/p>\n<p>Polaris Original Dekaler ( NOS ) i Original f\u00f6rpackning<\/p>","protected":false},"excerpt":{"rendered":"<p>Polaris 2202264 Sitter Original p\u00e5 :<br \/>\nPolaris Snowmobile 2003 XC SP EDGE X 500 F O &#8211; S03NA5CS Decals \/6Ess03nf5cs\/6Es (4977827782A11)<\/p>\n<p>Polaris Snowmobile 2003 XC SP EDGE 500 M-10 F O &#8211; S03NF5CS Decals S03na5cs\/6Es\/6Es (4977827782A11)<\/p>\n<p>Polaris Snowmobile 2003 XC SP EDGE 600 M-10 F O &#8211; S03NF6ES Decals S03na5cs\/6Ess03nf5cs\/6Es (4977827782A11)<\/p>\n<p>Polaris Snowmobile 2003 XC SP EDGE X 600 F O &#8211; S03NA6ES Decals S03na5cs\/6Ess03nf5cs\/6Es (4977827782A11)<\/p>","protected":false},"featured_media":8163,"comment_status":"open","ping_status":"closed","template":"","meta":{"_acf_changed":false},"demonterat-fordon":[],"fordons-typ":[641],"make":[636],"parts-filter":[661],"prod-typ":[716],"tillverkare":[865],"product_brand":[],"product_cat":[264],"product_tag":[],"class_list":{"0":"post-8263","1":"product","2":"type-product","3":"status-publish","4":"has-post-thumbnail","6":"fordons-typ-sno","7":"make-polaris","8":"parts-filter-edge","9":"prod-typ-nos","10":"tillverkare-polaris","11":"product_cat-hood-kits","12":"product_shipping_class-langgods","14":"first","15":"instock","16":"purchasable","17":"product-type-simple"},"acf":[],"_links":{"self":[{"href":"https:\/\/whitepowder.se\/en\/wp-json\/wp\/v2\/product\/8263","targetHints":{"allow":["GET"]}}],"collection":[{"href":"https:\/\/whitepowder.se\/en\/wp-json\/wp\/v2\/product"}],"about":[{"href":"https:\/\/whitepowder.se\/en\/wp-json\/wp\/v2\/types\/product"}],"replies":[{"embeddable":true,"href":"https:\/\/whitepowder.se\/en\/wp-json\/wp\/v2\/comments?post=8263"}],"wp:featuredmedia":[{"embeddable":true,"href":"https:\/\/whitepowder.se\/en\/wp-json\/wp\/v2\/media\/8163"}],"wp:attachment":[{"href":"https:\/\/whitepowder.se\/en\/wp-json\/wp\/v2\/media?parent=8263"}],"wp:term":[{"taxonomy":"demonterat-fordon","embeddable":true,"href":"https:\/\/whitepowder.se\/en\/wp-json\/wp\/v2\/demonterat-fordon?post=8263"},{"taxonomy":"fordons-typ","embeddable":true,"href":"https:\/\/whitepowder.se\/en\/wp-json\/wp\/v2\/fordons-typ?post=8263"},{"taxonomy":"make","embeddable":true,"href":"https:\/\/whitepowder.se\/en\/wp-json\/wp\/v2\/make?post=8263"},{"taxonomy":"parts-filter","embeddable":true,"href":"https:\/\/whitepowder.se\/en\/wp-json\/wp\/v2\/parts-filter?post=8263"},{"taxonomy":"prod-typ","embeddable":true,"href":"https:\/\/whitepowder.se\/en\/wp-json\/wp\/v2\/prod-typ?post=8263"},{"taxonomy":"tillverkare","embeddable":true,"href":"https:\/\/whitepowder.se\/en\/wp-json\/wp\/v2\/tillverkare?post=8263"},{"taxonomy":"product_brand","embeddable":true,"href":"https:\/\/whitepowder.se\/en\/wp-json\/wp\/v2\/product_brand?post=8263"},{"taxonomy":"product_cat","embeddable":true,"href":"https:\/\/whitepowder.se\/en\/wp-json\/wp\/v2\/product_cat?post=8263"},{"taxonomy":"product_tag","embeddable":true,"href":"https:\/\/whitepowder.se\/en\/wp-json\/wp\/v2\/product_tag?post=8263"}],"curies":[{"name":"wp","href":"https:\/\/api.w.org\/{rel}","templated":true}]}}