{"id":8311,"date":"2024-05-06T20:19:28","date_gmt":"2024-05-06T18:19:28","guid":{"rendered":"https:\/\/whitepowder.se\/?post_type=product&#038;p=8311"},"modified":"2025-03-12T12:29:03","modified_gmt":"2025-03-12T11:29:03","slug":"polaris-2632170-342-huv-nos-gen-ii-solar-red","status":"publish","type":"product","link":"https:\/\/whitepowder.se\/en\/polaris-2632170-342-huv-nos-gen-ii-solar-red\/","title":{"rendered":"Polaris 2632170-342 &#8211; Huv , NOS, GEN II , Solar Red"},"content":{"rendered":"<p>Polaris 2632170-342 Huv , Solar Red &#8211; GEN II Chassie<br \/>\nASM-HOOD,SVC,HBD,SOLAR RED (Incl. Foam\/Foil)<\/p>\n<p>Polaris Original NOS i Original kartong<br \/>\n*Sp\u00e5r av f\u00f6rvaring f\u00f6rekommer<\/p>\n<p>Sitter Original p\u00e5:<br \/>\n2002 SPORT TOURING<br \/>\n2002 SPORT TOURING ES EURO<\/p>","protected":false},"excerpt":{"rendered":"<p>Polaris 2632170-342 Sitter Original p\u00e5<br \/>\nPolaris Snowmobile 2002 SPORT TOURING &#8211; S02SU5BS Hood \/S02sd5be #2<\/p>\n<p>Polaris Snowmobile 2002 SPORT TOURING ES EURO &#8211; S02SD5BE Hood S02su5bs #2&#8243;<\/p>\n<p>Polaris 2632170-342 Passar:<br \/>\nPolaris Snowmobile 2001 TRAIL RMK &#8211; S01SR5BS Hood<\/p>\n<p>Polaris Snowmobile 2003 SPORT TOURING &#8211; S03SU5BS-S03SU5BSA Hood S03su5bs\/Bsa #2<\/p>\n<p>Polaris Snowmobile 2003 TRAIL RMK &#8211; S03SR5BS Hood<\/p>\n<p>Polaris Snowmobile 2002 TRAIL RMK 136 &#8211; S02SR5BS Hood<\/p>\n<p>Polaris Snowmobile 2003 TRAIL TOURING &#8211; S03ST5BS Hood #2<\/p>\n<p>Polaris Snowmobile 2002 TRAIL TOURING &#8211; S02ST5BS Hood #2<\/p>\n<p>Polaris Snowmobile 2001 SPORT TOURING ES &#8211; S01ST5BS Hood #2<\/p>\n<p>Polaris Snowmobile 2001 EURO SPORT TOURING &#8211; E01SD5BU Hood S01st5bs #2<\/p>\n<p>Polaris Snowmobile 2001 SPORT TOURING &#8211; S01SD5BS Hood S01st5bs #2<\/p>\n<p>Polaris Snowmobile 2002 SPORT TOURING &#8211; S02SU5BS Hood \/S02sd5be #2<\/p>\n<p>Polaris Snowmobile 2002 SPORT TOURING ES EURO &#8211; S02SD5BE Hood S02su5bs #2<\/p>","protected":false},"featured_media":8561,"comment_status":"open","ping_status":"closed","template":"","meta":{"_acf_changed":false},"demonterat-fordon":[],"fordons-typ":[641],"make":[636],"parts-filter":[884],"prod-typ":[716],"tillverkare":[865],"product_brand":[],"product_cat":[607],"product_tag":[],"class_list":{"0":"post-8311","1":"product","2":"type-product","3":"status-publish","4":"has-post-thumbnail","6":"fordons-typ-sno","7":"make-polaris","8":"parts-filter-gen-ii","9":"prod-typ-nos","10":"tillverkare-polaris","11":"product_cat-hood","12":"product_shipping_class-oversized","14":"first","15":"instock","16":"purchasable","17":"product-type-simple"},"acf":[],"_links":{"self":[{"href":"https:\/\/whitepowder.se\/en\/wp-json\/wp\/v2\/product\/8311","targetHints":{"allow":["GET"]}}],"collection":[{"href":"https:\/\/whitepowder.se\/en\/wp-json\/wp\/v2\/product"}],"about":[{"href":"https:\/\/whitepowder.se\/en\/wp-json\/wp\/v2\/types\/product"}],"replies":[{"embeddable":true,"href":"https:\/\/whitepowder.se\/en\/wp-json\/wp\/v2\/comments?post=8311"}],"wp:featuredmedia":[{"embeddable":true,"href":"https:\/\/whitepowder.se\/en\/wp-json\/wp\/v2\/media\/8561"}],"wp:attachment":[{"href":"https:\/\/whitepowder.se\/en\/wp-json\/wp\/v2\/media?parent=8311"}],"wp:term":[{"taxonomy":"demonterat-fordon","embeddable":true,"href":"https:\/\/whitepowder.se\/en\/wp-json\/wp\/v2\/demonterat-fordon?post=8311"},{"taxonomy":"fordons-typ","embeddable":true,"href":"https:\/\/whitepowder.se\/en\/wp-json\/wp\/v2\/fordons-typ?post=8311"},{"taxonomy":"make","embeddable":true,"href":"https:\/\/whitepowder.se\/en\/wp-json\/wp\/v2\/make?post=8311"},{"taxonomy":"parts-filter","embeddable":true,"href":"https:\/\/whitepowder.se\/en\/wp-json\/wp\/v2\/parts-filter?post=8311"},{"taxonomy":"prod-typ","embeddable":true,"href":"https:\/\/whitepowder.se\/en\/wp-json\/wp\/v2\/prod-typ?post=8311"},{"taxonomy":"tillverkare","embeddable":true,"href":"https:\/\/whitepowder.se\/en\/wp-json\/wp\/v2\/tillverkare?post=8311"},{"taxonomy":"product_brand","embeddable":true,"href":"https:\/\/whitepowder.se\/en\/wp-json\/wp\/v2\/product_brand?post=8311"},{"taxonomy":"product_cat","embeddable":true,"href":"https:\/\/whitepowder.se\/en\/wp-json\/wp\/v2\/product_cat?post=8311"},{"taxonomy":"product_tag","embeddable":true,"href":"https:\/\/whitepowder.se\/en\/wp-json\/wp\/v2\/product_tag?post=8311"}],"curies":[{"name":"wp","href":"https:\/\/api.w.org\/{rel}","templated":true}]}}