{"id":8317,"date":"2024-05-06T20:19:28","date_gmt":"2024-05-06T18:19:28","guid":{"rendered":"https:\/\/whitepowder.se\/?post_type=product&#038;p=8317"},"modified":"2026-04-17T15:49:01","modified_gmt":"2026-04-17T13:49:01","slug":"polaris-1013685-1124","status":"publish","type":"product","link":"https:\/\/whitepowder.se\/en\/polaris-1013685-1124\/","title":{"rendered":"Polaris 1013685-1124 &#8211; Chassi &#8211; Bandtunnel , NOS , 2002 XC SP"},"content":{"rendered":"<p>Polaris 1013685-1124 Chassi &#8211; Bandtunnel , 2002 XC 500 \/600 \/700 \/800 SP<br \/>\nAsm., Chassis, Edge X, Natural\/Yellow<br \/>\nolackat aluminium tunnel med gula fotstegsf\u00f6rst\u00e4rkningar<\/p>\n<p>Polaris Original NOS i kartong<\/p>\n<p>* lite b\u00f6jd tunnel h\u00f6ger bak vid f\u00e4ste till st\u00e4nklapp + tunnel<\/p>","protected":false},"excerpt":{"rendered":"<p>Polaris 1013685-1124 Sitter Original p\u00e5 :<br \/>\nPolaris Snowmobile 2002 XC 500 SP F\/O &#8211; S02NP5CS Chassis \/S02ne5cs<\/p>\n<p>Polaris Snowmobile 2002 XC SP 600 F\/O &#8211; S02NP6ES Chassis \/S02ne6es<\/p>\n<p>Polaris Snowmobile 2002 XC 700 SP F\/O &#8211; S02NP7CS Chassis \/S02ne7cs<\/p>\n<p>Polaris Snowmobile 2002 XC 800 SP M-10 F\/O &#8211; S02NE8CS Chassis \/S02np8cs\/Csa\/Csb<\/p>\n<p>Polaris Snowmobile 2002 XC 800 SP F\/O BUILT AFTER 3\/1\/01 &#8211; S02NP8CS Chassis S02ne8cs\/\/Csa\/Csb<\/p>\n<p>Polaris Snowmobile 2002 XC 800 SP STOCK &#8211; S02NP8CSA Chassis S02ne8cs\/S02np8cs\/Csa\/Csb<\/p>\n<p>Polaris Snowmobile 2002 XC 800 SP STOCK &#8211; S02NP8CSB Chassis S02ne8cs\/S02np8cs\/Csa\/Csb<\/p>\n<p>Polaris Snowmobile 2002 XC 500 SP M-10 F\/O BUILT AFTER 3\/1\/01 &#8211; S02NE5CS Chassis S02np5cs<\/p>\n<p>Polaris Snowmobile 2002 XC 600 SP M-10 F\/O &#8211; S02NE6ES Chassis S02np6es<\/p>\n<p>Polaris Snowmobile 2002 XC 700 SP M-10 F\/O &#8211; S02NE7CS Chassis S02np7cs<\/p>","protected":false},"featured_media":8461,"comment_status":"open","ping_status":"closed","template":"","meta":{"_acf_changed":false},"demonterat-fordon":[],"fordons-typ":[641],"make":[636],"parts-filter":[661],"prod-typ":[716],"tillverkare":[865],"product_brand":[],"product_cat":[136],"product_tag":[],"class_list":{"0":"post-8317","1":"product","2":"type-product","3":"status-publish","4":"has-post-thumbnail","6":"fordons-typ-sno","7":"make-polaris","8":"parts-filter-edge","9":"prod-typ-nos","10":"tillverkare-polaris","11":"product_cat-bandtunnel","12":"product_shipping_class-oversized","14":"first","15":"instock","16":"purchasable","17":"product-type-simple"},"acf":[],"_links":{"self":[{"href":"https:\/\/whitepowder.se\/en\/wp-json\/wp\/v2\/product\/8317","targetHints":{"allow":["GET"]}}],"collection":[{"href":"https:\/\/whitepowder.se\/en\/wp-json\/wp\/v2\/product"}],"about":[{"href":"https:\/\/whitepowder.se\/en\/wp-json\/wp\/v2\/types\/product"}],"replies":[{"embeddable":true,"href":"https:\/\/whitepowder.se\/en\/wp-json\/wp\/v2\/comments?post=8317"}],"wp:featuredmedia":[{"embeddable":true,"href":"https:\/\/whitepowder.se\/en\/wp-json\/wp\/v2\/media\/8461"}],"wp:attachment":[{"href":"https:\/\/whitepowder.se\/en\/wp-json\/wp\/v2\/media?parent=8317"}],"wp:term":[{"taxonomy":"demonterat-fordon","embeddable":true,"href":"https:\/\/whitepowder.se\/en\/wp-json\/wp\/v2\/demonterat-fordon?post=8317"},{"taxonomy":"fordons-typ","embeddable":true,"href":"https:\/\/whitepowder.se\/en\/wp-json\/wp\/v2\/fordons-typ?post=8317"},{"taxonomy":"make","embeddable":true,"href":"https:\/\/whitepowder.se\/en\/wp-json\/wp\/v2\/make?post=8317"},{"taxonomy":"parts-filter","embeddable":true,"href":"https:\/\/whitepowder.se\/en\/wp-json\/wp\/v2\/parts-filter?post=8317"},{"taxonomy":"prod-typ","embeddable":true,"href":"https:\/\/whitepowder.se\/en\/wp-json\/wp\/v2\/prod-typ?post=8317"},{"taxonomy":"tillverkare","embeddable":true,"href":"https:\/\/whitepowder.se\/en\/wp-json\/wp\/v2\/tillverkare?post=8317"},{"taxonomy":"product_brand","embeddable":true,"href":"https:\/\/whitepowder.se\/en\/wp-json\/wp\/v2\/product_brand?post=8317"},{"taxonomy":"product_cat","embeddable":true,"href":"https:\/\/whitepowder.se\/en\/wp-json\/wp\/v2\/product_cat?post=8317"},{"taxonomy":"product_tag","embeddable":true,"href":"https:\/\/whitepowder.se\/en\/wp-json\/wp\/v2\/product_tag?post=8317"}],"curies":[{"name":"wp","href":"https:\/\/api.w.org\/{rel}","templated":true}]}}