{"id":8324,"date":"2024-05-06T20:19:26","date_gmt":"2024-05-06T18:19:26","guid":{"rendered":"https:\/\/whitepowder.se\/?post_type=product&#038;p=8324"},"modified":"2025-03-12T11:58:49","modified_gmt":"2025-03-12T10:58:49","slug":"polaris-5434183-397","status":"publish","type":"product","link":"https:\/\/whitepowder.se\/en\/polaris-5434183-397\/","title":{"rendered":"Polaris 5434183-397 &#8211; Bukplast &#8211; NOSEPAN , FRONTIER"},"content":{"rendered":"<p>Polaris 5434183-397 Bukplast &#8211; NOSEPAN<br \/>\nF\u00e4rg: gr\u00e5 &#8211; Stone Silver<br \/>\nPolaris Original NOS<\/p>\n<p>* Sp\u00e5r av f\u00f6rvaring , Sm\u00e5 repor skav utsidan<\/p>\n<p>Sitter Original p\u00e5:<br \/>\n2004 FRONTIER TOURING<\/p>","protected":false},"excerpt":{"rendered":"<p>Polaris 5434183-397 Sitter Original p\u00e5:<br \/>\nPolaris Snowmobile 2004 FRONTIER TOURING &#8211; S04NT7DS Nosepan<\/p>\n<p>5434183-397 Passar:<br \/>\nPolaris Snowmobile 2002 INDY FRONTIER &#8211; S02NT7DS Nosepan<\/p>\n<p>Polaris Snowmobile 2003 FRONTIER CLASSIC BUILT BEFORE 1-01-02 &#8211; S03ND7DS Nosepan<\/p>\n<p>Polaris Snowmobile 2003 FRONTIER TOURING &#8211; S03NT7DS Nosepan<\/p>\n<p>Polaris Snowmobile 2003 FRONTIER CLASSIC BUILT AFTER 1-01-02 &#8211; S03ND7DS NOSEPAN &#8211; S03ND7DS (4977987798A06)<\/p>\n<p>Polaris Snowmobile 2004 FRONTIER CLASSIC &#8211; S04ND7DS Nosepan \/Dsa<\/p>\n<p>Polaris Snowmobile 2005 FRONTIER TOURING &#8211; S05NT7DS-DE Nosepan<\/p>","protected":false},"featured_media":8388,"comment_status":"open","ping_status":"closed","template":"","meta":{"_acf_changed":false},"demonterat-fordon":[],"fordons-typ":[641],"make":[636],"parts-filter":[661],"prod-typ":[716],"tillverkare":[865],"product_brand":[],"product_cat":[150],"product_tag":[],"class_list":{"0":"post-8324","1":"product","2":"type-product","3":"status-publish","4":"has-post-thumbnail","6":"fordons-typ-sno","7":"make-polaris","8":"parts-filter-edge","9":"prod-typ-nos","10":"tillverkare-polaris","11":"product_cat-buk-plast","12":"product_shipping_class-oversized","14":"first","15":"instock","16":"purchasable","17":"product-type-simple"},"acf":[],"_links":{"self":[{"href":"https:\/\/whitepowder.se\/en\/wp-json\/wp\/v2\/product\/8324","targetHints":{"allow":["GET"]}}],"collection":[{"href":"https:\/\/whitepowder.se\/en\/wp-json\/wp\/v2\/product"}],"about":[{"href":"https:\/\/whitepowder.se\/en\/wp-json\/wp\/v2\/types\/product"}],"replies":[{"embeddable":true,"href":"https:\/\/whitepowder.se\/en\/wp-json\/wp\/v2\/comments?post=8324"}],"wp:featuredmedia":[{"embeddable":true,"href":"https:\/\/whitepowder.se\/en\/wp-json\/wp\/v2\/media\/8388"}],"wp:attachment":[{"href":"https:\/\/whitepowder.se\/en\/wp-json\/wp\/v2\/media?parent=8324"}],"wp:term":[{"taxonomy":"demonterat-fordon","embeddable":true,"href":"https:\/\/whitepowder.se\/en\/wp-json\/wp\/v2\/demonterat-fordon?post=8324"},{"taxonomy":"fordons-typ","embeddable":true,"href":"https:\/\/whitepowder.se\/en\/wp-json\/wp\/v2\/fordons-typ?post=8324"},{"taxonomy":"make","embeddable":true,"href":"https:\/\/whitepowder.se\/en\/wp-json\/wp\/v2\/make?post=8324"},{"taxonomy":"parts-filter","embeddable":true,"href":"https:\/\/whitepowder.se\/en\/wp-json\/wp\/v2\/parts-filter?post=8324"},{"taxonomy":"prod-typ","embeddable":true,"href":"https:\/\/whitepowder.se\/en\/wp-json\/wp\/v2\/prod-typ?post=8324"},{"taxonomy":"tillverkare","embeddable":true,"href":"https:\/\/whitepowder.se\/en\/wp-json\/wp\/v2\/tillverkare?post=8324"},{"taxonomy":"product_brand","embeddable":true,"href":"https:\/\/whitepowder.se\/en\/wp-json\/wp\/v2\/product_brand?post=8324"},{"taxonomy":"product_cat","embeddable":true,"href":"https:\/\/whitepowder.se\/en\/wp-json\/wp\/v2\/product_cat?post=8324"},{"taxonomy":"product_tag","embeddable":true,"href":"https:\/\/whitepowder.se\/en\/wp-json\/wp\/v2\/product_tag?post=8324"}],"curies":[{"name":"wp","href":"https:\/\/api.w.org\/{rel}","templated":true}]}}