{"id":8855,"date":"2024-05-10T20:15:46","date_gmt":"2024-05-10T18:15:46","guid":{"rendered":"https:\/\/whitepowder.se\/?post_type=product&#038;p=8855"},"modified":"2024-09-10T11:39:37","modified_gmt":"2024-09-10T09:39:37","slug":"polaris-1541703-216-pro-x","status":"publish","type":"product","link":"https:\/\/whitepowder.se\/en\/polaris-1541703-216-pro-x\/","title":{"rendered":"Polaris 1541703-216 &#8211; Sving Bakre &#8211; Torque Arm , PRO X"},"content":{"rendered":"<p>Polaris 1541703-216 Boggie Sving Bakre &#8211; Torque Arm, Rear<br \/>\nF\u00e4rg: Yellow<br \/>\nPolaris Original , NOS<br \/>\n* Sp\u00e5r av f\u00f6rvaring , M\u00e4rken \/ skador I lacken<\/p>\n<p>2002 PRO X 440<br \/>\n2002 PRO X 600<br \/>\n2003 PRO X 600 700 800<br \/>\n2003 PRO X 440<\/p>","protected":false},"excerpt":{"rendered":"<p>Polaris 1541703-216 Sitter Original p\u00e5 :<\/p>\n<p>Polaris Snowmobile 2002 PRO X 440 FAN COOLED &#8211; S02NX4FS Rear Torque Arm<\/p>\n<p>Polaris Snowmobile 2002 PRO X 440 &#8211; S02NX4CS Rear Torque Arm<\/p>\n<p>1541703-216 Passar:<br \/>\nPolaris Snowmobile 2002 PRO X 600 &#8211; S02NX6ES Rear Torque Arm<\/p>\n<p>Polaris Snowmobile 2003 PRO X 600 700 800 &#8211; S03NX6ES-S03NX7CS-S03NX8CS Rear Torque Arm<\/p>\n<p>Polaris Snowmobile 2003 PRO X 440 &#8211; S03NX4CS Rear Torque Arm<\/p>","protected":false},"featured_media":8810,"comment_status":"open","ping_status":"closed","template":"","meta":{"_acf_changed":false},"demonterat-fordon":[],"fordons-typ":[641],"make":[636],"parts-filter":[885],"prod-typ":[716],"tillverkare":[865],"product_brand":[],"product_cat":[605],"product_tag":[],"class_list":{"0":"post-8855","1":"product","2":"type-product","3":"status-publish","4":"has-post-thumbnail","6":"fordons-typ-sno","7":"make-polaris","8":"parts-filter-pro-x","9":"prod-typ-nos","10":"tillverkare-polaris","11":"product_cat-rear-torque-arm","13":"first","14":"instock","15":"purchasable","16":"product-type-simple"},"acf":[],"_links":{"self":[{"href":"https:\/\/whitepowder.se\/en\/wp-json\/wp\/v2\/product\/8855","targetHints":{"allow":["GET"]}}],"collection":[{"href":"https:\/\/whitepowder.se\/en\/wp-json\/wp\/v2\/product"}],"about":[{"href":"https:\/\/whitepowder.se\/en\/wp-json\/wp\/v2\/types\/product"}],"replies":[{"embeddable":true,"href":"https:\/\/whitepowder.se\/en\/wp-json\/wp\/v2\/comments?post=8855"}],"wp:featuredmedia":[{"embeddable":true,"href":"https:\/\/whitepowder.se\/en\/wp-json\/wp\/v2\/media\/8810"}],"wp:attachment":[{"href":"https:\/\/whitepowder.se\/en\/wp-json\/wp\/v2\/media?parent=8855"}],"wp:term":[{"taxonomy":"demonterat-fordon","embeddable":true,"href":"https:\/\/whitepowder.se\/en\/wp-json\/wp\/v2\/demonterat-fordon?post=8855"},{"taxonomy":"fordons-typ","embeddable":true,"href":"https:\/\/whitepowder.se\/en\/wp-json\/wp\/v2\/fordons-typ?post=8855"},{"taxonomy":"make","embeddable":true,"href":"https:\/\/whitepowder.se\/en\/wp-json\/wp\/v2\/make?post=8855"},{"taxonomy":"parts-filter","embeddable":true,"href":"https:\/\/whitepowder.se\/en\/wp-json\/wp\/v2\/parts-filter?post=8855"},{"taxonomy":"prod-typ","embeddable":true,"href":"https:\/\/whitepowder.se\/en\/wp-json\/wp\/v2\/prod-typ?post=8855"},{"taxonomy":"tillverkare","embeddable":true,"href":"https:\/\/whitepowder.se\/en\/wp-json\/wp\/v2\/tillverkare?post=8855"},{"taxonomy":"product_brand","embeddable":true,"href":"https:\/\/whitepowder.se\/en\/wp-json\/wp\/v2\/product_brand?post=8855"},{"taxonomy":"product_cat","embeddable":true,"href":"https:\/\/whitepowder.se\/en\/wp-json\/wp\/v2\/product_cat?post=8855"},{"taxonomy":"product_tag","embeddable":true,"href":"https:\/\/whitepowder.se\/en\/wp-json\/wp\/v2\/product_tag?post=8855"}],"curies":[{"name":"wp","href":"https:\/\/api.w.org\/{rel}","templated":true}]}}