{"id":8856,"date":"2024-05-10T20:15:46","date_gmt":"2024-05-10T18:15:46","guid":{"rendered":"https:\/\/whitepowder.se\/?post_type=product&#038;p=8856"},"modified":"2024-09-10T11:39:25","modified_gmt":"2024-09-10T09:39:25","slug":"polaris-1541710-067","status":"publish","type":"product","link":"https:\/\/whitepowder.se\/en\/polaris-1541710-067\/","title":{"rendered":"Polaris 1541710-067 &#8211; Boggie Sving Fr\u00e4mre"},"content":{"rendered":"<p>Polaris 1541710-067 Boggie Sving Fr\u00e4mre &#8211; Torque Arm, Front<\/p>\n<p>F\u00e4rg: Svart<br \/>\nPolaris Original , NOS<br \/>\n* Sp\u00e5r av f\u00f6rvaring , M\u00e4rken \/ skador I lacken<\/p>","protected":false},"excerpt":{"rendered":"<p>Polaris 1541710-067 Sitter Original p\u00e5 :<br \/>\nPolaris Snowmobile 2002 CLASSIC TOURING 600 &#8211; S02ST6ESA Front Torque Arm S02st6es<\/p>\n<p>Polaris Snowmobile 2003 CLASSIC TOURING 600 &#8211; S03ST6ES-ESA Front Torque Arm S03st6es\/S03st6esa<\/p>\n<p>Polaris Snowmobile 2002 CLASSIC TOURING 600 &#8211; S02ST6ES Front Torque Arm A<\/p>\n<p>Polaris Snowmobile 2002 CLASSIC TOURING 500 &#8211; S02ST4BS Front Torque Arm<\/p>\n<p>Polaris Snowmobile 2003 CLASSIC TOURING 500 &#8211; S03ST4BS Front Torque Arm<\/p>","protected":false},"featured_media":8806,"comment_status":"open","ping_status":"closed","template":"","meta":{"_acf_changed":false},"demonterat-fordon":[],"fordons-typ":[641],"make":[636],"parts-filter":[884],"prod-typ":[716],"tillverkare":[865],"product_brand":[],"product_cat":[604],"product_tag":[],"class_list":{"0":"post-8856","1":"product","2":"type-product","3":"status-publish","4":"has-post-thumbnail","6":"fordons-typ-sno","7":"make-polaris","8":"parts-filter-gen-ii","9":"prod-typ-nos","10":"tillverkare-polaris","11":"product_cat-front-torque-arm","13":"first","14":"instock","15":"purchasable","16":"product-type-simple"},"acf":[],"_links":{"self":[{"href":"https:\/\/whitepowder.se\/en\/wp-json\/wp\/v2\/product\/8856","targetHints":{"allow":["GET"]}}],"collection":[{"href":"https:\/\/whitepowder.se\/en\/wp-json\/wp\/v2\/product"}],"about":[{"href":"https:\/\/whitepowder.se\/en\/wp-json\/wp\/v2\/types\/product"}],"replies":[{"embeddable":true,"href":"https:\/\/whitepowder.se\/en\/wp-json\/wp\/v2\/comments?post=8856"}],"wp:featuredmedia":[{"embeddable":true,"href":"https:\/\/whitepowder.se\/en\/wp-json\/wp\/v2\/media\/8806"}],"wp:attachment":[{"href":"https:\/\/whitepowder.se\/en\/wp-json\/wp\/v2\/media?parent=8856"}],"wp:term":[{"taxonomy":"demonterat-fordon","embeddable":true,"href":"https:\/\/whitepowder.se\/en\/wp-json\/wp\/v2\/demonterat-fordon?post=8856"},{"taxonomy":"fordons-typ","embeddable":true,"href":"https:\/\/whitepowder.se\/en\/wp-json\/wp\/v2\/fordons-typ?post=8856"},{"taxonomy":"make","embeddable":true,"href":"https:\/\/whitepowder.se\/en\/wp-json\/wp\/v2\/make?post=8856"},{"taxonomy":"parts-filter","embeddable":true,"href":"https:\/\/whitepowder.se\/en\/wp-json\/wp\/v2\/parts-filter?post=8856"},{"taxonomy":"prod-typ","embeddable":true,"href":"https:\/\/whitepowder.se\/en\/wp-json\/wp\/v2\/prod-typ?post=8856"},{"taxonomy":"tillverkare","embeddable":true,"href":"https:\/\/whitepowder.se\/en\/wp-json\/wp\/v2\/tillverkare?post=8856"},{"taxonomy":"product_brand","embeddable":true,"href":"https:\/\/whitepowder.se\/en\/wp-json\/wp\/v2\/product_brand?post=8856"},{"taxonomy":"product_cat","embeddable":true,"href":"https:\/\/whitepowder.se\/en\/wp-json\/wp\/v2\/product_cat?post=8856"},{"taxonomy":"product_tag","embeddable":true,"href":"https:\/\/whitepowder.se\/en\/wp-json\/wp\/v2\/product_tag?post=8856"}],"curies":[{"name":"wp","href":"https:\/\/api.w.org\/{rel}","templated":true}]}}