{"id":8858,"date":"2024-05-10T20:15:46","date_gmt":"2024-05-10T18:15:46","guid":{"rendered":"https:\/\/whitepowder.se\/?post_type=product&#038;p=8858"},"modified":"2024-09-10T11:38:40","modified_gmt":"2024-09-10T09:38:40","slug":"polaris-1541969-216","status":"publish","type":"product","link":"https:\/\/whitepowder.se\/en\/polaris-1541969-216\/","title":{"rendered":"Polaris 1541969-216 &#8211; Sving Bakre &#8211; Torque Arm"},"content":{"rendered":"<p>Polaris 1541849-067 Boggie Sving Bakre &#8211; Torque Arm, Rear<\/p>\n<p>F\u00e4rg: Yellow<br \/>\nPolaris Original , NOS<br \/>\n* Sp\u00e5r av f\u00f6rvaring , M\u00e4rken \/ skador I lacken<\/p>","protected":false},"excerpt":{"rendered":"<p>Polaris 1541969-216 Sitter Original p\u00e5 :<\/p>\n<p>Polaris Snowmobile 2004 EDGE 500 &#8211; S04NB4BS Torque Arm, Rear<\/p>\n<p>Polaris Snowmobile 2004 INDY INT&#8217;L 340 CLASSIC &#8211; S04NB3AS Torque Arm, Rear \/Ae\/Nd3as<\/p>\n<p>1541969-216 Passar:<br \/>\nPolaris Snowmobile 2005 XC SP 500 600 EDGE M-10 &#8211; S05NE5CS Rear Torque Arm S05np5cs\/A\/B\/Np6es\/A\/B\/Na6es\/Ee (4992749274B14)<\/p>\n<p>Polaris Snowmobile 2005 XC SP M-10 700 800 F O &#8211; S05NE7CS Rear Torque Arm S05np7cs\/7Csa\/7Csb\/8Cs\/8Csa\/8Csb (4993799379B14)<\/p>\n<p>Polaris Snowmobile 2004 EDGE 500 &#8211; S04NB4BS Torque Arm, Rear<\/p>\n<p>Polaris Snowmobile 2004 INDY INT&#8217;L 340 CLASSIC &#8211; S04NB3AS Torque Arm, Rear \/Ae\/Nd3as<\/p>","protected":false},"featured_media":8801,"comment_status":"open","ping_status":"closed","template":"","meta":{"_acf_changed":false},"demonterat-fordon":[],"fordons-typ":[641],"make":[636],"parts-filter":[661],"prod-typ":[716],"tillverkare":[865],"product_brand":[],"product_cat":[605],"product_tag":[],"class_list":{"0":"post-8858","1":"product","2":"type-product","3":"status-publish","4":"has-post-thumbnail","6":"fordons-typ-sno","7":"make-polaris","8":"parts-filter-edge","9":"prod-typ-nos","10":"tillverkare-polaris","11":"product_cat-rear-torque-arm","13":"first","14":"instock","15":"purchasable","16":"product-type-simple"},"acf":[],"_links":{"self":[{"href":"https:\/\/whitepowder.se\/en\/wp-json\/wp\/v2\/product\/8858","targetHints":{"allow":["GET"]}}],"collection":[{"href":"https:\/\/whitepowder.se\/en\/wp-json\/wp\/v2\/product"}],"about":[{"href":"https:\/\/whitepowder.se\/en\/wp-json\/wp\/v2\/types\/product"}],"replies":[{"embeddable":true,"href":"https:\/\/whitepowder.se\/en\/wp-json\/wp\/v2\/comments?post=8858"}],"wp:featuredmedia":[{"embeddable":true,"href":"https:\/\/whitepowder.se\/en\/wp-json\/wp\/v2\/media\/8801"}],"wp:attachment":[{"href":"https:\/\/whitepowder.se\/en\/wp-json\/wp\/v2\/media?parent=8858"}],"wp:term":[{"taxonomy":"demonterat-fordon","embeddable":true,"href":"https:\/\/whitepowder.se\/en\/wp-json\/wp\/v2\/demonterat-fordon?post=8858"},{"taxonomy":"fordons-typ","embeddable":true,"href":"https:\/\/whitepowder.se\/en\/wp-json\/wp\/v2\/fordons-typ?post=8858"},{"taxonomy":"make","embeddable":true,"href":"https:\/\/whitepowder.se\/en\/wp-json\/wp\/v2\/make?post=8858"},{"taxonomy":"parts-filter","embeddable":true,"href":"https:\/\/whitepowder.se\/en\/wp-json\/wp\/v2\/parts-filter?post=8858"},{"taxonomy":"prod-typ","embeddable":true,"href":"https:\/\/whitepowder.se\/en\/wp-json\/wp\/v2\/prod-typ?post=8858"},{"taxonomy":"tillverkare","embeddable":true,"href":"https:\/\/whitepowder.se\/en\/wp-json\/wp\/v2\/tillverkare?post=8858"},{"taxonomy":"product_brand","embeddable":true,"href":"https:\/\/whitepowder.se\/en\/wp-json\/wp\/v2\/product_brand?post=8858"},{"taxonomy":"product_cat","embeddable":true,"href":"https:\/\/whitepowder.se\/en\/wp-json\/wp\/v2\/product_cat?post=8858"},{"taxonomy":"product_tag","embeddable":true,"href":"https:\/\/whitepowder.se\/en\/wp-json\/wp\/v2\/product_tag?post=8858"}],"curies":[{"name":"wp","href":"https:\/\/api.w.org\/{rel}","templated":true}]}}