{"id":9009,"date":"2024-07-03T09:36:49","date_gmt":"2024-07-03T07:36:49","guid":{"rendered":"https:\/\/whitepowder.se\/?post_type=product&#038;p=9009"},"modified":"2026-01-27T08:09:25","modified_gmt":"2026-01-27T07:09:25","slug":"polaris-3280372-speedometer","status":"publish","type":"product","link":"https:\/\/whitepowder.se\/en\/polaris-3280372-speedometer\/","title":{"rendered":"Polaris 3280372 Speedometer White KM\/H"},"content":{"rendered":"<p>Polaris 3280372 Speedometer &#8211; Hastighetsm\u00e4tare 5&#8243; med vit urtavla KH\/H &#8212; ASM- Speedometer (White-KM\/H)<\/p>\n<p>ASM Med M\u00e4tare , Kablage, lampor , f\u00e4ste f\u00f6r m\u00e4taren &amp; bultar.<\/p>\n<p>M\u00e4taren drivs av vajer.<\/p>\n<p>Polaris Original NOS<\/p>\n<p>&nbsp;<\/p>\n<p>&#8221;Fitment&#8221; har tagits ifr\u00e5n den MPH m\u00e4taren som finns i Polaris spr\u00e4ngskisserna och MPH motsvarigheten har p\/n: 3280348 , Och denna produkt har p\/n: 3280372 alt 3280367 och \u00e4r med KM\/H , Denna m\u00e4tare kan \u00e4ven passa fler modeller \u00e4n dom som st\u00e5r listade.<\/p>\n<p>&nbsp;<\/p>\n<p>Det \u00e4r totalt 4 lampor i Instrumentet Bakgrundsbelysning , Lyse , Olja &amp; Broms .<\/p>\n<p>Kablaget har en kontakt med 5 stift.<\/p>\n<p>M\u00e4taren har 5&#8243; Tum&#8217;s Diameter.<\/p>\n<p>&nbsp;<\/p>\n<p>I underkant ner till p\u00e5 framsidan av ur tavlan st\u00e5r f\u00f6ljande nummer: PS-0029-006<\/p>\n<p>P\u00e5 kartongen dom skickades i fr\u00e5n Fabriken st\u00e5r f\u00f6ljande nr: PS0029006AOSP &amp; 3280372\u00a0 &amp; 3280372-SP &amp; 3280367<\/p>","protected":false},"excerpt":{"rendered":"<p>Polaris <b>3280348 SPEEDOMETER<\/b> Sitter Original p\u00e5:<\/p>\n<p>Polaris Snowmobile 2002 RMK 700 F O 144 BUILT BEFORE 3-1-01 &#8211; S02NK7CS Hood #2<\/p>\n<p>Polaris Snowmobile 2003 PRO X 440 &#8211; S03NX4CS Hood #2<\/p>\n<p>Polaris Snowmobile 2002 PRO X 600 &#8211; S02NX6ES Hood #2<\/p>\n<p>Polaris Snowmobile 2002 RMK 600 (136) BUILT BEFORE 3-1-01 &#8211; S02NJ6ES Hood #2<\/p>\n<p>Polaris Snowmobile 2001 LE 800 &#8211; S01ND8BS Hood #2<\/p>\n<p>Polaris Snowmobile 2001 PRO X 600 &#8211; S01NX6ES Hood #2<\/p>\n<p>Polaris Snowmobile 2001 XC 800 SP &#8211; S01NP8BS Hood #2<\/p>\n<p>Polaris Snowmobile 2002 RMK 700 F O 151 &#8211; S02NL7CS Hood #2<\/p>\n<p>Polaris Snowmobile 2002 PRO X 440 &#8211; S02NX4CS Hood #2<\/p>\n<p>Polaris Snowmobile 2002 RMK 800 F O 156 &#8211; S02NM8CS Hood #2<\/p>\n<p>Polaris Snowmobile 2002 CLASSIC 500 &#8211; S02ND4BS Hood #2<\/p>\n<p>Polaris Snowmobile 2002 INDY 500 &#8211; S02NB4BS Hood #2<\/p>\n<p>Polaris Snowmobile 2002 XC 500 &#8211; S02NP5AS Hood #2<\/p>\n<p>Polaris Snowmobile 2002 RMK 800 F O 151 BUILT BEFORE 3-1-01 &#8211; S02NL8CS Hood #2<\/p>\n<p>Polaris Snowmobile 2002 CLASSIC 600 &#8211; S02ND6ES Hood #2<\/p>\n<p>Polaris Snowmobile 2001 XC 500 &#8211; S01NP5AS Hood #2<\/p>\n<p>Polaris Snowmobile 2001 XC 500 SP &#8211; S01NP5CS Hood #2<\/p>\n<p>Polaris Snowmobile 2001 XC 700 SP &#8211; S01NP7AS Hood #2<\/p>\n<p>Polaris Snowmobile 2001 XCF SP EDGE &#8211; S01NX4FS Hood #2<\/p>\n<p>Polaris Snowmobile 2001 PRO X 440 &#8211; S01NX4CS Hood #2<\/p>\n<p>Polaris Snowmobile 2001 INDY 500 &#8211; S01NB4BS Hood #2<\/p>\n<p>Polaris Snowmobile 2001 XC 600 SP &#8211; S01NP6ES Hood #2<\/p>\n<p>Polaris Snowmobile 2001 EV XC 700 SP EDGE &#8211; S01NP7CS Hood #2<\/p>\n<p>Polaris Snowmobile 2001 CLASSIC EDGE 600 &#8211; S01ND6DS Hood #2<\/p>\n<p>Polaris Snowmobile 2002 CLASSIC 700 BUILT AFTER 1-1-01 &#8211; S02ND7CS HOOD &#8211; S02ND7CS (4970457045A08)<\/p>\n<p>Polaris Snowmobile 2002 RMK 600 (136) BUILT AFTER 3-1-01 &#8211; S02NJ6ES HOOD &#8211; S02NJ6ES (4969456945A09)<\/p>\n<p>Polaris Snowmobile 2002 RMK 700 F\/O 144 BUILT AFTER 3-1-01 &#8211; S02NK7CS HOOD &#8211; S02NK7CS\/CSA (4969546954A09)<\/p>\n<p>Polaris Snowmobile 2002 RMK 800 F O 151 BUILT AFTER 3-1-01 &#8211; S02NL8CS HOOD &#8211; S02NL8CS\/CSA (4969516951A09)<\/p>\n<p>Polaris Snowmobile 2002 RMK 800 F O 144 &#8211; S02NK8CS Hood \/Csa #2<\/p>\n<p>Polaris Snowmobile 2002 RMK 700 (136) &#8211; S02NJ7CS Hood \/Csa #2<\/p>\n<p>Polaris Snowmobile 2004 PRO XR 800 &#8211; S04NZ8CS Hood \/Csa\/Ce #2<\/p>\n<p>Polaris Snowmobile 2002 XC 700 SP &#8211; S02NP7CSA Hood \/Csb #2<\/p>\n<p>Polaris Snowmobile 2002 XC 500 SP F O &#8211; S02NP5CS Hood \/S02ne5cs #2<\/p>\n<p>Polaris Snowmobile 2002 XC SP 600 F O &#8211; S02NP6ES Hood \/S02ne6es #2<\/p>\n<p>Polaris Snowmobile 2002 XC 700 SP F O &#8211; S02NP7CS Hood \/S02ne7cs #2<\/p>\n<p>Polaris Snowmobile 2002 XC 800 SP M-10 F O &#8211; S02NE8CS Hood \/S02np8cs\/Csa\/Csb #2<\/p>\n<p>Polaris Snowmobile 2002 XC 600 SP &#8211; S02NP6ESA Hood \/Sb #2<\/p>\n<p>Polaris Snowmobile 2002 XC 500 SP &#8211; S02NP5CSA Hood \/Sb #2<\/p>\n<p>Polaris Snowmobile 2001 XC 500 SP &#8211; S01NP5CSB Hood S01np5cs #2<\/p>\n<p>Polaris Snowmobile 2001 SC 500 SP &#8211; S01NP5CSA Hood S01np5cs #2<\/p>\n<p>Polaris Snowmobile 2001 XC 600 SP &#8211; S01NP6ESA Hood S01np6es #2<\/p>\n<p>Polaris Snowmobile 2001 XC 600 SP &#8211; S01NP6ESX Hood S01np6es #2<\/p>\n<p>Polaris Snowmobile 2001 XC 600 SP &#8211; S01NP6ESB Hood S01np6es #2<\/p>\n<p>Polaris Snowmobile 2001 XC 700 SP &#8211; S01NP7ASB Hood S01np7as #2<\/p>\n<p>Polaris Snowmobile 2001 XC 700 SP &#8211; S01NP7ASA Hood S01np7as #2<\/p>\n<p>Polaris Snowmobile 2001 XC 800 SP &#8211; S01NP8BSA Hood S01np8bs #2<\/p>\n<p>Polaris Snowmobile 2001 XC 800 SP &#8211; S01NP8BSB Hood S01np8bs #2<\/p>\n<p>Polaris Snowmobile 2002 XC 800 SP F O BUILT AFTER 3-1-01 &#8211; S02NP8CS Hood S02ne8cs\/\/Csa\/Csb #2<\/p>\n<p>Polaris Snowmobile 2002 XC 800 SP STOCK &#8211; S02NP8CSA Hood S02ne8cs\/S02np8cs\/Csa\/Csb #2<\/p>\n<p>Polaris Snowmobile 2002 XC 800 SP STOCK &#8211; S02NP8CSB Hood S02ne8cs\/S02np8cs\/Csa\/Csb #2<\/p>\n<p>Polaris Snowmobile 2002 RMK 700 (136) STOCK &#8211; S02NJ7CSA Hood S02nj7cs\/Csa #2<\/p>\n<p>Polaris Snowmobile 2002 RMK 700 (144) STOCK &#8211; S02NK7CSA Hood S02nk7cs\/Csa #2<\/p>\n<p>Polaris Snowmobile 2002 RMK 800 F O 144 STOCK &#8211; S02NK8CSA Hood S02nk8cs\/Csa #2<\/p>\n<p>Polaris Snowmobile 2002 RMK 800 F O 151 STOCK &#8211; S02NL8CSA Hood S02nl8cs\/Csa #2<\/p>\n<p>Polaris Snowmobile 2002 XC 500 SP M-10 F O BUILT AFTER 3-1-01 &#8211; S02NE5CS Hood S02np5cs #2<\/p>\n<p>Polaris Snowmobile 2002 XC 500 SP &#8211; S02NP5CSB Hood S02np5csa\/Sb #2<\/p>\n<p>Polaris Snowmobile 2002 XC 600 SP M-10 F O &#8211; S02NE6ES Hood S02np6es #2<\/p>\n<p>Polaris Snowmobile 2002 XC 600 SP &#8211; S02NP6ESB Hood S02np6esa\/Sb #2<\/p>\n<p>Polaris Snowmobile 2002 XC 700 SP M-10 F O &#8211; S02NE7CS Hood S02np7cs #2<\/p>\n<p>Polaris Snowmobile 2002 XC 700 SP &#8211; S02NP7CSB Hood S02np7csa\/Csb #2<\/p>\n<p>Polaris Snowmobile 2002 CLASSIC 700 BUILT BEFORE 1-1-01 &#8211; S02ND7CS Hood #2<\/p>\n<p>Polaris Snowmobile 2002 PRO X 440 FAN COOLED &#8211; S02NX4FS Hood #2<\/p>\n<p>Polaris Snowmobile 2002 SUPERSPORT &#8211; S02NB5BS Hood #2<\/p>\n<p>Polaris Snowmobile 2002 CLASSIC 550 F C &#8211; S02ND5BS Hood #2<\/p>","protected":false},"featured_media":9010,"comment_status":"open","ping_status":"closed","template":"","meta":{"_acf_changed":false},"demonterat-fordon":[],"fordons-typ":[641],"make":[636],"parts-filter":[661,885],"prod-typ":[716],"tillverkare":[865],"product_brand":[],"product_cat":[417],"product_tag":[756],"class_list":{"0":"post-9009","1":"product","2":"type-product","3":"status-publish","4":"has-post-thumbnail","6":"fordons-typ-sno","7":"make-polaris","8":"parts-filter-edge","9":"parts-filter-pro-x","10":"prod-typ-nos","11":"tillverkare-polaris","12":"product_cat-gauge","13":"product_tag-pro-xr","15":"first","16":"instock","17":"purchasable","18":"product-type-simple"},"acf":[],"_links":{"self":[{"href":"https:\/\/whitepowder.se\/en\/wp-json\/wp\/v2\/product\/9009","targetHints":{"allow":["GET"]}}],"collection":[{"href":"https:\/\/whitepowder.se\/en\/wp-json\/wp\/v2\/product"}],"about":[{"href":"https:\/\/whitepowder.se\/en\/wp-json\/wp\/v2\/types\/product"}],"replies":[{"embeddable":true,"href":"https:\/\/whitepowder.se\/en\/wp-json\/wp\/v2\/comments?post=9009"}],"wp:featuredmedia":[{"embeddable":true,"href":"https:\/\/whitepowder.se\/en\/wp-json\/wp\/v2\/media\/9010"}],"wp:attachment":[{"href":"https:\/\/whitepowder.se\/en\/wp-json\/wp\/v2\/media?parent=9009"}],"wp:term":[{"taxonomy":"demonterat-fordon","embeddable":true,"href":"https:\/\/whitepowder.se\/en\/wp-json\/wp\/v2\/demonterat-fordon?post=9009"},{"taxonomy":"fordons-typ","embeddable":true,"href":"https:\/\/whitepowder.se\/en\/wp-json\/wp\/v2\/fordons-typ?post=9009"},{"taxonomy":"make","embeddable":true,"href":"https:\/\/whitepowder.se\/en\/wp-json\/wp\/v2\/make?post=9009"},{"taxonomy":"parts-filter","embeddable":true,"href":"https:\/\/whitepowder.se\/en\/wp-json\/wp\/v2\/parts-filter?post=9009"},{"taxonomy":"prod-typ","embeddable":true,"href":"https:\/\/whitepowder.se\/en\/wp-json\/wp\/v2\/prod-typ?post=9009"},{"taxonomy":"tillverkare","embeddable":true,"href":"https:\/\/whitepowder.se\/en\/wp-json\/wp\/v2\/tillverkare?post=9009"},{"taxonomy":"product_brand","embeddable":true,"href":"https:\/\/whitepowder.se\/en\/wp-json\/wp\/v2\/product_brand?post=9009"},{"taxonomy":"product_cat","embeddable":true,"href":"https:\/\/whitepowder.se\/en\/wp-json\/wp\/v2\/product_cat?post=9009"},{"taxonomy":"product_tag","embeddable":true,"href":"https:\/\/whitepowder.se\/en\/wp-json\/wp\/v2\/product_tag?post=9009"}],"curies":[{"name":"wp","href":"https:\/\/api.w.org\/{rel}","templated":true}]}}