{"id":9222,"date":"2024-05-26T13:36:14","date_gmt":"2024-05-26T11:36:14","guid":{"rendered":"https:\/\/whitepowder.se\/?post_type=product&#038;p=9222"},"modified":"2025-08-20T13:56:21","modified_gmt":"2025-08-20T11:56:21","slug":"bronco-28-1114-1-drivaxel-kawasaki-750-teryx","status":"publish","type":"product","link":"https:\/\/whitepowder.se\/en\/bronco-28-1114-1-drivaxel-kawasaki-750-teryx\/","title":{"rendered":"Bronco 28-1114-1 Komplett Drivaxel F\u00f6rst\u00e4rkt Kawasaki 750 Teryx"},"content":{"rendered":"<p>Bronco 28-1114-1 Komplett Drivaxel F\u00f6rst\u00e4rkt Kawasaki 750 Teryx<br \/>\nTillverkare: Bronco<br \/>\nPosition: Bak v\u00e4nster<\/p>\n<p>BRONCO HEAVY DUTY AXLE<\/p>\n<p>Up to 35% stronger than OEM<br \/>\nChromoly steel solid center shaft<br \/>\nPremium heavy-duty, high temp moly grease<br \/>\nTPE (Thermoplastic Elastomer) dust boots for superior tear and puncture resistance<br \/>\nGreater durability and smoother performance under severe operating conditions<\/p>","protected":false},"excerpt":{"rendered":"<p>Bronco 28-1114-1 Passar enligt tillverkaren p\u00e5 :<br \/>\nKAWASAKI<br \/>\nKRF750N Teryx 2012<br \/>\nKRF750N Teryx 2013<br \/>\nKRF750P Teryx LE 2012<br \/>\nKRF750P Teryx LE FI 2013<br \/>\nKRF750S Teryx FI 4&#215;4 Sport 2013<br \/>\nKRF750S Teryx Sport LE 2012<br \/>\nKRF750S Teryx Sport LE 2013<\/p>","protected":false},"featured_media":9135,"comment_status":"open","ping_status":"closed","template":"","meta":{"_acf_changed":false},"demonterat-fordon":[],"fordons-typ":[642],"make":[625],"parts-filter":[],"prod-typ":[717],"tillverkare":[855],"product_brand":[],"product_cat":[377],"product_tag":[],"class_list":{"0":"post-9222","1":"product","2":"type-product","3":"status-publish","4":"has-post-thumbnail","6":"fordons-typ-atv-utv","7":"make-kawasaki","8":"prod-typ-ny","9":"tillverkare-bronco","10":"product_cat-rear-drive-shaft","12":"first","13":"instock","14":"taxable","15":"shipping-taxable","16":"purchasable","17":"product-type-simple"},"acf":[],"_links":{"self":[{"href":"https:\/\/whitepowder.se\/en\/wp-json\/wp\/v2\/product\/9222","targetHints":{"allow":["GET"]}}],"collection":[{"href":"https:\/\/whitepowder.se\/en\/wp-json\/wp\/v2\/product"}],"about":[{"href":"https:\/\/whitepowder.se\/en\/wp-json\/wp\/v2\/types\/product"}],"replies":[{"embeddable":true,"href":"https:\/\/whitepowder.se\/en\/wp-json\/wp\/v2\/comments?post=9222"}],"wp:featuredmedia":[{"embeddable":true,"href":"https:\/\/whitepowder.se\/en\/wp-json\/wp\/v2\/media\/9135"}],"wp:attachment":[{"href":"https:\/\/whitepowder.se\/en\/wp-json\/wp\/v2\/media?parent=9222"}],"wp:term":[{"taxonomy":"demonterat-fordon","embeddable":true,"href":"https:\/\/whitepowder.se\/en\/wp-json\/wp\/v2\/demonterat-fordon?post=9222"},{"taxonomy":"fordons-typ","embeddable":true,"href":"https:\/\/whitepowder.se\/en\/wp-json\/wp\/v2\/fordons-typ?post=9222"},{"taxonomy":"make","embeddable":true,"href":"https:\/\/whitepowder.se\/en\/wp-json\/wp\/v2\/make?post=9222"},{"taxonomy":"parts-filter","embeddable":true,"href":"https:\/\/whitepowder.se\/en\/wp-json\/wp\/v2\/parts-filter?post=9222"},{"taxonomy":"prod-typ","embeddable":true,"href":"https:\/\/whitepowder.se\/en\/wp-json\/wp\/v2\/prod-typ?post=9222"},{"taxonomy":"tillverkare","embeddable":true,"href":"https:\/\/whitepowder.se\/en\/wp-json\/wp\/v2\/tillverkare?post=9222"},{"taxonomy":"product_brand","embeddable":true,"href":"https:\/\/whitepowder.se\/en\/wp-json\/wp\/v2\/product_brand?post=9222"},{"taxonomy":"product_cat","embeddable":true,"href":"https:\/\/whitepowder.se\/en\/wp-json\/wp\/v2\/product_cat?post=9222"},{"taxonomy":"product_tag","embeddable":true,"href":"https:\/\/whitepowder.se\/en\/wp-json\/wp\/v2\/product_tag?post=9222"}],"curies":[{"name":"wp","href":"https:\/\/api.w.org\/{rel}","templated":true}]}}