{"id":9317,"date":"2024-05-26T13:35:42","date_gmt":"2024-05-26T11:35:42","guid":{"rendered":"https:\/\/whitepowder.se\/?post_type=product&#038;p=9317"},"modified":"2024-09-10T12:07:40","modified_gmt":"2024-09-10T10:07:40","slug":"bronco-at-04657-overdrag-yamaha-250-bear-tracker","status":"publish","type":"product","link":"https:\/\/whitepowder.se\/en\/bronco-at-04657-overdrag-yamaha-250-bear-tracker\/","title":{"rendered":"Bronco AT-04657 &#8211; Sadel\u00f6verdrag Yamaha 250 Bear Tracker"},"content":{"rendered":"<p>Bronco AT-04657 Sadel\u00f6verdrag Yamaha 250 Bear Tracker<\/p>\n<p>Sadel\u00f6verdragen \u00e4r formsydda f\u00f6r att passa din orginal sadel.<br \/>\nMaterialet som anv\u00e4nds \u00e4r UV-best\u00e4ndigt och vattent\u00e4t.<br \/>\nL\u00e4tt att installera.<\/p>\n<p>Ers\u00e4tter nummer: AM100<br \/>\nYFM250 BEARTRACKER 1999-04 | AM100 | mf# AT-04657<\/p>","protected":false},"excerpt":{"rendered":"<p>Bronco AT-04657 Passar enligt tillverkaren p\u00e5 :<br \/>\nYAMAHA<br \/>\nYFM250 BEARTRACKER 1999-04<\/p>\n<p>YFM250 BEAR TRACKER 1999<br \/>\nYFM250 BEAR TRACKER 2000<br \/>\nYFM250 BEAR TRACKER 2001<br \/>\nYFM250 BEAR TRACKER 2002<br \/>\nYFM250 BEAR TRACKER 2003<br \/>\nYFM250 BEAR TRACKER 2004<\/p>","protected":false},"featured_media":9270,"comment_status":"open","ping_status":"closed","template":"","meta":{"_acf_changed":false},"demonterat-fordon":[],"fordons-typ":[642],"make":[631],"parts-filter":[],"prod-typ":[717],"tillverkare":[855],"product_brand":[],"product_cat":[321],"product_tag":[],"class_list":{"0":"post-9317","1":"product","2":"type-product","3":"status-publish","4":"has-post-thumbnail","6":"fordons-typ-atv-utv","7":"make-yamaha","8":"prod-typ-ny","9":"tillverkare-bronco","10":"product_cat-seat","12":"first","13":"instock","14":"taxable","15":"shipping-taxable","16":"purchasable","17":"product-type-simple"},"acf":[],"_links":{"self":[{"href":"https:\/\/whitepowder.se\/en\/wp-json\/wp\/v2\/product\/9317","targetHints":{"allow":["GET"]}}],"collection":[{"href":"https:\/\/whitepowder.se\/en\/wp-json\/wp\/v2\/product"}],"about":[{"href":"https:\/\/whitepowder.se\/en\/wp-json\/wp\/v2\/types\/product"}],"replies":[{"embeddable":true,"href":"https:\/\/whitepowder.se\/en\/wp-json\/wp\/v2\/comments?post=9317"}],"wp:featuredmedia":[{"embeddable":true,"href":"https:\/\/whitepowder.se\/en\/wp-json\/wp\/v2\/media\/9270"}],"wp:attachment":[{"href":"https:\/\/whitepowder.se\/en\/wp-json\/wp\/v2\/media?parent=9317"}],"wp:term":[{"taxonomy":"demonterat-fordon","embeddable":true,"href":"https:\/\/whitepowder.se\/en\/wp-json\/wp\/v2\/demonterat-fordon?post=9317"},{"taxonomy":"fordons-typ","embeddable":true,"href":"https:\/\/whitepowder.se\/en\/wp-json\/wp\/v2\/fordons-typ?post=9317"},{"taxonomy":"make","embeddable":true,"href":"https:\/\/whitepowder.se\/en\/wp-json\/wp\/v2\/make?post=9317"},{"taxonomy":"parts-filter","embeddable":true,"href":"https:\/\/whitepowder.se\/en\/wp-json\/wp\/v2\/parts-filter?post=9317"},{"taxonomy":"prod-typ","embeddable":true,"href":"https:\/\/whitepowder.se\/en\/wp-json\/wp\/v2\/prod-typ?post=9317"},{"taxonomy":"tillverkare","embeddable":true,"href":"https:\/\/whitepowder.se\/en\/wp-json\/wp\/v2\/tillverkare?post=9317"},{"taxonomy":"product_brand","embeddable":true,"href":"https:\/\/whitepowder.se\/en\/wp-json\/wp\/v2\/product_brand?post=9317"},{"taxonomy":"product_cat","embeddable":true,"href":"https:\/\/whitepowder.se\/en\/wp-json\/wp\/v2\/product_cat?post=9317"},{"taxonomy":"product_tag","embeddable":true,"href":"https:\/\/whitepowder.se\/en\/wp-json\/wp\/v2\/product_tag?post=9317"}],"curies":[{"name":"wp","href":"https:\/\/api.w.org\/{rel}","templated":true}]}}