{"id":9320,"date":"2024-05-26T13:35:41","date_gmt":"2024-05-26T11:35:41","guid":{"rendered":"https:\/\/whitepowder.se\/?post_type=product&#038;p=9320"},"modified":"2024-09-10T12:07:43","modified_gmt":"2024-09-10T10:07:43","slug":"bronco-at-04667-sadeloverdrag-yamaha-400-big-bear","status":"publish","type":"product","link":"https:\/\/whitepowder.se\/en\/bronco-at-04667-sadeloverdrag-yamaha-400-big-bear\/","title":{"rendered":"Bronco AT-04667 &#8211; Sadel\u00f6verdrag Yamaha 400 Big Bear \/ Hunter"},"content":{"rendered":"<p>Bronco AT-04667 Sadel\u00f6verdrag Yamaha 400 Big Bear \/ Hunter<\/p>\n<p>Sadel\u00f6verdragen \u00e4r formsydda f\u00f6r att passa din orginal sadel.<br \/>\nMaterialet som anv\u00e4nds \u00e4r UV-best\u00e4ndigt och vattent\u00e4t.<br \/>\nL\u00e4tt att installera.<\/p>\n<p>Ers\u00e4tter nummer: 30-44007-01<br \/>\nYFM400 BIG BEAR 2007-12 | 30-44007-01 | mf# AT-04667<\/p>","protected":false},"excerpt":{"rendered":"<p>Bronco AT-04667 Passar enligt tillverkaren p\u00e5 :<br \/>\nYAMAHA<br \/>\nYFM400 BIG BEAR 2007-12<\/p>\n<p>YFM400FB BIG BEAR 400 2007<br \/>\nYFM400FB BIG BEAR 400 2008<br \/>\nYFM400FB BIG BEAR 400 2009<br \/>\nYFM400FB BIG BEAR 400 2010<br \/>\nYFM400FB BIG BEAR 400 2011<br \/>\nYFM400FB BIG BEAR 400 IRS 2012<\/p>","protected":false},"featured_media":9270,"comment_status":"open","ping_status":"closed","template":"","meta":{"_acf_changed":false},"demonterat-fordon":[],"fordons-typ":[642],"make":[631],"parts-filter":[],"prod-typ":[717],"tillverkare":[855],"product_brand":[],"product_cat":[321],"product_tag":[],"class_list":{"0":"post-9320","1":"product","2":"type-product","3":"status-publish","4":"has-post-thumbnail","6":"fordons-typ-atv-utv","7":"make-yamaha","8":"prod-typ-ny","9":"tillverkare-bronco","10":"product_cat-seat","12":"first","13":"instock","14":"taxable","15":"shipping-taxable","16":"purchasable","17":"product-type-simple"},"acf":[],"_links":{"self":[{"href":"https:\/\/whitepowder.se\/en\/wp-json\/wp\/v2\/product\/9320","targetHints":{"allow":["GET"]}}],"collection":[{"href":"https:\/\/whitepowder.se\/en\/wp-json\/wp\/v2\/product"}],"about":[{"href":"https:\/\/whitepowder.se\/en\/wp-json\/wp\/v2\/types\/product"}],"replies":[{"embeddable":true,"href":"https:\/\/whitepowder.se\/en\/wp-json\/wp\/v2\/comments?post=9320"}],"wp:featuredmedia":[{"embeddable":true,"href":"https:\/\/whitepowder.se\/en\/wp-json\/wp\/v2\/media\/9270"}],"wp:attachment":[{"href":"https:\/\/whitepowder.se\/en\/wp-json\/wp\/v2\/media?parent=9320"}],"wp:term":[{"taxonomy":"demonterat-fordon","embeddable":true,"href":"https:\/\/whitepowder.se\/en\/wp-json\/wp\/v2\/demonterat-fordon?post=9320"},{"taxonomy":"fordons-typ","embeddable":true,"href":"https:\/\/whitepowder.se\/en\/wp-json\/wp\/v2\/fordons-typ?post=9320"},{"taxonomy":"make","embeddable":true,"href":"https:\/\/whitepowder.se\/en\/wp-json\/wp\/v2\/make?post=9320"},{"taxonomy":"parts-filter","embeddable":true,"href":"https:\/\/whitepowder.se\/en\/wp-json\/wp\/v2\/parts-filter?post=9320"},{"taxonomy":"prod-typ","embeddable":true,"href":"https:\/\/whitepowder.se\/en\/wp-json\/wp\/v2\/prod-typ?post=9320"},{"taxonomy":"tillverkare","embeddable":true,"href":"https:\/\/whitepowder.se\/en\/wp-json\/wp\/v2\/tillverkare?post=9320"},{"taxonomy":"product_brand","embeddable":true,"href":"https:\/\/whitepowder.se\/en\/wp-json\/wp\/v2\/product_brand?post=9320"},{"taxonomy":"product_cat","embeddable":true,"href":"https:\/\/whitepowder.se\/en\/wp-json\/wp\/v2\/product_cat?post=9320"},{"taxonomy":"product_tag","embeddable":true,"href":"https:\/\/whitepowder.se\/en\/wp-json\/wp\/v2\/product_tag?post=9320"}],"curies":[{"name":"wp","href":"https:\/\/api.w.org\/{rel}","templated":true}]}}