{"id":9322,"date":"2024-05-26T13:35:39","date_gmt":"2024-05-26T11:35:39","guid":{"rendered":"https:\/\/whitepowder.se\/?post_type=product&#038;p=9322"},"modified":"2024-09-10T12:07:51","modified_gmt":"2024-09-10T10:07:51","slug":"bronco-at-04673-sadeloverdrag-yamaha-700-raptor","status":"publish","type":"product","link":"https:\/\/whitepowder.se\/en\/bronco-at-04673-sadeloverdrag-yamaha-700-raptor\/","title":{"rendered":"Bronco AT-04673 &#8211; Sadel\u00f6verdrag Yamaha 700 Raptor"},"content":{"rendered":"<p>Bronco AT-04673 Sadel\u00f6verdrag Yamaha 700 Raptor<\/p>\n<p>Sadel\u00f6verdragen \u00e4r formsydda f\u00f6r att passa din orginal sadel.<br \/>\nMaterialet som anv\u00e4nds \u00e4r UV-best\u00e4ndigt och vattent\u00e4t.<br \/>\nL\u00e4tt att installera.<\/p>\n<p>Ers\u00e4tter nummer: 30-47006-01<br \/>\nYFM700R RAPTOR 2006-17 | 30-47006-01 | mf# AT-04673<\/p>","protected":false},"excerpt":{"rendered":"<p>Bronco AT-04673 Passar enligt tillverkaren p\u00e5 :<br \/>\nYAMAHA<br \/>\nYFM700R RAPTOR 2006-17<\/p>\n<p>YF70 RAPTOR 700 2017<br \/>\nYF70R RAPTOR 700 2014<br \/>\nYF70R RAPTOR 700 2017<br \/>\nYF70RS RAPTOR 700 SE 2014<br \/>\nYFM70 RAPTOR 700 2014<br \/>\nYFM700 RAPTOR 700 2013<br \/>\nYFM700 RAPTOR 700 2015<br \/>\nYFM700 RAPTOR 700 2016<br \/>\nYFM700R RAPTOR 700 2006<br \/>\nYFM700R RAPTOR 700 2007<br \/>\nYFM700R RAPTOR 700 2008<br \/>\nYFM700R RAPTOR 700 2009<br \/>\nYFM700R RAPTOR 700 2010<br \/>\nYFM700R RAPTOR 700 2011<br \/>\nYFM700R RAPTOR 700 2012<br \/>\nYFM700R RAPTOR 700 2013<br \/>\nYFM700R RAPTOR 700 2015<br \/>\nYFM700R RAPTOR 700 2016<br \/>\nYFM700R RAPTOR 700 SE 2015<br \/>\nYFM700R RAPTOR 700 SE 2016<br \/>\nYFM700RS RAPTOR 700 SE 2017<\/p>","protected":false},"featured_media":9270,"comment_status":"open","ping_status":"closed","template":"","meta":{"_acf_changed":false},"demonterat-fordon":[],"fordons-typ":[642],"make":[631],"parts-filter":[],"prod-typ":[717],"tillverkare":[855],"product_brand":[],"product_cat":[321],"product_tag":[],"class_list":{"0":"post-9322","1":"product","2":"type-product","3":"status-publish","4":"has-post-thumbnail","6":"fordons-typ-atv-utv","7":"make-yamaha","8":"prod-typ-ny","9":"tillverkare-bronco","10":"product_cat-seat","12":"first","13":"instock","14":"taxable","15":"shipping-taxable","16":"purchasable","17":"product-type-simple"},"acf":[],"_links":{"self":[{"href":"https:\/\/whitepowder.se\/en\/wp-json\/wp\/v2\/product\/9322","targetHints":{"allow":["GET"]}}],"collection":[{"href":"https:\/\/whitepowder.se\/en\/wp-json\/wp\/v2\/product"}],"about":[{"href":"https:\/\/whitepowder.se\/en\/wp-json\/wp\/v2\/types\/product"}],"replies":[{"embeddable":true,"href":"https:\/\/whitepowder.se\/en\/wp-json\/wp\/v2\/comments?post=9322"}],"wp:featuredmedia":[{"embeddable":true,"href":"https:\/\/whitepowder.se\/en\/wp-json\/wp\/v2\/media\/9270"}],"wp:attachment":[{"href":"https:\/\/whitepowder.se\/en\/wp-json\/wp\/v2\/media?parent=9322"}],"wp:term":[{"taxonomy":"demonterat-fordon","embeddable":true,"href":"https:\/\/whitepowder.se\/en\/wp-json\/wp\/v2\/demonterat-fordon?post=9322"},{"taxonomy":"fordons-typ","embeddable":true,"href":"https:\/\/whitepowder.se\/en\/wp-json\/wp\/v2\/fordons-typ?post=9322"},{"taxonomy":"make","embeddable":true,"href":"https:\/\/whitepowder.se\/en\/wp-json\/wp\/v2\/make?post=9322"},{"taxonomy":"parts-filter","embeddable":true,"href":"https:\/\/whitepowder.se\/en\/wp-json\/wp\/v2\/parts-filter?post=9322"},{"taxonomy":"prod-typ","embeddable":true,"href":"https:\/\/whitepowder.se\/en\/wp-json\/wp\/v2\/prod-typ?post=9322"},{"taxonomy":"tillverkare","embeddable":true,"href":"https:\/\/whitepowder.se\/en\/wp-json\/wp\/v2\/tillverkare?post=9322"},{"taxonomy":"product_brand","embeddable":true,"href":"https:\/\/whitepowder.se\/en\/wp-json\/wp\/v2\/product_brand?post=9322"},{"taxonomy":"product_cat","embeddable":true,"href":"https:\/\/whitepowder.se\/en\/wp-json\/wp\/v2\/product_cat?post=9322"},{"taxonomy":"product_tag","embeddable":true,"href":"https:\/\/whitepowder.se\/en\/wp-json\/wp\/v2\/product_tag?post=9322"}],"curies":[{"name":"wp","href":"https:\/\/api.w.org\/{rel}","templated":true}]}}