{"id":9329,"date":"2024-05-26T13:35:34","date_gmt":"2024-05-26T11:35:34","guid":{"rendered":"https:\/\/whitepowder.se\/?post_type=product&#038;p=9329"},"modified":"2024-09-10T12:08:09","modified_gmt":"2024-09-10T10:08:09","slug":"bronco-at-04625-bronco-sadeloverdrag-honda-450","status":"publish","type":"product","link":"https:\/\/whitepowder.se\/en\/bronco-at-04625-bronco-sadeloverdrag-honda-450\/","title":{"rendered":"Bronco AT-04625 &#8211; Sadel\u00f6verdrag Honda 450 TRX R"},"content":{"rendered":"<p>Bronco AT-04625 Sadel\u00f6verdrag Honda 450 TRX R<\/p>\n<p>Sadel\u00f6verdragen \u00e4r formsydda f\u00f6r att passa din orginal sadel.<br \/>\nMaterialet som anv\u00e4nds \u00e4r UV-best\u00e4ndigt .<br \/>\nL\u00e4tt att installera.<\/p>\n<p>Ers\u00e4tter nummer: 30-14504-01<br \/>\nTRX450R\/ER 2004-14 | 30-14504-01 | mf# AT-04625<\/p>","protected":false},"excerpt":{"rendered":"<p>Bronco AT-04625 Passar enligt tillverkaren p\u00e5 :<br \/>\nHONDA<br \/>\nTRX450R\/ER 2004-14<\/p>\n<p>TRX450R 2&#215;4 2004<br \/>\nTRX450R 2&#215;4 2005<br \/>\nTRX450R 2&#215;4 2006<br \/>\nTRX450R 2&#215;4 2007<br \/>\nTRX450R 2&#215;4 2008<br \/>\nTRX450R 2&#215;4 2009<\/p>","protected":false},"featured_media":9270,"comment_status":"open","ping_status":"closed","template":"","meta":{"_acf_changed":false},"demonterat-fordon":[],"fordons-typ":[642],"make":[624],"parts-filter":[],"prod-typ":[717],"tillverkare":[855],"product_brand":[],"product_cat":[321],"product_tag":[],"class_list":{"0":"post-9329","1":"product","2":"type-product","3":"status-publish","4":"has-post-thumbnail","6":"fordons-typ-atv-utv","7":"make-honda","8":"prod-typ-ny","9":"tillverkare-bronco","10":"product_cat-seat","12":"first","13":"instock","14":"taxable","15":"shipping-taxable","16":"purchasable","17":"product-type-simple"},"acf":[],"_links":{"self":[{"href":"https:\/\/whitepowder.se\/en\/wp-json\/wp\/v2\/product\/9329","targetHints":{"allow":["GET"]}}],"collection":[{"href":"https:\/\/whitepowder.se\/en\/wp-json\/wp\/v2\/product"}],"about":[{"href":"https:\/\/whitepowder.se\/en\/wp-json\/wp\/v2\/types\/product"}],"replies":[{"embeddable":true,"href":"https:\/\/whitepowder.se\/en\/wp-json\/wp\/v2\/comments?post=9329"}],"wp:featuredmedia":[{"embeddable":true,"href":"https:\/\/whitepowder.se\/en\/wp-json\/wp\/v2\/media\/9270"}],"wp:attachment":[{"href":"https:\/\/whitepowder.se\/en\/wp-json\/wp\/v2\/media?parent=9329"}],"wp:term":[{"taxonomy":"demonterat-fordon","embeddable":true,"href":"https:\/\/whitepowder.se\/en\/wp-json\/wp\/v2\/demonterat-fordon?post=9329"},{"taxonomy":"fordons-typ","embeddable":true,"href":"https:\/\/whitepowder.se\/en\/wp-json\/wp\/v2\/fordons-typ?post=9329"},{"taxonomy":"make","embeddable":true,"href":"https:\/\/whitepowder.se\/en\/wp-json\/wp\/v2\/make?post=9329"},{"taxonomy":"parts-filter","embeddable":true,"href":"https:\/\/whitepowder.se\/en\/wp-json\/wp\/v2\/parts-filter?post=9329"},{"taxonomy":"prod-typ","embeddable":true,"href":"https:\/\/whitepowder.se\/en\/wp-json\/wp\/v2\/prod-typ?post=9329"},{"taxonomy":"tillverkare","embeddable":true,"href":"https:\/\/whitepowder.se\/en\/wp-json\/wp\/v2\/tillverkare?post=9329"},{"taxonomy":"product_brand","embeddable":true,"href":"https:\/\/whitepowder.se\/en\/wp-json\/wp\/v2\/product_brand?post=9329"},{"taxonomy":"product_cat","embeddable":true,"href":"https:\/\/whitepowder.se\/en\/wp-json\/wp\/v2\/product_cat?post=9329"},{"taxonomy":"product_tag","embeddable":true,"href":"https:\/\/whitepowder.se\/en\/wp-json\/wp\/v2\/product_tag?post=9329"}],"curies":[{"name":"wp","href":"https:\/\/api.w.org\/{rel}","templated":true}]}}