{"id":9343,"date":"2024-05-26T13:35:51","date_gmt":"2024-05-26T11:35:51","guid":{"rendered":"https:\/\/whitepowder.se\/?post_type=product&#038;p=9343"},"modified":"2024-09-10T12:10:38","modified_gmt":"2024-09-10T10:10:38","slug":"high-lifter-clk1000-52-lift-kit-can-am-outlander","status":"publish","type":"product","link":"https:\/\/whitepowder.se\/en\/high-lifter-clk1000-52-lift-kit-can-am-outlander\/","title":{"rendered":"HIGH LIFTER CLK1000-52 &#8211; 1.5&#8242; Lift Kit Can-Am Outlander 450\/1000"},"content":{"rendered":"<p>HIGH LIFTER CLK1000-52 &#8211; 1.5&#8221;inch \u00a0 Signature Series Lift Kit &#8211;\u00a0 Can-Am Outlander 450\/1000 2017-2022<br \/>\nTillverkare: HIGH LIFTER<br \/>\nTillverkarens p\/n: CLK1000-52<\/p>\n<p>1.5&#8243; H\u00f6jning med distanser som \u00f6kar markfrig\u00e5ngen och \u00f6kar utrymmet i hjulhusen f\u00f6r st\u00f6rre d\u00e4ck.<br \/>\nEnkel och snabb montering.<\/p>\n<p>Lifting your ATV is the ultimate statement in off-roading. This lift kit will meet your style and needs by providing unstoppable performance on the trails while making you stand out. This trail friendly lift system is built to help you hit the gnarly holes you\u2019ve dreamed of and get you in and OUT of deep mud.<\/p>\n<p>Built with the stability and quality you have come to expect from High Lifter, we provide a precision-engineered lift system to give you that true, full lift and create a ride perfectly suited to you. Ride higher knowing you can tackle any challenges from rough to deep terrain.<\/p>\n<p>Our engineers have spent over 21 years perfecting the ultimate lift to provide maximum performance, durability, and strength while keeping installation simple and easy. Discover for yourself the reason off-road enthusiasts keep choosing High Lifter lift kits. When you do, you\u2019ll have the confidence to ride harder and go deeper.<\/p>\n<p>1.5&#8243; Signature Series Lift Kit Features:<br \/>\n&#8211; Zinc plating or powder coat finishes for long life in rugged conditions<br \/>\n&#8211; All installation hardware included<br \/>\n&#8211; Detailed step by step photo instructions<br \/>\n&#8211; Signature Series include High Lifter logo precision laser cut<\/p>\n<p>Tire Fitment:<br \/>\nUp to 28\u201d<br \/>\nUsing a rear trailing arm, up to 29.5&#8243;<\/p>\n<p>Our stated tire fitment guide is a general fitment and is in no way guaranteed. Tires and lifts vary by manufacture and tire fitment can be affected by other modifications. Always verify your brand of tires, lift, and other modifications prior to making a buying decision.<\/p>\n<p>NOTE: This is a spring spacer only kit.<\/p>","protected":false},"excerpt":{"rendered":"<p>High Lifter CLK1000-52 Passar enligt tillverkaren p\u00e5 :<br \/>\n2022 Can-Am Outlander 650<br \/>\n2022 Can-Am Outlander 650 DPS<br \/>\n2022 Can-Am Outlander 650 XT<br \/>\n2022 Can-Am Outlander 650 Mossy Oak<br \/>\n2022 Can-Am Outlander 650 XMR<br \/>\n2022 Can-Am Outlander 650 MAX XT<br \/>\n2022 Can-Am Outlander 850<br \/>\n2022 Can-Am Outlander 850 DPS<br \/>\n2022 Can-Am Outlander 850 XT<br \/>\n2022 Can-Am Outlander 850 MAX XT<br \/>\n2022 Can-Am Outlander 1000R XT<br \/>\n2022 Can-Am Outlander 1000R MAX XT<br \/>\n2022 Can-Am Outlander 650 MAX DPS<br \/>\n2017 Can-Am Outlander 1000 DPS<br \/>\n2017 Can-Am Outlander 1000 PRO<br \/>\n2017 Can-Am Outlander 1000 XT<br \/>\n2017 Can-Am Outlander 570 PRO FS<br \/>\n2017 Can-Am Outlander 650<br \/>\n2017 Can-Am Outlander 650 DPS<br \/>\n2017 Can-Am Outlander 650 PRO<br \/>\n2017 Can-Am Outlander 650 XMR<br \/>\n2017 Can-Am Outlander 650 XT<br \/>\n2017 Can-Am Outlander 6&#215;6 1000 XT<br \/>\n2017 Can-Am Outlander 850 DPS<br \/>\n2017 Can-Am Outlander 850 XT<br \/>\n2017 Can-Am Outlander 450<br \/>\n2017 Can-Am Outlander 450 DPS<br \/>\n2017 Can-Am Outlander 450 PRO<br \/>\n2017 Can-Am Outlander 570<br \/>\n2017 Can-Am Outlander 570 DPS<br \/>\n2017 Can-Am Outlander 570 PRO<br \/>\n2017 Can-Am Outlander 570 XT<br \/>\n2017 Can-Am Renegade 570<br \/>\n2018 Can-Am Outlander 1000 XT<br \/>\n2018 Can-Am Outlander 650<br \/>\n2018 Can-Am Outlander 650 DPS<br \/>\n2018 Can-Am Outlander 650 XT<br \/>\n2018 Can-Am Outlander 650 XMR<br \/>\n2018 Can-Am Outlander 850 DPS<br \/>\n2018 Can-Am Outlander 850 XT<br \/>\n2018 Can-Am Renegade 570<br \/>\n2019 Can-Am Outlander 1000 DPS<br \/>\n2019 Can-Am Outlander 1000 XT<br \/>\n2019 Can-Am Outlander 1000 MAX LTD<br \/>\n2019 Can-Am Outlander 1000 MAX XT<br \/>\n2019 Can-Am Outlander 650<br \/>\n2019 Can-Am Outlander 650 DPS<br \/>\n2019 Can-Am Outlander 650 XT<br \/>\n2019 Can-Am Outlander 650 XMR<br \/>\n2019 Can-Am Outlander 650 MAX<br \/>\n2019 Can-Am Outlander 650 MAX DPS<br \/>\n2019 Can-Am Outlander 650 MAX XT<br \/>\n2019 Can-Am Outlander 850 MAX<br \/>\n2019 Can-Am Outlander 850 MAX XT<br \/>\n2019 Can-Am Outlander 850<br \/>\n2019 Can-Am Outlander 850 DPS<br \/>\n2019 Can-Am Outlander 850 XT<br \/>\n2019 Can-Am Renegade 570<br \/>\n2020 Can-Am Outlander 1000 XT<br \/>\n2020 Can-Am Outlander 1000 MAX LTD<br \/>\n2020 Can-Am Outlander 1000 MAX XT<br \/>\n2020 Can-Am Outlander 650<br \/>\n2020 Can-Am Outlander 650 DPS<br \/>\n2020 Can-Am Outlander 650 XT<br \/>\n2020 Can-Am Outlander 650 XMR<br \/>\n2020 Can-Am Outlander 650 MAX DPS<br \/>\n2020 Can-Am Outlander 650 MAX XT<br \/>\n2020 Can-Am Outlander 850 MAX XT<br \/>\n2020 Can-Am Outlander 850<br \/>\n2020 Can-Am Outlander 850 DPS<br \/>\n2020 Can-Am Outlander 850 XT<br \/>\n2021 Can-Am Renegade 570<br \/>\n2021 Can-Am Outlander 1000R XT<br \/>\n2021 Can-Am Outlander 1000R MAX XT<br \/>\n2021 Can-Am Outlander 1000R MAX LTD<br \/>\n2021 Can-Am Outlander 850<br \/>\n2021 Can-Am Outlander 850 DPS<br \/>\n2021 Can-Am Outlander 850 XT<br \/>\n2021 Can-Am Outlander 850 North Edition<br \/>\n2021 Can-Am Outlander 850 MAX XT<br \/>\n2021 Can-Am Outlander 850 MAX North Edition<br \/>\n2021 Can-Am Outlander 650<br \/>\n2021 Can-Am Outlander 650 DPS<br \/>\n2021 Can-Am Outlander 650 XT<br \/>\n2021 Can-Am Outlander 650 Mossy Oak<br \/>\n2021 Can-Am Outlander 650 MAX DPS<br \/>\n2021 Can-Am Outlander 650 MAX XT<\/p>","protected":false},"featured_media":9294,"comment_status":"open","ping_status":"closed","template":"","meta":{"_acf_changed":false},"demonterat-fordon":[],"fordons-typ":[642],"make":[623],"parts-filter":[],"prod-typ":[717],"tillverkare":[862],"product_brand":[],"product_cat":[983,580,257],"product_tag":[973,748],"class_list":{"0":"post-9343","1":"product","2":"type-product","3":"status-publish","4":"has-post-thumbnail","6":"fordons-typ-atv-utv","7":"make-can-am","8":"prod-typ-ny","9":"tillverkare-high-lifter","10":"product_cat-lift-kit","11":"product_cat-suspension","12":"product_cat-other-accessories","13":"product_tag-outlander","14":"product_tag-renegade","16":"first","17":"instock","18":"taxable","19":"shipping-taxable","20":"purchasable","21":"product-type-simple"},"acf":[],"_links":{"self":[{"href":"https:\/\/whitepowder.se\/en\/wp-json\/wp\/v2\/product\/9343","targetHints":{"allow":["GET"]}}],"collection":[{"href":"https:\/\/whitepowder.se\/en\/wp-json\/wp\/v2\/product"}],"about":[{"href":"https:\/\/whitepowder.se\/en\/wp-json\/wp\/v2\/types\/product"}],"replies":[{"embeddable":true,"href":"https:\/\/whitepowder.se\/en\/wp-json\/wp\/v2\/comments?post=9343"}],"wp:featuredmedia":[{"embeddable":true,"href":"https:\/\/whitepowder.se\/en\/wp-json\/wp\/v2\/media\/9294"}],"wp:attachment":[{"href":"https:\/\/whitepowder.se\/en\/wp-json\/wp\/v2\/media?parent=9343"}],"wp:term":[{"taxonomy":"demonterat-fordon","embeddable":true,"href":"https:\/\/whitepowder.se\/en\/wp-json\/wp\/v2\/demonterat-fordon?post=9343"},{"taxonomy":"fordons-typ","embeddable":true,"href":"https:\/\/whitepowder.se\/en\/wp-json\/wp\/v2\/fordons-typ?post=9343"},{"taxonomy":"make","embeddable":true,"href":"https:\/\/whitepowder.se\/en\/wp-json\/wp\/v2\/make?post=9343"},{"taxonomy":"parts-filter","embeddable":true,"href":"https:\/\/whitepowder.se\/en\/wp-json\/wp\/v2\/parts-filter?post=9343"},{"taxonomy":"prod-typ","embeddable":true,"href":"https:\/\/whitepowder.se\/en\/wp-json\/wp\/v2\/prod-typ?post=9343"},{"taxonomy":"tillverkare","embeddable":true,"href":"https:\/\/whitepowder.se\/en\/wp-json\/wp\/v2\/tillverkare?post=9343"},{"taxonomy":"product_brand","embeddable":true,"href":"https:\/\/whitepowder.se\/en\/wp-json\/wp\/v2\/product_brand?post=9343"},{"taxonomy":"product_cat","embeddable":true,"href":"https:\/\/whitepowder.se\/en\/wp-json\/wp\/v2\/product_cat?post=9343"},{"taxonomy":"product_tag","embeddable":true,"href":"https:\/\/whitepowder.se\/en\/wp-json\/wp\/v2\/product_tag?post=9343"}],"curies":[{"name":"wp","href":"https:\/\/api.w.org\/{rel}","templated":true}]}}