{"id":9759,"date":"2024-06-27T16:53:42","date_gmt":"2024-06-27T14:53:42","guid":{"rendered":"https:\/\/whitepowder.se\/?post_type=product&#038;p=9759"},"modified":"2024-09-10T12:21:27","modified_gmt":"2024-09-10T10:21:27","slug":"epi-pebs7-variatorfjader-sekundar","status":"publish","type":"product","link":"https:\/\/whitepowder.se\/en\/epi-pebs7-variatorfjader-sekundar\/","title":{"rendered":"EPI PEBS7 &#8211; Variatorfj\u00e4der Sekund\u00e4r, R\u00f6d Polaris ATV\/UTV med Ebs"},"content":{"rendered":"<p>EPI PEBS7 &#8211; Variatorfj\u00e4der Sekund\u00e4r \/ Secondary Clutch Spring &#8211; Red<\/p>\n<p>* Largest selection of springs to tune from<br \/>\n* Manufactured from highest quality material<br \/>\n* 5% tolerance for consistancy<\/p>\n<p>Fits:<\/p>\n<p>All Polaris EBS Clutches<\/p>\n<p>EXCEPT:<br \/>\n500 Sportsman EFI 08-09, 500 Sportsman EFI Touring 08, 500 Sportsman EFI X2 08<\/p>\n<p>550 Sportsman (All) 10, 550 Sportsman (All) 11-15, 550 Sportsman XP 09-10<\/p>\n<p>570 RZR w\/EBS 14-15, 570 Sportsman EBS (All) 16-17, 570 Sportsman w\/EBS 15<\/p>\n<p>700 Ranger Crew 08-09, 700 Ranger EFI 6&#215;6 06-09, 700 Ranger HD 09, 700 Ranger XP 05-09, 700 Sportsman EFI 07, 700 Sportsman EFI X2 08<\/p>\n<p>800 Ranger\u2019s 4&#215;4\/6&#215;6 10-14, 800 RZR 08-14, 800 RZR 4 10-14, 800 RZR S 09-14, 800 Sportsman EFI 09-14, 800 Sportsman EFI HO 08, 800 Sportsman EFI Std 07, 800 Sportsman EFI Touring 08<\/p>\n<p>850 Scrambler 13-20, 850 Sportsman (All) 10, 850 Sportsman (All) 11-20, 850 Sportsman XP 09-10<\/p>\n<p>900 Ranger w\/EBS 14-15, 900 Ranger XP 13, 900 RZR 4 16-20, 900 RZR 4 XP 12-14, 900 RZR 50\u201d 16-20, 900 RZR S 60\u201d 16-20, 900 RZR w\/EBS 15, 900 RZR XC 55\u201d 16-18, 900 RZR XP 11-14<\/p>\n<p>1000 General 16-20, 1000 General 4 17-20, 1000 Ranger (61hp) 2020, 1000 Ranger Crew (61hp) 2020, 1000 Ranger XP 17, 1000 Ranger XP 18-19, 1000 Ranger XP Crew 17-18, 1000 Ranger XP Crew 19-20, 1000 RZR 14-15, 1000 RZR 4 14-15, 1000 RZR RS1 18-20, 1000 RZR S 60\u201d 16-20, 1000 RZR XP\/XP 4 16-20, 1000 Scrambler 15-20, 1000 Sportsman 15-20<\/p>\n<p>RZR XP 4 Turbo 16-20, RZR XP 4 Turbo S 19-20, RZR XP Turbo 16-20, RZR XP Turbo S 18-20<\/p>","protected":false},"excerpt":{"rendered":"<p>EPI PEBS7 Passar enligt tillverkaren p\u00e5 :<br \/>\nFits:<\/p>\n<p>All Polaris EBS Clutches<\/p>\n<p>EXCEPT:<br \/>\n500 Sportsman EFI 08-09, 500 Sportsman EFI Touring 08, 500 Sportsman EFI X2 08<\/p>\n<p>550 Sportsman (All) 10, 550 Sportsman (All) 11-15, 550 Sportsman XP 09-10<\/p>\n<p>570 RZR w\/EBS 14-15, 570 Sportsman EBS (All) 16-17, 570 Sportsman w\/EBS 15<\/p>\n<p>700 Ranger Crew 08-09, 700 Ranger EFI 6&#215;6 06-09, 700 Ranger HD 09, 700 Ranger XP 05-09, 700 Sportsman EFI 07, 700 Sportsman EFI X2 08<\/p>\n<p>800 Ranger\u2019s 4&#215;4\/6&#215;6 10-14, 800 RZR 08-14, 800 RZR 4 10-14, 800 RZR S 09-14, 800 Sportsman EFI 09-14, 800 Sportsman EFI HO 08, 800 Sportsman EFI Std 07, 800 Sportsman EFI Touring 08<\/p>\n<p>850 Scrambler 13-20, 850 Sportsman (All) 10, 850 Sportsman (All) 11-20, 850 Sportsman XP 09-10<\/p>\n<p>900 Ranger w\/EBS 14-15, 900 Ranger XP 13, 900 RZR 4 16-20, 900 RZR 4 XP 12-14, 900 RZR 50\u201d 16-20, 900 RZR S 60\u201d 16-20, 900 RZR w\/EBS 15, 900 RZR XC 55\u201d 16-18, 900 RZR XP 11-14<\/p>\n<p>1000 General 16-20, 1000 General 4 17-20, 1000 Ranger (61hp) 2020, 1000 Ranger Crew (61hp) 2020, 1000 Ranger XP 17, 1000 Ranger XP 18-19, 1000 Ranger XP Crew 17-18, 1000 Ranger XP Crew 19-20, 1000 RZR 14-15, 1000 RZR 4 14-15, 1000 RZR RS1 18-20, 1000 RZR S 60\u201d 16-20, 1000 RZR XP\/XP 4 16-20, 1000 Scrambler 15-20, 1000 Sportsman 15-20<\/p>\n<p>RZR XP 4 Turbo 16-20, RZR XP 4 Turbo S 19-20, RZR XP Turbo 16-20, RZR XP Turbo S 18-20<\/p>","protected":false},"featured_media":9675,"comment_status":"open","ping_status":"closed","template":"","meta":{"_acf_changed":false},"demonterat-fordon":[],"fordons-typ":[642],"make":[636],"parts-filter":[],"prod-typ":[717],"tillverkare":[963],"product_brand":[],"product_cat":[1028],"product_tag":[],"class_list":{"0":"post-9759","1":"product","2":"type-product","3":"status-publish","4":"has-post-thumbnail","6":"fordons-typ-atv-utv","7":"make-polaris","8":"prod-typ-ny","9":"tillverkare-epi","10":"product_cat-sekundar-fjader","12":"first","13":"instock","14":"taxable","15":"shipping-taxable","16":"purchasable","17":"product-type-simple"},"acf":[],"_links":{"self":[{"href":"https:\/\/whitepowder.se\/en\/wp-json\/wp\/v2\/product\/9759","targetHints":{"allow":["GET"]}}],"collection":[{"href":"https:\/\/whitepowder.se\/en\/wp-json\/wp\/v2\/product"}],"about":[{"href":"https:\/\/whitepowder.se\/en\/wp-json\/wp\/v2\/types\/product"}],"replies":[{"embeddable":true,"href":"https:\/\/whitepowder.se\/en\/wp-json\/wp\/v2\/comments?post=9759"}],"wp:featuredmedia":[{"embeddable":true,"href":"https:\/\/whitepowder.se\/en\/wp-json\/wp\/v2\/media\/9675"}],"wp:attachment":[{"href":"https:\/\/whitepowder.se\/en\/wp-json\/wp\/v2\/media?parent=9759"}],"wp:term":[{"taxonomy":"demonterat-fordon","embeddable":true,"href":"https:\/\/whitepowder.se\/en\/wp-json\/wp\/v2\/demonterat-fordon?post=9759"},{"taxonomy":"fordons-typ","embeddable":true,"href":"https:\/\/whitepowder.se\/en\/wp-json\/wp\/v2\/fordons-typ?post=9759"},{"taxonomy":"make","embeddable":true,"href":"https:\/\/whitepowder.se\/en\/wp-json\/wp\/v2\/make?post=9759"},{"taxonomy":"parts-filter","embeddable":true,"href":"https:\/\/whitepowder.se\/en\/wp-json\/wp\/v2\/parts-filter?post=9759"},{"taxonomy":"prod-typ","embeddable":true,"href":"https:\/\/whitepowder.se\/en\/wp-json\/wp\/v2\/prod-typ?post=9759"},{"taxonomy":"tillverkare","embeddable":true,"href":"https:\/\/whitepowder.se\/en\/wp-json\/wp\/v2\/tillverkare?post=9759"},{"taxonomy":"product_brand","embeddable":true,"href":"https:\/\/whitepowder.se\/en\/wp-json\/wp\/v2\/product_brand?post=9759"},{"taxonomy":"product_cat","embeddable":true,"href":"https:\/\/whitepowder.se\/en\/wp-json\/wp\/v2\/product_cat?post=9759"},{"taxonomy":"product_tag","embeddable":true,"href":"https:\/\/whitepowder.se\/en\/wp-json\/wp\/v2\/product_tag?post=9759"}],"curies":[{"name":"wp","href":"https:\/\/api.w.org\/{rel}","templated":true}]}}