{"id":9770,"date":"2024-06-27T16:53:32","date_gmt":"2024-06-27T14:53:32","guid":{"rendered":"https:\/\/whitepowder.se\/?post_type=product&#038;p=9770"},"modified":"2025-12-15T15:23:20","modified_gmt":"2025-12-15T14:23:20","slug":"bronco-78-05015-brake-pads-rear-polaris-honda","status":"publish","type":"product","link":"https:\/\/whitepowder.se\/en\/bronco-78-05015-brake-pads-rear-polaris-honda\/","title":{"rendered":"Bronco 78-05015 &#8211; Brake Pads &#8211; Rear,  Polaris , Honda"},"content":{"rendered":"<p>Bronco 78-05015 Brake Pads &#8211; Bromsbel\u00e4gg<br \/>\nPosition: Bak<br \/>\nS\u00e4ljes par vis = till ett hjul<br \/>\nErs\u00e4tter original dels nummer: \u00a02201871, 2202414<\/p>\n<p>H\u00e5llbart bromsbel\u00e4gg fr\u00e5n Bronco av h\u00f6g kvalitet. Uppfyller alla tillverkares krav och fungerar utm\u00e4rkt i v\u00e5ta, dammiga och leriga situationer. L\u00e4tt att montera. Asbestfria.<\/p>\n<p>POLARIS ATV \/ HONDA ATV<\/p>","protected":false},"excerpt":{"rendered":"<p>Bronco 78-05015 Passar enligt tillverkaren p\u00e5 :<br \/>\nATV\/UTV HONDA 2002 TRX450FM FOREMAN<br \/>\nATV\/UTV HONDA 2003 TRX450FE FOREMAN<br \/>\nATV\/UTV HONDA 2003 TRX450FM FOREMAN<br \/>\nATV\/UTV HONDA 2004 TRX450FE FOREMAN<br \/>\nATV\/UTV HONDA 2004 TRX450FM FOREMAN<br \/>\nATV\/UTV POLARIS 2002 ATV\/UTV PRO 500 4X4<br \/>\nATV\/UTV POLARIS 2002 MAGNUM 325 4X4<br \/>\nATV\/UTV POLARIS 2002 MAGNUM 500 2X4<br \/>\nATV\/UTV POLARIS 2002 MAGNUM 500 4X4<br \/>\nATV\/UTV POLARIS 2002 SPORTSMAN 700 4X4<br \/>\nATV\/UTV POLARIS 2002 XPEDITION 325 4X4<br \/>\nATV\/UTV POLARIS 2003 MAGNUM 330 4X4<br \/>\nATV\/UTV POLARIS 2003 MAGNUM 500 2X4<br \/>\nATV\/UTV POLARIS 2003 MAGNUM 500 4X4<br \/>\nATV\/UTV POLARIS 2003 SPORTSMAN 400 4X4<br \/>\nATV\/UTV POLARIS 2003 SPORTSMAN 500 4X4<br \/>\nATV\/UTV POLARIS 2003 SPORTSMAN 600 4X4<br \/>\nATV\/UTV POLARIS 2003 SPORTSMAN 700 4X4<br \/>\nATV\/UTV POLARIS 2004 MAGNUM 330 4X4<br \/>\nATV\/UTV POLARIS 2004 SPORTSMAN 400 4X4<br \/>\nATV\/UTV POLARIS 2004 SPORTSMAN 500 4X4<br \/>\nATV\/UTV POLARIS 2004 SPORTSMAN 600 4X4<br \/>\nATV\/UTV POLARIS 2004 SPORTSMAN 700 4X4<br \/>\nATV\/UTV POLARIS 2005 MAGNUM 330 4X4<br \/>\nATV\/UTV POLARIS 2005 SCRAMBLER 500 2X4<br \/>\nATV\/UTV POLARIS 2005 SCRAMBLER 500 4X4<br \/>\nATV\/UTV POLARIS 2005 SPORTSMAN 500 4X4<br \/>\nATV\/UTV POLARIS 2005 SPORTSMAN 600 4X4<br \/>\nATV\/UTV POLARIS 2005 SPORTSMAN 700 4X4<br \/>\nATV\/UTV POLARIS 2005 SPORTSMAN 700 MV<br \/>\nATV\/UTV POLARIS 2005 SPORTSMAN 800 EFI 4X4<br \/>\nATV\/UTV POLARIS 2005 TRAIL BOSS 330<br \/>\nATV\/UTV POLARIS 2006 MAGNUM 330 4X4<br \/>\nATV\/UTV POLARIS 2006 SCRAMBLER 500 2X4<br \/>\nATV\/UTV POLARIS 2006 SCRAMBLER 500 4X4<br \/>\nATV\/UTV POLARIS 2006 SPORTSMAN 450 4X4<br \/>\nATV\/UTV POLARIS 2006 SPORTSMAN 500 4X4<br \/>\nATV\/UTV POLARIS 2006 SPORTSMAN 700 4X4<br \/>\nATV\/UTV POLARIS 2006 SPORTSMAN 800 EFI 4X4<br \/>\nATV\/UTV POLARIS 2006 TRAIL BOSS 330<br \/>\nATV\/UTV POLARIS 2007 SCRAMBLER 500 2X4<br \/>\nATV\/UTV POLARIS 2007 SCRAMBLER 500 4X4<br \/>\nATV\/UTV POLARIS 2007 SPORTSMAN 450 4X4<br \/>\nATV\/UTV POLARIS 2007 SPORTSMAN 500 4X4<br \/>\nATV\/UTV POLARIS 2007 SPORTSMAN 700 4X4<br \/>\nATV\/UTV POLARIS 2007 SPORTSMAN 800 EFI 4X4<br \/>\nATV\/UTV POLARIS 2007 SPORTSMAN 800 X2 4X4 EFI<br \/>\nATV\/UTV POLARIS 2007 TRAIL BOSS 330<br \/>\nATV\/UTV POLARIS 2008 OUTLAW 525 IRS<br \/>\nATV\/UTV POLARIS 2008 OUTLAW 525S<br \/>\nATV\/UTV POLARIS 2008 SCRAMBLER 500 2X4<br \/>\nATV\/UTV POLARIS 2008 SCRAMBLER 500 4X4<br \/>\nATV\/UTV POLARIS 2008 SPORTSMAN 500 4X4<br \/>\nATV\/UTV POLARIS 2008 SPORTSMAN 700 X2 EFI<br \/>\nATV\/UTV POLARIS 2008 SPORTSMAN 800 EFI 4X4<br \/>\nATV\/UTV POLARIS 2008 SPORTSMAN 800 TOURING EFI 4X4<br \/>\nATV\/UTV POLARIS 2008 SPORTSMAN 800 X2 4X4 EFI<br \/>\nATV\/UTV POLARIS 2008 TRAIL BLAZER 330<br \/>\nATV\/UTV POLARIS 2008 TRAIL BOSS 330<br \/>\nATV\/UTV POLARIS 2009 OUTLAW 525 IRS<br \/>\nATV\/UTV POLARIS 2009 OUTLAW 525S<br \/>\nATV\/UTV POLARIS 2009 SCRAMBLER 500 2X4<br \/>\nATV\/UTV POLARIS 2009 SCRAMBLER 500 4X4<br \/>\nATV\/UTV POLARIS 2009 SPORTSMAN 500 4X4<br \/>\nATV\/UTV POLARIS 2009 SPORTSMAN 800 EFI 4X4<br \/>\nATV\/UTV POLARIS 2009 SPORTSMAN 800 EFI 6X6<br \/>\nATV\/UTV POLARIS 2009 SPORTSMAN 800 TOURING EFI 4X4<br \/>\nATV\/UTV POLARIS 2009 SPORTSMAN 800 X2 4X4 EFI<br \/>\nATV\/UTV POLARIS 2009 TRAIL BLAZER 330<br \/>\nATV\/UTV POLARIS 2009 TRAIL BOSS 330<br \/>\nATV\/UTV POLARIS 2010 OUTLAW 525 IRS<br \/>\nATV\/UTV POLARIS 2010 OUTLAW 525S<br \/>\nATV\/UTV POLARIS 2010 SCRAMBLER 500 2X4<br \/>\nATV\/UTV POLARIS 2010 SCRAMBLER 500 4X4<br \/>\nATV\/UTV POLARIS 2010 SPORTSMAN 500 4X4<br \/>\nATV\/UTV POLARIS 2010 SPORTSMAN 800 EFI 6X6<br \/>\nATV\/UTV POLARIS 2010 TRAIL BLAZER 330<br \/>\nATV\/UTV POLARIS 2010 TRAIL BOSS 330<br \/>\nATV\/UTV POLARIS 2011 OUTLAW 525 IRS<br \/>\nATV\/UTV POLARIS 2011 SCRAMBLER 500 2X4<br \/>\nATV\/UTV POLARIS 2011 SCRAMBLER 500 4X4<br \/>\nATV\/UTV POLARIS 2011 SPORTSMAN 500 4X4<br \/>\nATV\/UTV POLARIS 2011 SPORTSMAN 800 EFI 6X6<br \/>\nATV\/UTV POLARIS 2011 TRAIL BLAZER 330<br \/>\nATV\/UTV POLARIS 2011 TRAIL BOSS 330<br \/>\nATV\/UTV POLARIS 2012 SCRAMBLER 500 2X4<br \/>\nATV\/UTV POLARIS 2012 SCRAMBLER 500 4X4<br \/>\nATV\/UTV POLARIS 2012 SPORTSMAN 500 4X4<br \/>\nATV\/UTV POLARIS 2012 SPORTSMAN 800 EFI 6X6<br \/>\nATV\/UTV POLARIS 2012 TRAIL BLAZER 330<br \/>\nATV\/UTV POLARIS 2012 TRAIL BOSS 330<br \/>\nATV\/UTV POLARIS 2013 TRAIL BLAZER 330<\/p>","protected":false},"featured_media":9725,"comment_status":"open","ping_status":"closed","template":"","meta":{"_acf_changed":false},"demonterat-fordon":[],"fordons-typ":[642],"make":[624,636],"parts-filter":[],"prod-typ":[717],"tillverkare":[855],"product_brand":[],"product_cat":[579],"product_tag":[],"class_list":{"0":"post-9770","1":"product","2":"type-product","3":"status-publish","4":"has-post-thumbnail","6":"fordons-typ-atv-utv","7":"make-honda","8":"make-polaris","9":"prod-typ-ny","10":"tillverkare-bronco","11":"product_cat-pads","13":"first","14":"instock","15":"taxable","16":"shipping-taxable","17":"purchasable","18":"product-type-simple"},"acf":[],"_links":{"self":[{"href":"https:\/\/whitepowder.se\/en\/wp-json\/wp\/v2\/product\/9770","targetHints":{"allow":["GET"]}}],"collection":[{"href":"https:\/\/whitepowder.se\/en\/wp-json\/wp\/v2\/product"}],"about":[{"href":"https:\/\/whitepowder.se\/en\/wp-json\/wp\/v2\/types\/product"}],"replies":[{"embeddable":true,"href":"https:\/\/whitepowder.se\/en\/wp-json\/wp\/v2\/comments?post=9770"}],"wp:featuredmedia":[{"embeddable":true,"href":"https:\/\/whitepowder.se\/en\/wp-json\/wp\/v2\/media\/9725"}],"wp:attachment":[{"href":"https:\/\/whitepowder.se\/en\/wp-json\/wp\/v2\/media?parent=9770"}],"wp:term":[{"taxonomy":"demonterat-fordon","embeddable":true,"href":"https:\/\/whitepowder.se\/en\/wp-json\/wp\/v2\/demonterat-fordon?post=9770"},{"taxonomy":"fordons-typ","embeddable":true,"href":"https:\/\/whitepowder.se\/en\/wp-json\/wp\/v2\/fordons-typ?post=9770"},{"taxonomy":"make","embeddable":true,"href":"https:\/\/whitepowder.se\/en\/wp-json\/wp\/v2\/make?post=9770"},{"taxonomy":"parts-filter","embeddable":true,"href":"https:\/\/whitepowder.se\/en\/wp-json\/wp\/v2\/parts-filter?post=9770"},{"taxonomy":"prod-typ","embeddable":true,"href":"https:\/\/whitepowder.se\/en\/wp-json\/wp\/v2\/prod-typ?post=9770"},{"taxonomy":"tillverkare","embeddable":true,"href":"https:\/\/whitepowder.se\/en\/wp-json\/wp\/v2\/tillverkare?post=9770"},{"taxonomy":"product_brand","embeddable":true,"href":"https:\/\/whitepowder.se\/en\/wp-json\/wp\/v2\/product_brand?post=9770"},{"taxonomy":"product_cat","embeddable":true,"href":"https:\/\/whitepowder.se\/en\/wp-json\/wp\/v2\/product_cat?post=9770"},{"taxonomy":"product_tag","embeddable":true,"href":"https:\/\/whitepowder.se\/en\/wp-json\/wp\/v2\/product_tag?post=9770"}],"curies":[{"name":"wp","href":"https:\/\/api.w.org\/{rel}","templated":true}]}}