{"id":9780,"date":"2024-06-27T16:53:23","date_gmt":"2024-06-27T14:53:23","guid":{"rendered":"https:\/\/whitepowder.se\/?post_type=product&#038;p=9780"},"modified":"2024-09-10T12:23:42","modified_gmt":"2024-09-10T10:23:42","slug":"bronco-78-05654-brake-pads-polaris-honda-kawa","status":"publish","type":"product","link":"https:\/\/whitepowder.se\/en\/bronco-78-05654-brake-pads-polaris-honda-kawa\/","title":{"rendered":"Bronco 78-05654 &#8211; Brake Pads &#8211; Polaris , Honda , Kawa"},"content":{"rendered":"<p>Bronco 78-05654 Brake Pads &#8211; Bromsbel\u00e4gg<br \/>\nPosition: fram, Bak * Se [ Fitment ]<br \/>\nS\u00e4ljes par vis = till ett hjul<br \/>\nErs\u00e4tter original dels nummer: 2202412<\/p>\n<p>H\u00e5llbart bromsbel\u00e4gg fr\u00e5n Bronco av h\u00f6g kvalitet. Uppfyller alla tillverkares krav och fungerar utm\u00e4rkt i v\u00e5ta, dammiga och leriga situationer. L\u00e4tt att montera. Asbestfria.<\/p>\n<p>POLARIS \/ HONDA FOREMAN \/ KAWASAKI PRAIRIE<\/p>","protected":false},"excerpt":{"rendered":"<p>Bronco 78-05654 Passar enligt tillverkaren p\u00e5 :<br \/>\nM\u00e4rke Modell Fr\u00e5n \u00e5r Till \u00e5r<br \/>\nHONDA TRX400FW FOREMAN 1996 1997 FRONT<br \/>\nHONDA TRX450FE FOREMAN 2003 2004 4&#215;4 FRONT<br \/>\nHONDA TRX450FM FOREMAN 2002 2004 L 4&#215;4 FRONT<br \/>\nHONDA TRX450S 4X4 FOREMAN 1999 2000 L FRONT<br \/>\nKAWASAKI PRAIRIE KVF400 2X4 1998 1998 FRONT<br \/>\nKAWASAKI PRAIRIE KVF400 4X4 1998 1998 FRONT<br \/>\nPOLARIS 350L 2X4 1990 1993 FRONT<br \/>\nPOLARIS 350L 4X4 1990 1993 FRONT<br \/>\nPOLARIS ATP 330 2X4 2004 2005 FRONT<br \/>\nPOLARIS ATP 330 4X4 2004 2005 FRONT<br \/>\nPOLARIS ATP 500 H.O. 4X4 2004 2005 REAR<br \/>\nPOLARIS ATV\/UTV PRO 500 4X4 2002 2002 REAR<br \/>\nPOLARIS BIG BOSS 250 4X6 1989 1992 FRONT<br \/>\nPOLARIS BIG BOSS 250 6X6 1991 1993 FRONT<br \/>\nPOLARIS BIG BOSS 400L 6X6 1994 1997 FRONT<br \/>\nPOLARIS BIG BOSS 500 6X6 1998 1999 REAR<br \/>\nPOLARIS DIESEL 455 4X4 1999 2001 REAR<br \/>\nPOLARIS HAWKEYE 300 2X4 2007 2009 4&#215;4 PPS FRONT<br \/>\nPOLARIS HAWKEYE 300 4X4 2007 2009 4&#215;4 PPS FRONT<br \/>\nPOLARIS HAWKEYE 400 H.O. 2X4 2013 2014<br \/>\nPOLARIS MAGNUM 325 2X4 2000 2002 FRONT<br \/>\nPOLARIS MAGNUM 325 4X4 2000 2002 FRONT\/REAR<br \/>\nPOLARIS MAGNUM 325 HDS 4X4 2002 2002<br \/>\nPOLARIS MAGNUM 330 2X4 2003 2005 HO FRONT<br \/>\nPOLARIS MAGNUM 330 4X4 2003 2006 EFI FRONT\/REAR<br \/>\nPOLARIS MAGNUM 330 HDS 2X4 2003 2006<br \/>\nPOLARIS MAGNUM 330 HDS 4X4 2003 2006<br \/>\nPOLARIS MAGNUM 425 2X4 1995 1998 2&#215;4\/REAR<br \/>\nPOLARIS MAGNUM 425 4X4 1995 1998 2&#215;4\/REAR<br \/>\nPOLARIS MAGNUM 425 6X6 1996 1997 REAR<br \/>\nPOLARIS MAGNUM 500 2X4 1999 2003 4&#215;4 REAR<br \/>\nPOLARIS MAGNUM 500 4X4 1999 2003 L 4&#215;4 REAR<br \/>\nPOLARIS MAGNUM 500 6X6 1999 2001 L REAR<br \/>\nPOLARIS MAGNUM 500 HDS 2X4 2002 2003<br \/>\nPOLARIS MAGNUM 500 HDS 4X4 2002 2003<br \/>\nPOLARIS OUTLAW 450 2009 2010 REAR<br \/>\nPOLARIS OUTLAW 500 2006 2007 REAR<br \/>\nPOLARIS OUTLAW 500 2X4 2006 2007<br \/>\nPOLARIS PREDATOR 500 2X4 2003 2007 REAR<br \/>\nPOLARIS RZR 570 2012 2013 A1\/A2\/B1 REAR<br \/>\nPOLARIS RZR 800 2008 2013 REAR<br \/>\nPOLARIS SCRAMBLER 400 2X4 1995 2002 EFI FRONT<br \/>\nPOLARIS SCRAMBLER 400 4X4 1995 2002 REAR<br \/>\nPOLARIS SCRAMBLER 400L 4X4 1997 1997 EFI FRONT<br \/>\nPOLARIS SCRAMBLER 500 2X4 1997 2012 REAR<br \/>\nPOLARIS SCRAMBLER 500 4X4 1997 2013 REAR<br \/>\nPOLARIS SPORT 400 2X4 1999 2000 EFI FRONT<br \/>\nPOLARIS SPORT 400L 4X4 1994 1998 EFI FRONT<br \/>\nPOLARIS SPORTSMAN 300 4X4 2008 2010 FRONT\/Mid Axle Brake<br \/>\nPOLARIS SPORTSMAN 335 1999 2000 REAR<br \/>\nPOLARIS SPORTSMAN 400 4X4 2001 2004 REAR<br \/>\nPOLARIS SPORTSMAN 400 H.O. 2008 2014<br \/>\nPOLARIS SPORTSMAN 400 H.O. 4X4 2008 2013 EFI\/Intl.\/HO FRONT<br \/>\nPOLARIS SPORTSMAN 400L 4X4 1994 1997 REAR<br \/>\nPOLARIS SPORTSMAN 450 4X4 2006 2007 REAR<br \/>\nPOLARIS SPORTSMAN 450 H.O. 2016 2020<br \/>\nPOLARIS SPORTSMAN 500 4X4 1996 2012 REAR<br \/>\nPOLARIS SPORTSMAN 500 4X4 EFI 2003 2008<br \/>\nPOLARIS SPORTSMAN 500 4X4 H.O. 2003 2013<br \/>\nPOLARIS SPORTSMAN 500 6X6 2000 2008 REAR<br \/>\nPOLARIS SPORTSMAN 500 EFI TOURING 2008 2013<br \/>\nPOLARIS SPORTSMAN 500 FOREST 2012 2012<br \/>\nPOLARIS SPORTSMAN 500 TOURING 2008 2013<br \/>\nPOLARIS SPORTSMAN 500 X2 4X4 2003 2009 REAR<br \/>\nPOLARIS SPORTSMAN 570 EFI 2011 2020<br \/>\nPOLARIS SPORTSMAN 570 TOURING EFI 2014 2020<br \/>\nPOLARIS SPORTSMAN 600 4X4 2003 2005 REAR\/Freedom<br \/>\nPOLARIS SPORTSMAN 700 4X4 2002 2007 Mose REAR<br \/>\nPOLARIS SPORTSMAN 700 4X4 EFI 2002 2007<br \/>\nPOLARIS SPORTSMAN 700 EFI X2 2008 2008<br \/>\nPOLARIS SPORTSMAN 700 MV 2005 2005 REAR<br \/>\nPOLARIS SPORTSMAN 700 X2 EFI 2008 2008 Mose REAR<br \/>\nPOLARIS SPORTSMAN 800 EFI 4X4 2005 2014 REAR<br \/>\nPOLARIS SPORTSMAN 800 EFI 6X6 2009 2012 REAR<br \/>\nPOLARIS SPORTSMAN 800 H.O. EFI 4X4 2007 2011<br \/>\nPOLARIS SPORTSMAN 800 TOURING EFI 4X4 2008 2009 REAR<br \/>\nPOLARIS SPORTSMAN 800 X2 4X4 EFI 2007 2009 Worker\/REAR<br \/>\nPOLARIS SPORTSMAN ACE 500 2017 2019<br \/>\nPOLARIS TRAIL BLAZER 250 1990 2006 MXR REAR<br \/>\nPOLARIS TRAIL BLAZER 330 2008 2013 FOREST FRONT<br \/>\nPOLARIS TRAIL BLAZER 400 2003 2003 REAR<br \/>\nPOLARIS TRAIL BOSS 250 2X4 1988 1999<br \/>\nPOLARIS TRAIL BOSS 250 4X4 1988 1999<br \/>\nPOLARIS TRAIL BOSS 325 2X4 2000 2002 TLD\/FRONT\/REAR<br \/>\nPOLARIS TRAIL BOSS 330 2003 2013 TLD\/fram\/Bak<br \/>\nPOLARIS XPEDITION 325 4X4 2000 2002 2x44x4 FRONT<br \/>\nPOLARIS XPLORER 250 2X4 2000 2000 4&#215;4 FRONT\/REAR<br \/>\nPOLARIS XPLORER 250 4X4 2000 2000 4&#215;4 FRONT\/REAR<br \/>\nPOLARIS XPLORER 300 4X4 1996 2000 HDS FRONT<br \/>\nPOLARIS XPLORER 400 4X4 1995 2002 REAR<br \/>\nPOLARIS XPLORER 400L 4X4 1995 2002 REAR<br \/>\nPOLARIS XPLORER 500 4X4 1997 1997 REAR<br \/>\nPOLARIS XPRESS 300 1996 1997<br \/>\nPOLARIS XPRESS 300L 1996 1997 HDS FRONT<br \/>\nPOLARIS XPRESS 400 1996 1997 REAR<br \/>\nPOLARIS XPRESS 400L 2X4 1996 1997<\/p>","protected":false},"featured_media":9715,"comment_status":"open","ping_status":"closed","template":"","meta":{"_acf_changed":false},"demonterat-fordon":[],"fordons-typ":[642],"make":[624,625,636],"parts-filter":[],"prod-typ":[717],"tillverkare":[855],"product_brand":[],"product_cat":[579],"product_tag":[],"class_list":{"0":"post-9780","1":"product","2":"type-product","3":"status-publish","4":"has-post-thumbnail","6":"fordons-typ-atv-utv","7":"make-honda","8":"make-kawasaki","9":"make-polaris","10":"prod-typ-ny","11":"tillverkare-bronco","12":"product_cat-pads","14":"first","15":"instock","16":"taxable","17":"shipping-taxable","18":"purchasable","19":"product-type-simple"},"acf":[],"_links":{"self":[{"href":"https:\/\/whitepowder.se\/en\/wp-json\/wp\/v2\/product\/9780","targetHints":{"allow":["GET"]}}],"collection":[{"href":"https:\/\/whitepowder.se\/en\/wp-json\/wp\/v2\/product"}],"about":[{"href":"https:\/\/whitepowder.se\/en\/wp-json\/wp\/v2\/types\/product"}],"replies":[{"embeddable":true,"href":"https:\/\/whitepowder.se\/en\/wp-json\/wp\/v2\/comments?post=9780"}],"wp:featuredmedia":[{"embeddable":true,"href":"https:\/\/whitepowder.se\/en\/wp-json\/wp\/v2\/media\/9715"}],"wp:attachment":[{"href":"https:\/\/whitepowder.se\/en\/wp-json\/wp\/v2\/media?parent=9780"}],"wp:term":[{"taxonomy":"demonterat-fordon","embeddable":true,"href":"https:\/\/whitepowder.se\/en\/wp-json\/wp\/v2\/demonterat-fordon?post=9780"},{"taxonomy":"fordons-typ","embeddable":true,"href":"https:\/\/whitepowder.se\/en\/wp-json\/wp\/v2\/fordons-typ?post=9780"},{"taxonomy":"make","embeddable":true,"href":"https:\/\/whitepowder.se\/en\/wp-json\/wp\/v2\/make?post=9780"},{"taxonomy":"parts-filter","embeddable":true,"href":"https:\/\/whitepowder.se\/en\/wp-json\/wp\/v2\/parts-filter?post=9780"},{"taxonomy":"prod-typ","embeddable":true,"href":"https:\/\/whitepowder.se\/en\/wp-json\/wp\/v2\/prod-typ?post=9780"},{"taxonomy":"tillverkare","embeddable":true,"href":"https:\/\/whitepowder.se\/en\/wp-json\/wp\/v2\/tillverkare?post=9780"},{"taxonomy":"product_brand","embeddable":true,"href":"https:\/\/whitepowder.se\/en\/wp-json\/wp\/v2\/product_brand?post=9780"},{"taxonomy":"product_cat","embeddable":true,"href":"https:\/\/whitepowder.se\/en\/wp-json\/wp\/v2\/product_cat?post=9780"},{"taxonomy":"product_tag","embeddable":true,"href":"https:\/\/whitepowder.se\/en\/wp-json\/wp\/v2\/product_tag?post=9780"}],"curies":[{"name":"wp","href":"https:\/\/api.w.org\/{rel}","templated":true}]}}