{"id":9812,"date":"2024-06-27T16:52:55","date_gmt":"2024-06-27T14:52:55","guid":{"rendered":"https:\/\/whitepowder.se\/?post_type=product&#038;p=9812"},"modified":"2025-01-23T21:44:26","modified_gmt":"2025-01-23T20:44:26","slug":"brembo-07gr49sd-brake-pads","status":"publish","type":"product","link":"https:\/\/whitepowder.se\/en\/brembo-07gr49sd-brake-pads\/","title":{"rendered":"Brembo 07GR49SD &#8211; Brake pads"},"content":{"rendered":"<p>Brembo 07GR49SD Bromsbel\u00e4gg Sintered Off-Road<\/p>\n<p>Brembos bromsbel\u00e4gg i SD-serien \u00e4r speciellt utvecklade f\u00f6r enduroanv\u00e4ndning.<br \/>\nTack vare den sintrade legeringen f\u00e5r du smidig prestanda under alla f\u00f6rh\u00e5llanden.<br \/>\nSD-seriens bromsbel\u00e4gg har mildare egenskaper j\u00e4mf\u00f6rt med SX-seriens bromsbel\u00e4gg, vilket ger en b\u00e4ttre bromsk\u00e4nsla.<\/p>\n<p>Can-Am , Suzuki , Yamaha<br \/>\nPosition * se [ Fitment ]<\/p>","protected":false},"excerpt":{"rendered":"<p>Brembo 07GR49SD Passar enligt tillverkaren p\u00e5 :<br \/>\nCan-Am<br \/>\nDS 250 (2006) Position: Rear<br \/>\nDS 250 (2009) Position: Rear<br \/>\nDS 250 (2007) Position: Rear<br \/>\nDS 250 (2010) Position: Rear<br \/>\nDS 250 (2008) Position: Rear<br \/>\nDS 650 (2003) Position: Rear<br \/>\nDS 650 (2005) Position: Rear<br \/>\nDS 650 (2001) Position: Rear<br \/>\nDS 650 (2004) Position: Rear<br \/>\nDS 650 (2002) Position: Rear<br \/>\nDS 650 (2000) Position: Rear<br \/>\nDS 650 BAJA (2004) Position: Rear<br \/>\nDS 650 BAJA (2003) Position: Rear<br \/>\nDS 650 BAJA (2002) Position: Rear<br \/>\nDS 650 X (2006) Position: Rear<br \/>\nDS 650 X (2004) Position: Rear<br \/>\nDS 650 X (2007) Position: Rear<br \/>\nDS 650 X (2005) Position: Rear<br \/>\nOUTLANDER 330 2WD (2005) Position: Rear<br \/>\nOUTLANDER 330 2WD (2004) Position: Rear<br \/>\nOUTLANDER 330 4WD (2004) Position: Rear<br \/>\nOUTLANDER 330 4WD (2005) Position: Rear<br \/>\nQUEST 500 4WD (2003) Position: Rear<br \/>\nQUEST 500 4WD (2002) Position: Rear<br \/>\nQUEST 500 4WD (2004) Position: Rear<br \/>\nQUEST 500 XT 4WD (2004) Position: Rear<br \/>\nQUEST 500 XT 4WD (2002) Position: Rear<br \/>\nQUEST 500 XT 4WD (2003) Position: Rear<br \/>\nQUEST 650 4WD (2004) Position: Rear<br \/>\nQUEST 650 4WD (2003) Position: Rear<br \/>\nQUEST 650 XT 4WD (2003) Position: Rear<br \/>\nQUEST 650 XT 4WD (2004) Position: Rear<br \/>\nQUEST MAX 650 4WD (2004) Position: Rear<br \/>\nQUEST MAX 650 XT 4WD (2004) Position: Rear<\/p>\n<p>Suzuki<br \/>\nUH 200 BURGMAN (2015) Position: Rear<br \/>\nUH 200 BURGMAN (2014) Position: Rear<br \/>\nUH 200 BURGMAN (2016) Position: Rear<br \/>\nUH 200 BURGMAN ABS (2019) Position: Rear<br \/>\nUH 200 BURGMAN ABS (2015) Position: Rear<br \/>\nUH 200 BURGMAN ABS (2017) Position: Rear<br \/>\nUH 200 BURGMAN ABS (2016) Position: Rear<br \/>\nUH 200 BURGMAN ABS (2014) Position: Rear<br \/>\nUH 200 BURGMAN ABS (2020) Position: Rear<br \/>\nUH 200 BURGMAN ABS (2018) Position: Rear<\/p>\n<p>Yamaha<br \/>\nYFM 400 BIG BEAR PRO 2WD (2002) Position: Rear<br \/>\nYFM 400 BIG BEAR PRO 2WD (2003) Position: Rear<br \/>\nYFM 400 BIG BEAR PRO 2WD (2005) Position: Rear<br \/>\nYFM 400 BIG BEAR PRO 2WD (2004) Position: Rear<br \/>\nYFM 400 KODIAK 4WD (2000) Position: Rear<br \/>\nYFM 400 KODIAK 4WD (2002) Position: Rear<br \/>\nYFM 400 KODIAK 4WD (2001) Position: Rear<br \/>\nYFM 450 KODIAK 4WD (2006) Position: Rear<br \/>\nYFM 450 KODIAK 4WD (2005) Position: Rear<br \/>\nYFM 450 KODIAK 4WD (2004) Position: Rear<br \/>\nYFM 450 KODIAK 4WD (2003) Position: Rear<br \/>\nYFM 450 KODIAK CAMO 4WD (2005) Position: Rear<br \/>\nYFM 450 KODIAK CAMO 4WD (2006) Position: Rear<br \/>\nYFM 450 WOLVERINE 4WD (2009) Position: Rear<br \/>\nYFM 450 WOLVERINE 4WD (2006) Position: Rear<br \/>\nYFM 450 WOLVERINE 4WD (2010) Position: Rear<br \/>\nYFM 450 WOLVERINE 4WD (2007) Position: Rear<br \/>\nYFM 450 WOLVERINE 4WD (2008) Position: Rear<br \/>\nYFM 450 WOLVERINE SPECIAL EDITION 4WD (2008) Position: Rear<br \/>\nYFM 450 WOLVERINE SPECIAL EDITION 4WD (2007) Position: Rear<\/p>","protected":false},"featured_media":9735,"comment_status":"open","ping_status":"closed","template":"","meta":{"_acf_changed":false},"demonterat-fordon":[],"fordons-typ":[642],"make":[623,626,631],"parts-filter":[],"prod-typ":[717],"tillverkare":[997],"product_brand":[],"product_cat":[579],"product_tag":[],"class_list":{"0":"post-9812","1":"product","2":"type-product","3":"status-publish","4":"has-post-thumbnail","6":"fordons-typ-atv-utv","7":"make-can-am","8":"make-suzuki","9":"make-yamaha","10":"prod-typ-ny","11":"tillverkare-brembo","12":"product_cat-pads","14":"first","15":"instock","16":"taxable","17":"shipping-taxable","18":"purchasable","19":"product-type-simple"},"acf":[],"_links":{"self":[{"href":"https:\/\/whitepowder.se\/en\/wp-json\/wp\/v2\/product\/9812","targetHints":{"allow":["GET"]}}],"collection":[{"href":"https:\/\/whitepowder.se\/en\/wp-json\/wp\/v2\/product"}],"about":[{"href":"https:\/\/whitepowder.se\/en\/wp-json\/wp\/v2\/types\/product"}],"replies":[{"embeddable":true,"href":"https:\/\/whitepowder.se\/en\/wp-json\/wp\/v2\/comments?post=9812"}],"wp:featuredmedia":[{"embeddable":true,"href":"https:\/\/whitepowder.se\/en\/wp-json\/wp\/v2\/media\/9735"}],"wp:attachment":[{"href":"https:\/\/whitepowder.se\/en\/wp-json\/wp\/v2\/media?parent=9812"}],"wp:term":[{"taxonomy":"demonterat-fordon","embeddable":true,"href":"https:\/\/whitepowder.se\/en\/wp-json\/wp\/v2\/demonterat-fordon?post=9812"},{"taxonomy":"fordons-typ","embeddable":true,"href":"https:\/\/whitepowder.se\/en\/wp-json\/wp\/v2\/fordons-typ?post=9812"},{"taxonomy":"make","embeddable":true,"href":"https:\/\/whitepowder.se\/en\/wp-json\/wp\/v2\/make?post=9812"},{"taxonomy":"parts-filter","embeddable":true,"href":"https:\/\/whitepowder.se\/en\/wp-json\/wp\/v2\/parts-filter?post=9812"},{"taxonomy":"prod-typ","embeddable":true,"href":"https:\/\/whitepowder.se\/en\/wp-json\/wp\/v2\/prod-typ?post=9812"},{"taxonomy":"tillverkare","embeddable":true,"href":"https:\/\/whitepowder.se\/en\/wp-json\/wp\/v2\/tillverkare?post=9812"},{"taxonomy":"product_brand","embeddable":true,"href":"https:\/\/whitepowder.se\/en\/wp-json\/wp\/v2\/product_brand?post=9812"},{"taxonomy":"product_cat","embeddable":true,"href":"https:\/\/whitepowder.se\/en\/wp-json\/wp\/v2\/product_cat?post=9812"},{"taxonomy":"product_tag","embeddable":true,"href":"https:\/\/whitepowder.se\/en\/wp-json\/wp\/v2\/product_tag?post=9812"}],"curies":[{"name":"wp","href":"https:\/\/api.w.org\/{rel}","templated":true}]}}