{"id":9860,"date":"2024-06-27T16:52:38","date_gmt":"2024-06-27T14:52:38","guid":{"rendered":"https:\/\/whitepowder.se\/?post_type=product&#038;p=9860"},"modified":"2024-09-10T12:24:19","modified_gmt":"2024-09-10T10:24:19","slug":"bronco-78-04348-bussningssats-till-a-arm-can-am","status":"publish","type":"product","link":"https:\/\/whitepowder.se\/en\/bronco-78-04348-bussningssats-till-a-arm-can-am\/","title":{"rendered":"Bronco 78-04348 &#8211; Bussningssats \u00f6vre undre till A-arm Can Am"},"content":{"rendered":"<p>Bronco 78-04348 Bussningssats \u00f6vre undre till A-arm Can-Am<\/p>\n<p>Ers\u00e4tter original dels nummer: 706200181 , 706201587<\/p>","protected":false},"excerpt":{"rendered":"<p>Bronco 78-04348 Passar enligt tillverkaren p\u00e5 :<br \/>\nM\u00e4rke Modell Fr\u00e5n \u00e5r Till \u00e5r Till\u00e4ggsinfo<br \/>\nCAN-AM COMMANDER 1000 2011 2013 FRONT<br \/>\nCAN-AM COMMANDER 1000 DPS 2016 2018<br \/>\nCAN-AM COMMANDER 1000 LTD 2016 2018<br \/>\nCAN-AM COMMANDER 1000 XT 2016 2018<br \/>\nCAN-AM COMMANDER 1000 XTP 2014 2017<br \/>\nCAN-AM COMMANDER 800 2011 2013 FRONT<br \/>\nCAN-AM COMMANDER 800 DPS 2013 2018<br \/>\nCAN-AM COMMANDER MAX 1000 2015 2018<br \/>\nCAN-AM COMMANDER MAX 1000 DPS 2014 2018<br \/>\nCAN-AM COMMANDER MAX 1000 LTD 2014 2018<br \/>\nCAN-AM COMMANDER MAX 1000 XT 2014 2018<br \/>\nCAN-AM COMMANDER MAX 800 DPS 2016 2018<br \/>\nCAN-AM COMMANDER MAX 800 LTD 2016 2018<br \/>\nCAN-AM DEFENDER 1000 2016 2018<br \/>\nCAN-AM DEFENDER 1000 DPS 2016 2018<br \/>\nCAN-AM DEFENDER 1000 MAX DPS 2017 2018<br \/>\nCAN-AM DEFENDER 1000 MAX XT 2017 2018<br \/>\nCAN-AM DEFENDER 1000 XT 2016 2018<br \/>\nCAN-AM DEFENDER 500 2017 2018<br \/>\nCAN-AM DEFENDER 500 DPS 2017 2018<br \/>\nCAN-AM DEFENDER 800 2016 2018<br \/>\nCAN-AM DEFENDER 800 DPS 2016 2018<br \/>\nCAN-AM DEFENDER 800 XT 2016 2018<br \/>\nCAN-AM DS450 2008 2014 FRONT<br \/>\nCAN-AM OUTLANDER 1000 2012 2014 FRONT<br \/>\nCAN-AM OUTLANDER 1000 6X6 2014 2014 FRONT<br \/>\nCAN-AM OUTLANDER 1000 DPS EFI 2017 2018<br \/>\nCAN-AM OUTLANDER 1000 MAX 4&#215;4 2013 2014<br \/>\nCAN-AM OUTLANDER 1000 MAX XT 4X4 2013 2014<br \/>\nCAN-AM OUTLANDER 1000 XMR 2013 2014<br \/>\nCAN-AM OUTLANDER 330 2004 2005 FRONT<br \/>\nCAN-AM OUTLANDER 400 2003 2014 FRONT<br \/>\nCAN-AM OUTLANDER 450 DPS EFI 2016 2018<br \/>\nCAN-AM OUTLANDER 450 MAX DPS EFI 2016 2018<br \/>\nCAN-AM OUTLANDER 500 2007 2012 FRONT<br \/>\nCAN-AM OUTLANDER 500 4X4 2013 2015<br \/>\nCAN-AM OUTLANDER 500 4X4 XT 2013 2014<br \/>\nCAN-AM OUTLANDER 500 MAX 4&#215;4 2013 2014<br \/>\nCAN-AM OUTLANDER 500 MAX XT 4X4 2013 2014<br \/>\nCAN-AM OUTLANDER 570 DPS 2016 2018<br \/>\nCAN-AM OUTLANDER 570 MAX 2016 2018<br \/>\nCAN-AM OUTLANDER 570 XMR EFI 2016 2018<br \/>\nCAN-AM OUTLANDER 650 2007 2014 FRONT<br \/>\nCAN-AM OUTLANDER 650 XMR 2013 2015<br \/>\nCAN-AM OUTLANDER 800 2006 2014 FRONT<br \/>\nCAN-AM OUTLANDER 850 DPS 2017 2018<br \/>\nCAN-AM OUTLANDER 850 MAX DPS 2017 2018<br \/>\nCAN-AM OUTLANDER L 450 EFI 2015 2016<br \/>\nCAN-AM OUTLANDER L MAX 450 EFI 2015 2016<br \/>\nCAN-AM QUEST 500 4X4 2002 2003 FRONT<br \/>\nCAN-AM QUEST 650 4X4 2003 2004 FRONT<br \/>\nCAN-AM RENEGADE 1000 2012 2014 REAR<br \/>\nCAN-AM RENEGADE 500 2008 2014 REAR<br \/>\nCAN-AM RENEGADE 570 EFI 2016 2018<br \/>\nCAN-AM RENEGADE 800 2007 2013 REAR<br \/>\nCAN-AM RENEGADE 850 2016 2018<br \/>\nCAN-AM RENEGADE 850 XXC 4X4 2016 2018<br \/>\nCAN-AM TRAXTER 500 4X4 2001 2005 REAR<br \/>\nCAN-AM TRAXTER 650 4X4 2005 2005 REAR<\/p>","protected":false},"featured_media":9727,"comment_status":"open","ping_status":"closed","template":"","meta":{"_acf_changed":false},"demonterat-fordon":[],"fordons-typ":[642],"make":[623],"parts-filter":[],"prod-typ":[717],"tillverkare":[855],"product_brand":[],"product_cat":[1015,276],"product_tag":[],"class_list":{"0":"post-9860","1":"product","2":"type-product","3":"status-publish","4":"has-post-thumbnail","6":"fordons-typ-atv-utv","7":"make-can-am","8":"prod-typ-ny","9":"tillverkare-bronco","10":"product_cat-bussningar-front-susp","11":"product_cat-bussningar","13":"first","14":"instock","15":"taxable","16":"shipping-taxable","17":"purchasable","18":"product-type-simple"},"acf":[],"_links":{"self":[{"href":"https:\/\/whitepowder.se\/en\/wp-json\/wp\/v2\/product\/9860","targetHints":{"allow":["GET"]}}],"collection":[{"href":"https:\/\/whitepowder.se\/en\/wp-json\/wp\/v2\/product"}],"about":[{"href":"https:\/\/whitepowder.se\/en\/wp-json\/wp\/v2\/types\/product"}],"replies":[{"embeddable":true,"href":"https:\/\/whitepowder.se\/en\/wp-json\/wp\/v2\/comments?post=9860"}],"wp:featuredmedia":[{"embeddable":true,"href":"https:\/\/whitepowder.se\/en\/wp-json\/wp\/v2\/media\/9727"}],"wp:attachment":[{"href":"https:\/\/whitepowder.se\/en\/wp-json\/wp\/v2\/media?parent=9860"}],"wp:term":[{"taxonomy":"demonterat-fordon","embeddable":true,"href":"https:\/\/whitepowder.se\/en\/wp-json\/wp\/v2\/demonterat-fordon?post=9860"},{"taxonomy":"fordons-typ","embeddable":true,"href":"https:\/\/whitepowder.se\/en\/wp-json\/wp\/v2\/fordons-typ?post=9860"},{"taxonomy":"make","embeddable":true,"href":"https:\/\/whitepowder.se\/en\/wp-json\/wp\/v2\/make?post=9860"},{"taxonomy":"parts-filter","embeddable":true,"href":"https:\/\/whitepowder.se\/en\/wp-json\/wp\/v2\/parts-filter?post=9860"},{"taxonomy":"prod-typ","embeddable":true,"href":"https:\/\/whitepowder.se\/en\/wp-json\/wp\/v2\/prod-typ?post=9860"},{"taxonomy":"tillverkare","embeddable":true,"href":"https:\/\/whitepowder.se\/en\/wp-json\/wp\/v2\/tillverkare?post=9860"},{"taxonomy":"product_brand","embeddable":true,"href":"https:\/\/whitepowder.se\/en\/wp-json\/wp\/v2\/product_brand?post=9860"},{"taxonomy":"product_cat","embeddable":true,"href":"https:\/\/whitepowder.se\/en\/wp-json\/wp\/v2\/product_cat?post=9860"},{"taxonomy":"product_tag","embeddable":true,"href":"https:\/\/whitepowder.se\/en\/wp-json\/wp\/v2\/product_tag?post=9860"}],"curies":[{"name":"wp","href":"https:\/\/api.w.org\/{rel}","templated":true}]}}