{"id":9875,"date":"2024-06-27T16:52:23","date_gmt":"2024-06-27T14:52:23","guid":{"rendered":"https:\/\/whitepowder.se\/?post_type=product&#038;p=9875"},"modified":"2024-09-10T12:22:43","modified_gmt":"2024-09-10T10:22:43","slug":"bronco-78-08566-styrled-tie-rod-end","status":"publish","type":"product","link":"https:\/\/whitepowder.se\/en\/bronco-78-08566-styrled-tie-rod-end\/","title":{"rendered":"Bronco 78-08566 &#8211; Styrled &#8211; Tie rod end"},"content":{"rendered":"<p>Bronco 78-08566 Tie rod end , Styrled inre,yttre Kawasaki,Suzuki,Yamaha<\/p>","protected":false},"excerpt":{"rendered":"<p>Bronco 78-08566 Passar enligt tillverkaren p\u00e5 :<br \/>\nM\u00e4rke Modell Fr\u00e5n \u00e5r Till \u00e5r Till\u00e4ggsinfo<br \/>\nKAWASAKI KFX450R 2008 2014<br \/>\nSUZUKI KING QUAD 500X LTA 2009 2010<br \/>\nSUZUKI KING QUAD 750X LTA 2011 2011<br \/>\nSUZUKI LTZ400 2009 2014<br \/>\nSUZUKI QUADRACER LT450R 2006 2011<br \/>\nYAMAHA RAPTOR 700 2006 2013<br \/>\nYAMAHA YFZ 450R 2009 2013<\/p>","protected":false},"featured_media":9698,"comment_status":"open","ping_status":"closed","template":"","meta":{"_acf_changed":false},"demonterat-fordon":[],"fordons-typ":[642],"make":[625,626,631],"parts-filter":[],"prod-typ":[717],"tillverkare":[855],"product_brand":[],"product_cat":[1119,1019],"product_tag":[],"class_list":{"0":"post-9875","1":"product","2":"type-product","3":"status-publish","4":"has-post-thumbnail","6":"fordons-typ-atv-utv","7":"make-kawasaki","8":"make-suzuki","9":"make-yamaha","10":"prod-typ-ny","11":"tillverkare-bronco","12":"product_cat-kulled-styrleder","13":"product_cat-styrled-tie-rod-end","15":"first","16":"instock","17":"taxable","18":"shipping-taxable","19":"purchasable","20":"product-type-simple"},"acf":[],"_links":{"self":[{"href":"https:\/\/whitepowder.se\/en\/wp-json\/wp\/v2\/product\/9875","targetHints":{"allow":["GET"]}}],"collection":[{"href":"https:\/\/whitepowder.se\/en\/wp-json\/wp\/v2\/product"}],"about":[{"href":"https:\/\/whitepowder.se\/en\/wp-json\/wp\/v2\/types\/product"}],"replies":[{"embeddable":true,"href":"https:\/\/whitepowder.se\/en\/wp-json\/wp\/v2\/comments?post=9875"}],"wp:featuredmedia":[{"embeddable":true,"href":"https:\/\/whitepowder.se\/en\/wp-json\/wp\/v2\/media\/9698"}],"wp:attachment":[{"href":"https:\/\/whitepowder.se\/en\/wp-json\/wp\/v2\/media?parent=9875"}],"wp:term":[{"taxonomy":"demonterat-fordon","embeddable":true,"href":"https:\/\/whitepowder.se\/en\/wp-json\/wp\/v2\/demonterat-fordon?post=9875"},{"taxonomy":"fordons-typ","embeddable":true,"href":"https:\/\/whitepowder.se\/en\/wp-json\/wp\/v2\/fordons-typ?post=9875"},{"taxonomy":"make","embeddable":true,"href":"https:\/\/whitepowder.se\/en\/wp-json\/wp\/v2\/make?post=9875"},{"taxonomy":"parts-filter","embeddable":true,"href":"https:\/\/whitepowder.se\/en\/wp-json\/wp\/v2\/parts-filter?post=9875"},{"taxonomy":"prod-typ","embeddable":true,"href":"https:\/\/whitepowder.se\/en\/wp-json\/wp\/v2\/prod-typ?post=9875"},{"taxonomy":"tillverkare","embeddable":true,"href":"https:\/\/whitepowder.se\/en\/wp-json\/wp\/v2\/tillverkare?post=9875"},{"taxonomy":"product_brand","embeddable":true,"href":"https:\/\/whitepowder.se\/en\/wp-json\/wp\/v2\/product_brand?post=9875"},{"taxonomy":"product_cat","embeddable":true,"href":"https:\/\/whitepowder.se\/en\/wp-json\/wp\/v2\/product_cat?post=9875"},{"taxonomy":"product_tag","embeddable":true,"href":"https:\/\/whitepowder.se\/en\/wp-json\/wp\/v2\/product_tag?post=9875"}],"curies":[{"name":"wp","href":"https:\/\/api.w.org\/{rel}","templated":true}]}}