{"id":9880,"date":"2024-06-27T16:52:18","date_gmt":"2024-06-27T14:52:18","guid":{"rendered":"https:\/\/whitepowder.se\/?post_type=product&#038;p=9880"},"modified":"2024-09-10T12:22:32","modified_gmt":"2024-09-10T10:22:32","slug":"bronco-79-06622-ball-bearing-kit","status":"publish","type":"product","link":"https:\/\/whitepowder.se\/en\/bronco-79-06622-ball-bearing-kit\/","title":{"rendered":"Bronco 79-06622 &#8211; Ball Bearing kit"},"content":{"rendered":"<p>Bronco 79-06622 Hjullagersats &#8211; Ball Bearing kit , Polaris<\/p>\n<p>Inneh\u00e5ller 1st hjullager<\/p>","protected":false},"excerpt":{"rendered":"<p>Bronco 79-06622 Passar enligt tillverkaren p\u00e5 :<br \/>\nM\u00e4rke Modell Fr\u00e5n \u00e5r Till \u00e5r Till\u00e4ggsinfo<br \/>\nPOLARIS ATP 330 2X4 2004 2005 FRONT\/REAR<br \/>\nPOLARIS ATP 330 4X4 2004 2005 FRONT\/REAR<br \/>\nPOLARIS ATP 500 H.O. 4X4 2004 2005 FRONT<br \/>\nPOLARIS ATV\/UTV PRO 500 4X4 2002 2002 FRONT w\/AT\/MT<br \/>\nPOLARIS HAWKEYE 300 2X4 2006 2011 FRONT EFI<br \/>\nPOLARIS HAWKEYE 300 4X4 2006 2011 FRONT EFI<br \/>\nPOLARIS HAWKEYE 325 2X4 2014 2016<br \/>\nPOLARIS HAWKEYE 400 H.O. 2X4 2011 2014<br \/>\nPOLARIS MAGNUM 325 2X4 2002 2002 FRONT EFI<br \/>\nPOLARIS MAGNUM 325 4X4 2001 2002 FRONT EFI<br \/>\nPOLARIS MAGNUM 325 HDS 4X4 2001 2002<br \/>\nPOLARIS MAGNUM 330 2X4 2003 2005 FRONT\/REAR<br \/>\nPOLARIS MAGNUM 330 4X4 2003 2005 FRONT\/REAR<br \/>\nPOLARIS MAGNUM 425 2X4 1995 1998<br \/>\nPOLARIS MAGNUM 500 2X4 2002 2002 FRONT<br \/>\nPOLARIS MAGNUM 500 4X4 2002 2003 FRONT\/REAR FIS<br \/>\nPOLARIS MAGNUM 500 HDS 2X4 2002 2002<br \/>\nPOLARIS OUTLAW 450 2008 2010<br \/>\nPOLARIS OUTLAW 500 2006 2007 FRONT w\/AT V2<br \/>\nPOLARIS OUTLAW 525 2007 2007 FRONT\/REAR<br \/>\nPOLARIS OUTLAW 525 IRS 2008 2011 FRONT\/REAR Cruiser<br \/>\nPOLARIS OUTLAW 525S 2008 2010<br \/>\nPOLARIS RANGER 325 ETX 2014 2016<br \/>\nPOLARIS RANGER 400 4X4 2010 2014 FRONT w\/AT<br \/>\nPOLARIS RANGER 500 2X4 2008 2009 FRONT\/REAR<br \/>\nPOLARIS RANGER 500 4X4 2005 2021 FRONT\/REAR LDT EFI<br \/>\nPOLARIS RANGER 500 4X4 EFI 2006 2021<br \/>\nPOLARIS RANGER 500 6X6 2004 2005 FRONT\/REAR XTZ<br \/>\nPOLARIS RANGER 570 4X4 2014 2020<br \/>\nPOLARIS RANGER 700 4X4 EFI 2005 2008 FRONT\/REAR Utility 4&#215;4<br \/>\nPOLARIS RANGER 700 6X6 EFI 2006 2009 FRONT\/REAR<br \/>\nPOLARIS RANGER 700 CREW 2008 2009<br \/>\nPOLARIS SCRAMBLER 500 2X4 2010 2012 FRONT\/REAR<br \/>\nPOLARIS SCRAMBLER 500 4X4 2010 2012 FRONT\/REAR<br \/>\nPOLARIS SPORTSMAN 300 4X4 2008 2010 FRONT EFI<br \/>\nPOLARIS SPORTSMAN 325 ETX 2014 2016<br \/>\nPOLARIS SPORTSMAN 400 4X4 2004 2005 FRONT\/REAR w\/AT\/MT<br \/>\nPOLARIS SPORTSMAN 400 H.O. 4X4 2008 2014 FRONT\/REAR FIS w\/AT\/MT<br \/>\nPOLARIS SPORTSMAN 450 4X4 2006 2007 FRONT<br \/>\nPOLARIS SPORTSMAN 450 H.O. 2016 2020<br \/>\nPOLARIS SPORTSMAN 500 4X4 2004 2013 FRONT\/REAR<br \/>\nPOLARIS SPORTSMAN 500 4X4 EFI 2009 2010<br \/>\nPOLARIS SPORTSMAN 500 4X4 H.O. 2005 2014<br \/>\nPOLARIS SPORTSMAN 500 FOREST 2011 2013<br \/>\nPOLARIS SPORTSMAN 500 FOREST TRACTOR 2011 2012<br \/>\nPOLARIS SPORTSMAN 500 TOURING 2008 2013 FRONT\/REAR LTD<br \/>\nPOLARIS SPORTSMAN 500 X2 4X4 2006 2009 FRONT GT<br \/>\nPOLARIS SPORTSMAN 570 4X4 2014 2020<br \/>\nPOLARIS SPORTSMAN 600 4X4 2003 2005 FRONT\/REAR<br \/>\nPOLARIS SPORTSMAN 700 4X4 2002 2007 FRONT\/REAR FIS<br \/>\nPOLARIS SPORTSMAN 700 MV 2005 2005 FRONT\/REAR FIS w\/AT<br \/>\nPOLARIS SPORTSMAN 700 TWIN 4X4 EFI 2005 2008<br \/>\nPOLARIS SPORTSMAN 700 X2 EFI 2008 2008 FRONT\/REAR FIS w\/AT\/w\/MT<br \/>\nPOLARIS SPORTSMAN 800 EFI 4X4 2005 2012 FRONT\/REAR FIS w\/AT\/MT<br \/>\nPOLARIS SPORTSMAN 800 EFI 6X6 2005 2014 FRONT\/REAR 4&#215;4<br \/>\nPOLARIS SPORTSMAN 800 FOREST 6X6 2012 2015 FRONT\/REAR<br \/>\nPOLARIS SPORTSMAN 800 FOREST EFI 6X6 2012 2014<br \/>\nPOLARIS SPORTSMAN 800 TOURING EFI 4X4 2008 2009 FRONT\/REAR i EFI GT<br \/>\nPOLARIS SPORTSMAN 800 X2 4X4 EFI 2007 2009 FRONT\/REAR 4&#215;4<br \/>\nPOLARIS SPORTSMAN ACE 325 2014 2016<br \/>\nPOLARIS SPORTSMAN ACE 500 2017 2019<br \/>\nPOLARIS TRAIL BLAZER 330 2010 2013 FRONT\/REAR<br \/>\nPOLARIS TRAIL BOSS 250 4X4 1995 1995<br \/>\nPOLARIS TRAIL BOSS 330 2010 2013 FRONT w\/AT<br \/>\nPOLARIS XPEDITION 325 4X4 2000 2002 FRONT EFI<br \/>\nPOLARIS XPEDITION 425 4X4 2000 2002 FRONT\/REA<\/p>","protected":false},"featured_media":9694,"comment_status":"open","ping_status":"closed","template":"","meta":{"_acf_changed":false},"demonterat-fordon":[],"fordons-typ":[642],"make":[636],"parts-filter":[],"prod-typ":[717],"tillverkare":[855],"product_brand":[],"product_cat":[1010,277],"product_tag":[],"class_list":{"0":"post-9880","1":"product","2":"type-product","3":"status-publish","4":"has-post-thumbnail","6":"fordons-typ-atv-utv","7":"make-polaris","8":"prod-typ-ny","9":"tillverkare-bronco","10":"product_cat-hjullager-drivetrain-bearings-seals","11":"product_cat-lager","13":"first","14":"instock","15":"taxable","16":"shipping-taxable","17":"purchasable","18":"product-type-simple"},"acf":[],"_links":{"self":[{"href":"https:\/\/whitepowder.se\/en\/wp-json\/wp\/v2\/product\/9880","targetHints":{"allow":["GET"]}}],"collection":[{"href":"https:\/\/whitepowder.se\/en\/wp-json\/wp\/v2\/product"}],"about":[{"href":"https:\/\/whitepowder.se\/en\/wp-json\/wp\/v2\/types\/product"}],"replies":[{"embeddable":true,"href":"https:\/\/whitepowder.se\/en\/wp-json\/wp\/v2\/comments?post=9880"}],"wp:featuredmedia":[{"embeddable":true,"href":"https:\/\/whitepowder.se\/en\/wp-json\/wp\/v2\/media\/9694"}],"wp:attachment":[{"href":"https:\/\/whitepowder.se\/en\/wp-json\/wp\/v2\/media?parent=9880"}],"wp:term":[{"taxonomy":"demonterat-fordon","embeddable":true,"href":"https:\/\/whitepowder.se\/en\/wp-json\/wp\/v2\/demonterat-fordon?post=9880"},{"taxonomy":"fordons-typ","embeddable":true,"href":"https:\/\/whitepowder.se\/en\/wp-json\/wp\/v2\/fordons-typ?post=9880"},{"taxonomy":"make","embeddable":true,"href":"https:\/\/whitepowder.se\/en\/wp-json\/wp\/v2\/make?post=9880"},{"taxonomy":"parts-filter","embeddable":true,"href":"https:\/\/whitepowder.se\/en\/wp-json\/wp\/v2\/parts-filter?post=9880"},{"taxonomy":"prod-typ","embeddable":true,"href":"https:\/\/whitepowder.se\/en\/wp-json\/wp\/v2\/prod-typ?post=9880"},{"taxonomy":"tillverkare","embeddable":true,"href":"https:\/\/whitepowder.se\/en\/wp-json\/wp\/v2\/tillverkare?post=9880"},{"taxonomy":"product_brand","embeddable":true,"href":"https:\/\/whitepowder.se\/en\/wp-json\/wp\/v2\/product_brand?post=9880"},{"taxonomy":"product_cat","embeddable":true,"href":"https:\/\/whitepowder.se\/en\/wp-json\/wp\/v2\/product_cat?post=9880"},{"taxonomy":"product_tag","embeddable":true,"href":"https:\/\/whitepowder.se\/en\/wp-json\/wp\/v2\/product_tag?post=9880"}],"curies":[{"name":"wp","href":"https:\/\/api.w.org\/{rel}","templated":true}]}}