{"id":9886,"date":"2024-06-27T16:52:13","date_gmt":"2024-06-27T14:52:13","guid":{"rendered":"https:\/\/whitepowder.se\/?post_type=product&#038;p=9886"},"modified":"2024-09-10T12:22:21","modified_gmt":"2024-09-10T10:22:21","slug":"bronco-79-07457-carburator-flange-yamaha","status":"publish","type":"product","link":"https:\/\/whitepowder.se\/en\/bronco-79-07457-carburator-flange-yamaha\/","title":{"rendered":"Bronco 79-07457 &#8211; Carburator Flange &#8211; F\u00f6rgasarf\u00e4ste Yamaha"},"content":{"rendered":"<p>Bronco 79-07457 F\u00f6rgasarf\u00e4ste Yamaha<\/p>\n<p>Ers\u00e4tter original dels nummer: 5GH-13586-00-00<\/p>\n<p>2000-04tYFM400A KODIAK 2WDt<br \/>\n2000-06tYFM400F KODIAK 4WDt<br \/>\n2007-08tYFM4FG GRIZZLY 400 4WDt<br \/>\n2003-06tYFM450F KODIAK 4WDt<br \/>\n2006-09tYFM450FX WOLVERINE 4WDt<br \/>\n2007-12tYFM45FG GRIZZLY 450t<\/p>","protected":false},"excerpt":{"rendered":"<p>Bronco 79-07457 Passar enligt tillverkaren p\u00e5 :<br \/>\nM\u00e4rke Modell Fr\u00e5n \u00e5r Till \u00e5r Till\u00e4ggsinfo<br \/>\nYAMAHA GRIZZLY 400 4X4 2007 2008<br \/>\nYAMAHA GRIZZLY 450 4X4 2007 2014<br \/>\nYAMAHA KODIAK 400 2X4 2000 2004<br \/>\nYAMAHA KODIAK 400 2X4 AUTO 2000 2004<br \/>\nYAMAHA KODIAK 400 4X4 2000 2006<br \/>\nYAMAHA KODIAK 400 4X4 AUTO 2000 2006<br \/>\nYAMAHA KODIAK 450 4X4 2003 2006<br \/>\nYAMAHA KODIAK 450 4X4 AUTO 2003 2006<br \/>\nYAMAHA WOLVERINE 450 4X4 2006 2007<\/p>","protected":false},"featured_media":9689,"comment_status":"open","ping_status":"closed","template":"","meta":{"_acf_changed":false},"demonterat-fordon":[],"fordons-typ":[642],"make":[631],"parts-filter":[],"prod-typ":[717],"tillverkare":[855],"product_brand":[],"product_cat":[73],"product_tag":[],"class_list":{"0":"post-9886","1":"product","2":"type-product","3":"status-publish","4":"has-post-thumbnail","6":"fordons-typ-atv-utv","7":"make-yamaha","8":"prod-typ-ny","9":"tillverkare-bronco","10":"product_cat-reed","12":"first","13":"instock","14":"taxable","15":"shipping-taxable","16":"purchasable","17":"product-type-simple"},"acf":[],"_links":{"self":[{"href":"https:\/\/whitepowder.se\/en\/wp-json\/wp\/v2\/product\/9886","targetHints":{"allow":["GET"]}}],"collection":[{"href":"https:\/\/whitepowder.se\/en\/wp-json\/wp\/v2\/product"}],"about":[{"href":"https:\/\/whitepowder.se\/en\/wp-json\/wp\/v2\/types\/product"}],"replies":[{"embeddable":true,"href":"https:\/\/whitepowder.se\/en\/wp-json\/wp\/v2\/comments?post=9886"}],"wp:featuredmedia":[{"embeddable":true,"href":"https:\/\/whitepowder.se\/en\/wp-json\/wp\/v2\/media\/9689"}],"wp:attachment":[{"href":"https:\/\/whitepowder.se\/en\/wp-json\/wp\/v2\/media?parent=9886"}],"wp:term":[{"taxonomy":"demonterat-fordon","embeddable":true,"href":"https:\/\/whitepowder.se\/en\/wp-json\/wp\/v2\/demonterat-fordon?post=9886"},{"taxonomy":"fordons-typ","embeddable":true,"href":"https:\/\/whitepowder.se\/en\/wp-json\/wp\/v2\/fordons-typ?post=9886"},{"taxonomy":"make","embeddable":true,"href":"https:\/\/whitepowder.se\/en\/wp-json\/wp\/v2\/make?post=9886"},{"taxonomy":"parts-filter","embeddable":true,"href":"https:\/\/whitepowder.se\/en\/wp-json\/wp\/v2\/parts-filter?post=9886"},{"taxonomy":"prod-typ","embeddable":true,"href":"https:\/\/whitepowder.se\/en\/wp-json\/wp\/v2\/prod-typ?post=9886"},{"taxonomy":"tillverkare","embeddable":true,"href":"https:\/\/whitepowder.se\/en\/wp-json\/wp\/v2\/tillverkare?post=9886"},{"taxonomy":"product_brand","embeddable":true,"href":"https:\/\/whitepowder.se\/en\/wp-json\/wp\/v2\/product_brand?post=9886"},{"taxonomy":"product_cat","embeddable":true,"href":"https:\/\/whitepowder.se\/en\/wp-json\/wp\/v2\/product_cat?post=9886"},{"taxonomy":"product_tag","embeddable":true,"href":"https:\/\/whitepowder.se\/en\/wp-json\/wp\/v2\/product_tag?post=9886"}],"curies":[{"name":"wp","href":"https:\/\/api.w.org\/{rel}","templated":true}]}}