{"id":9889,"date":"2024-06-27T16:52:10","date_gmt":"2024-06-27T14:52:10","guid":{"rendered":"https:\/\/whitepowder.se\/?post_type=product&#038;p=9889"},"modified":"2024-09-10T12:21:45","modified_gmt":"2024-09-10T10:21:45","slug":"bronco-au-04449-heavy-duty-gas-shock-rear-grizzly","status":"publish","type":"product","link":"https:\/\/whitepowder.se\/en\/bronco-au-04449-heavy-duty-gas-shock-rear-grizzly\/","title":{"rendered":"Bronco AU-04449 &#8211; Heavy duty gas shock &#8211; rear 2014-19 GRIZZLY 700"},"content":{"rendered":"<p>Bronco AU-04449 Gas st\u00f6td\u00e4mpare bakre Yamaha<\/p>\n<p>cc m\u00e5tt 45cm<\/p>\n<p>Possition: Bak<br \/>\nGRIZZLY 700 4WDt2014-15<br \/>\nGRIZZLY 700 EPS\/AWDt2016-18<\/p>","protected":false},"excerpt":{"rendered":"<p>Bronco AU-04449 Passar enligt tillverkaren p\u00e5 :<br \/>\nM\u00e4rke Modell Fr\u00e5n \u00e5r Till \u00e5r<br \/>\nYAMAHA GRIZZLY 700 4X4 2014 2020<br \/>\nYAMAHA GRIZZLY 700 EPS XT-R 2016 2020<\/p>","protected":false},"featured_media":9682,"comment_status":"open","ping_status":"closed","template":"","meta":{"_acf_changed":false},"demonterat-fordon":[],"fordons-typ":[642],"make":[631],"parts-filter":[],"prod-typ":[717],"tillverkare":[855],"product_brand":[],"product_cat":[615],"product_tag":[],"class_list":{"0":"post-9889","1":"product","2":"type-product","3":"status-publish","4":"has-post-thumbnail","6":"fordons-typ-atv-utv","7":"make-yamaha","8":"prod-typ-ny","9":"tillverkare-bronco","10":"product_cat-rear-shock","12":"first","13":"instock","14":"taxable","15":"shipping-taxable","16":"purchasable","17":"product-type-simple"},"acf":[],"_links":{"self":[{"href":"https:\/\/whitepowder.se\/en\/wp-json\/wp\/v2\/product\/9889","targetHints":{"allow":["GET"]}}],"collection":[{"href":"https:\/\/whitepowder.se\/en\/wp-json\/wp\/v2\/product"}],"about":[{"href":"https:\/\/whitepowder.se\/en\/wp-json\/wp\/v2\/types\/product"}],"replies":[{"embeddable":true,"href":"https:\/\/whitepowder.se\/en\/wp-json\/wp\/v2\/comments?post=9889"}],"wp:featuredmedia":[{"embeddable":true,"href":"https:\/\/whitepowder.se\/en\/wp-json\/wp\/v2\/media\/9682"}],"wp:attachment":[{"href":"https:\/\/whitepowder.se\/en\/wp-json\/wp\/v2\/media?parent=9889"}],"wp:term":[{"taxonomy":"demonterat-fordon","embeddable":true,"href":"https:\/\/whitepowder.se\/en\/wp-json\/wp\/v2\/demonterat-fordon?post=9889"},{"taxonomy":"fordons-typ","embeddable":true,"href":"https:\/\/whitepowder.se\/en\/wp-json\/wp\/v2\/fordons-typ?post=9889"},{"taxonomy":"make","embeddable":true,"href":"https:\/\/whitepowder.se\/en\/wp-json\/wp\/v2\/make?post=9889"},{"taxonomy":"parts-filter","embeddable":true,"href":"https:\/\/whitepowder.se\/en\/wp-json\/wp\/v2\/parts-filter?post=9889"},{"taxonomy":"prod-typ","embeddable":true,"href":"https:\/\/whitepowder.se\/en\/wp-json\/wp\/v2\/prod-typ?post=9889"},{"taxonomy":"tillverkare","embeddable":true,"href":"https:\/\/whitepowder.se\/en\/wp-json\/wp\/v2\/tillverkare?post=9889"},{"taxonomy":"product_brand","embeddable":true,"href":"https:\/\/whitepowder.se\/en\/wp-json\/wp\/v2\/product_brand?post=9889"},{"taxonomy":"product_cat","embeddable":true,"href":"https:\/\/whitepowder.se\/en\/wp-json\/wp\/v2\/product_cat?post=9889"},{"taxonomy":"product_tag","embeddable":true,"href":"https:\/\/whitepowder.se\/en\/wp-json\/wp\/v2\/product_tag?post=9889"}],"curies":[{"name":"wp","href":"https:\/\/api.w.org\/{rel}","templated":true}]}}