{"id":9906,"date":"2024-06-27T16:51:55","date_gmt":"2024-06-27T14:51:55","guid":{"rendered":"https:\/\/whitepowder.se\/?post_type=product&#038;p=9906"},"modified":"2024-09-10T12:20:11","modified_gmt":"2024-09-10T10:20:11","slug":"epi-we241028-rullsats-variator-yamaha-28g","status":"publish","type":"product","link":"https:\/\/whitepowder.se\/en\/epi-we241028-rullsats-variator-yamaha-28g\/","title":{"rendered":"EPI WE241028 &#8211; Rullsats variator Yamaha 28g"},"content":{"rendered":"<p>EPI WE241028 Roller Weights &#8211; Rullsats variator 28 Grams Yamaha<\/p>\n<p>Fits:<br \/>\nYamaha<br \/>\n350 Bruin, 450\/750 Wolverine, All Grizzlys, All Kodiaks, All Rhinos, All Vikings, 850 Wolverine X2 \/ X4<\/p>\n<p>* 28 Gram weights<br \/>\n* Fine tune your upshift and peak RPM<br \/>\n* 8 pack<\/p>","protected":false},"excerpt":{"rendered":"<p>EPI WE241028 Passar enligt tillverkaren p\u00e5 :<br \/>\nM\u00e4rke Modell Fr\u00e5n \u00e5r Till \u00e5r<br \/>\nYAMAHA BRUIN 350 2X4 2004 2005<br \/>\nYAMAHA BRUIN 350 4X4 2004 2005<br \/>\nYAMAHA GRIZZLY 300 2X4 2014 2015<br \/>\nYAMAHA GRIZZLY 350 2X4 2015 2015<br \/>\nYAMAHA GRIZZLY 350 4X4 2015 2015<br \/>\nYAMAHA GRIZZLY 450 4X4 2007 2015<br \/>\nYAMAHA GRIZZLY 550 4X4 2015 2015<br \/>\nYAMAHA GRIZZLY 700 4X4 2015 2015<br \/>\nYAMAHA KODIAK 450F 4X4 2003 2006<br \/>\nYAMAHA RHINO 450 4X4 2006 2009<br \/>\nYAMAHA RHINO 700 4X4 2014 2015<br \/>\nYAMAHA WOLVERINE 450 4X4 2006 2010<\/p>","protected":false},"featured_media":9657,"comment_status":"open","ping_status":"closed","template":"","meta":{"_acf_changed":false},"demonterat-fordon":[],"fordons-typ":[642],"make":[631],"parts-filter":[],"prod-typ":[717],"tillverkare":[963],"product_brand":[],"product_cat":[400],"product_tag":[],"class_list":{"0":"post-9906","1":"product","2":"type-product","3":"status-publish","4":"has-post-thumbnail","6":"fordons-typ-atv-utv","7":"make-yamaha","8":"prod-typ-ny","9":"tillverkare-epi","10":"product_cat-vikter","12":"first","13":"instock","14":"taxable","15":"shipping-taxable","16":"purchasable","17":"product-type-simple"},"acf":[],"_links":{"self":[{"href":"https:\/\/whitepowder.se\/en\/wp-json\/wp\/v2\/product\/9906","targetHints":{"allow":["GET"]}}],"collection":[{"href":"https:\/\/whitepowder.se\/en\/wp-json\/wp\/v2\/product"}],"about":[{"href":"https:\/\/whitepowder.se\/en\/wp-json\/wp\/v2\/types\/product"}],"replies":[{"embeddable":true,"href":"https:\/\/whitepowder.se\/en\/wp-json\/wp\/v2\/comments?post=9906"}],"wp:featuredmedia":[{"embeddable":true,"href":"https:\/\/whitepowder.se\/en\/wp-json\/wp\/v2\/media\/9657"}],"wp:attachment":[{"href":"https:\/\/whitepowder.se\/en\/wp-json\/wp\/v2\/media?parent=9906"}],"wp:term":[{"taxonomy":"demonterat-fordon","embeddable":true,"href":"https:\/\/whitepowder.se\/en\/wp-json\/wp\/v2\/demonterat-fordon?post=9906"},{"taxonomy":"fordons-typ","embeddable":true,"href":"https:\/\/whitepowder.se\/en\/wp-json\/wp\/v2\/fordons-typ?post=9906"},{"taxonomy":"make","embeddable":true,"href":"https:\/\/whitepowder.se\/en\/wp-json\/wp\/v2\/make?post=9906"},{"taxonomy":"parts-filter","embeddable":true,"href":"https:\/\/whitepowder.se\/en\/wp-json\/wp\/v2\/parts-filter?post=9906"},{"taxonomy":"prod-typ","embeddable":true,"href":"https:\/\/whitepowder.se\/en\/wp-json\/wp\/v2\/prod-typ?post=9906"},{"taxonomy":"tillverkare","embeddable":true,"href":"https:\/\/whitepowder.se\/en\/wp-json\/wp\/v2\/tillverkare?post=9906"},{"taxonomy":"product_brand","embeddable":true,"href":"https:\/\/whitepowder.se\/en\/wp-json\/wp\/v2\/product_brand?post=9906"},{"taxonomy":"product_cat","embeddable":true,"href":"https:\/\/whitepowder.se\/en\/wp-json\/wp\/v2\/product_cat?post=9906"},{"taxonomy":"product_tag","embeddable":true,"href":"https:\/\/whitepowder.se\/en\/wp-json\/wp\/v2\/product_tag?post=9906"}],"curies":[{"name":"wp","href":"https:\/\/api.w.org\/{rel}","templated":true}]}}